{"id":10061,"date":"2026-04-16T12:17:42","date_gmt":"2026-04-16T10:17:42","guid":{"rendered":"https:\/\/golfecoledelair.fr\/?page_id=10061"},"modified":"2026-04-16T14:42:31","modified_gmt":"2026-04-16T12:42:31","slug":"coupe-de-lecole-de-lair-et-de-lespace-2026","status":"publish","type":"page","link":"https:\/\/golfecoledelair.fr\/index.php\/coupe-de-lecole-de-lair-et-de-lespace-2026\/","title":{"rendered":"Coupe de l&rsquo;\u00c9cole de l&rsquo;Air et de l&rsquo;Espace 2026"},"content":{"rendered":"<h5 style=\"text-align: left;\"><span style=\"color: #000000;\">Coupe de l\u2019\u00c9cole de l&rsquo;Air et de l&rsquo;Espace 2026<\/span><\/h5>\n<p style=\"text-align: center;\" data-wp-editing=\"1\"><img loading=\"lazy\" decoding=\"async\" class=\"alignnone wp-image-10071 size-medium\" src=\"https:\/\/golfecoledelair.fr\/wp-content\/uploads\/2026\/04\/Coupe-EAE-8c-300x300.png\" alt=\"\" width=\"300\" height=\"300\" srcset=\"https:\/\/golfecoledelair.fr\/wp-content\/uploads\/2026\/04\/Coupe-EAE-8c-300x300.png 300w, https:\/\/golfecoledelair.fr\/wp-content\/uploads\/2026\/04\/Coupe-EAE-8c-150x150.png 150w, https:\/\/golfecoledelair.fr\/wp-content\/uploads\/2026\/04\/Coupe-EAE-8c.png 500w\" sizes=\"auto, (max-width: 300px) 100vw, 300px\" \/><span style=\"color: #ffffff;\">*<\/span><\/p>\n<p>La coupe de l\u2019<span style=\"color: #333333;\">\u00c9<\/span>cole de l\u2019Air et de l\u2019Espace se d\u00e9roulera les <span style=\"color: #000080;\"><strong>mercredi 3, jeudi 4 et vendredi 5 juin 2026<\/strong><\/span>\u00a0sur le Golf de la Base a\u00e9rienne 701 (1 jour de reconnaissance du parcours + 2 jours de comp\u00e9tition).<\/p>\n<p>Elle est ouverte au personnel militaire d\u2019active de l\u2019Arm\u00e9e de l\u2019Air et de l\u2019Espace et sur invitation pour les autres arm\u00e9es et la D\u00e9l\u00e9gation G\u00e9n\u00e9rale pour l\u2019Armement.<\/p>\n<p style=\"text-align: center;\"><img loading=\"lazy\" decoding=\"async\" class=\"aligncenter wp-image-2206 \" src=\"https:\/\/golfecoledelair.fr\/wp-content\/uploads\/2022\/06\/Golfeur-mixte01-150x150.png\" alt=\". .\" width=\"75\" height=\"75\" \/><\/p>\n<h6 style=\"text-align: center;\"><a href=\"https:\/\/golfecoledelair.fr\/coupe%20eae\/eae 2026\/modalit\u00e9s eae 26.pdf\" data-wplink-url-error=\"true\"><span style=\"color: #0000ff;\"><strong>Modalit\u00e9s et programme de principe<\/strong><\/span><\/a><\/h6>\n<p><img loading=\"lazy\" decoding=\"async\" class=\"aligncenter wp-image-2206 \" src=\"https:\/\/golfecoledelair.fr\/wp-content\/uploads\/2022\/06\/Golfeur-mixte01-150x150.png\" alt=\". .\" width=\"75\" height=\"75\" \/><\/p>\n<p style=\"text-align: center;\"><img loading=\"lazy\" decoding=\"async\" class=\"alignnone wp-image-8173 size-large\" src=\"https:\/\/golfecoledelair.fr\/wp-content\/uploads\/2025\/05\/Coupe-EAE-25-00-1024x619.jpg\" alt=\"\" width=\"1024\" height=\"619\" srcset=\"https:\/\/golfecoledelair.fr\/wp-content\/uploads\/2025\/05\/Coupe-EAE-25-00-1024x619.jpg 1024w, https:\/\/golfecoledelair.fr\/wp-content\/uploads\/2025\/05\/Coupe-EAE-25-00-300x181.jpg 300w, https:\/\/golfecoledelair.fr\/wp-content\/uploads\/2025\/05\/Coupe-EAE-25-00-768x464.jpg 768w, https:\/\/golfecoledelair.fr\/wp-content\/uploads\/2025\/05\/Coupe-EAE-25-00-1536x929.jpg 1536w, https:\/\/golfecoledelair.fr\/wp-content\/uploads\/2025\/05\/Coupe-EAE-25-00-2048x1238.jpg 2048w, https:\/\/golfecoledelair.fr\/wp-content\/uploads\/2025\/05\/Coupe-EAE-25-00-496x300.jpg 496w\" sizes=\"auto, (max-width: 1024px) 100vw, 1024px\" \/><\/p>\n<p style=\"text-align: center;\"><strong><a href=\"https:\/\/golfecoledelair.fr\/coupe%20eae\/eae 2026\/d\u00e9parts1.pdf\">D\u00e9parts du 4 juin 2026<\/a><\/strong><\/p>\n<h6 style=\"text-align: center;\"><strong><a href=\"http:\/\/golfecoledelair.fr\/coupe%20eae\/eae%202026\/r\u00e9sultats1.pdf\">Classement 1er tour Brut &amp; Net<\/a><\/strong><\/h6>\n<h6 style=\"text-align: center;\"><strong><a href=\"https:\/\/golfecoledelair.fr\/coupe%20eae\/eae 2026\/d\u00e9parts2.pdf\">D\u00e9parts du 5 juin 2026<\/a><\/strong><\/h6>\n<h6 style=\"text-align: center;\"><strong>\u00a0<\/strong><strong><a href=\"http:\/\/golfecoledelair.fr\/coupe%20eae\/eae%202026\/r\u00e9sultats2.pdf\">R\u00e9sultats tours 1 &amp; 2, Classement g\u00e9n\u00e9ral individuel Brut &amp; Net<\/a>\u00a0<\/strong><\/h6>\n<h6 style=\"text-align: center;\"><strong><a href=\"http:\/\/golfecoledelair.fr\/coupe%20eae\/eae%202026\/vainqueurs.pdf\">\u00c9quipe vainqueur<\/a><\/strong><\/h6>\n<p style=\"text-align: center;\">\t\t<div id=\"album_gallery_4319\"\n\t\t\tclass=\"awp_center\">\n\t\t\t\t\t\t\t<div class=\" col-md-4 col-lg-4 col-sm-4 col-xs-6 \n\t\t\t\t\t\t\">\n\t\t\t\t\t\t\t\t\t\t\t<!-- None Effect -->\n\t\t\t\t\t\t<a href=\"\n\t\t\t\t\thttps:\/\/golfecoledelair.fr\/wp-content\/uploads\/2021\/09\/Golfeuse02.png\t\t\t\t\t\" \t\t\t\t\t\t\tclass=\"swipebox-4319\" title=\"Golfeuse02\">\n\t\t\t\t\t\t\t<img decoding=\"async\" src=\"https:\/\/golfecoledelair.fr\/wp-content\/uploads\/2021\/09\/Golfeuse02.png\" class=\"animated wobble\"\n\t\t\t\t\t\t\t\talt=\"Golfeuse02\">\n\t\t\t\t\t\t<\/a>\n\t\t\t\t\t\t\t\t\t<\/div>\n\t\t\t\t\t<\/div>\n<style>\n\t.awp_center {\n\t\ttext-align: center !important;\n\t}\n\n\t.fifth-effect .mask {\n\t\tborder: 100px solid rgba(0, 0, 0, 0.7);\n\t}\n\n\t.col-lg-12 .stack {\n\t\tmargin: 3% 36%;\n\t}\n\n\t.col-lg-12 .view {\n\t\tmargin: 5% 37%;\n\t}\n\n\t.col-lg-6 .stack {\n\t\tmargin: 6% 22%;\n\t}\n\n\t.col-lg-6 .view {\n\t\tmargin: 5% 22%;\n\t}\n\n\t.col-lg-4 .stack {\n\t\tmargin: 10% 7%;\n\t}\n\n\t.col-lg-4 .view {\n\t\tmargin: 5% 6%;\n\t}\n\n\t.col-lg-3 .stack {\n\t\tmargin: 15% 3%;\n\t}\n\n\t.col-lg-3 .view {\n\t\tmargin: 5% 1%;\n\t}\n\n\n\t.fifth-effect .mask {\n\t\tborder: 100px solid rgba(0, 0, 0, 0.7);\n\t}\n\n\t.fifth-effect .mask {\n\t\tborder: 100px solid rgba(0, 0, 0, 0.7);\n\t}\n\n\t.view {\n\t\tmargin: 0 0 5% 0%;\n\t\tmargin: 5% 0%;\n\t\t\t}\n\n\t.mask {\n\t\tcursor: pointer;\n\t}\n<\/style>\n<script type=\"application\/javascript\">\n\tjQuery(document).ready(function() {\n\t\t\/\/ PhotoBox\n\t\tjQuery('#album_gallery_4319').photobox('a');\n\t\t\/\/ or with a fancier selector and some settings, and a callback:\n\t\tjQuery('#album_gallery_4319').photobox('a:first', {\n\t\t\tthumbs: false,\n\t\t\ttime: 0\n\t\t}, imageLoaded);\n\n\t\tfunction imageLoaded() {\n\t\t\tconsole.log('image has been loaded...');\n\t\t}\n\n\n\t\t\/\/Isotope function for masonary\n\t\tvar $grid = jQuery('.album_gallery_main').isotope({\n\t\t\t\/\/ options...\n\t\t\titemSelector: '.album_gallery_single',\n\t\t});\n\t\t\/\/ layout Isotope after each image loads\n\t\t$grid.imagesLoaded().progress(function() {\n\t\t\t$grid.isotope('layout');\n\t\t});\n\t});\n<\/script> \t\t<div id=\"album_gallery_10081\"\n\t\t\tclass=\"awp_center\">\n\t\t\t\t\t\t\t<div class=\" col-md-4 col-lg-4 col-sm-4 col-xs-6 \n\t\t\t\t\t\t\">\n\t\t\t\t\t\n\t\t\t\t\t\t<!-- Stacks Hover Effect -->\n\t\t\t\t\t\t<a href=\"https:\/\/golfecoledelair.fr\/wp-content\/uploads\/2026\/04\/Coupe-EAE-8c.png\t\t\t\t\t\" \t\t\t\t\t\t\tclass=\"swipebox-10081\" title=\"Coupe EAE (8)c\">\n\t\t\t\t\t\t\t<div class=\"group\">\n\t\t\t\t\t\t\t\t<div class=\"stack twisted animated wobble\">\n\t\t\t\t\t\t\t\t\t<img decoding=\"async\" src=\"https:\/\/golfecoledelair.fr\/wp-content\/uploads\/2026\/04\/Coupe-EAE-8c-300x300.png\" alt=\"Coupe EAE (8)c\">\n\t\t\t\t\t\t\t\t<\/div>\n\t\t\t\t\t\t\t<\/div>\n\t\t\t\t\t\t<\/a>\n\t\t\t\t\t\t\t\t\t<\/div>\n\t\t\t\t\t<\/div>\n<style>\n\t.awp_center {\n\t\ttext-align: center !important;\n\t}\n\n\t.fifth-effect .mask {\n\t\tborder: 100px solid rgba(0, 0, 0, 0.7);\n\t}\n\n\t.col-lg-12 .stack {\n\t\tmargin: 3% 36%;\n\t}\n\n\t.col-lg-12 .view {\n\t\tmargin: 5% 37%;\n\t}\n\n\t.col-lg-6 .stack {\n\t\tmargin: 6% 22%;\n\t}\n\n\t.col-lg-6 .view {\n\t\tmargin: 5% 22%;\n\t}\n\n\t.col-lg-4 .stack {\n\t\tmargin: 10% 7%;\n\t}\n\n\t.col-lg-4 .view {\n\t\tmargin: 5% 6%;\n\t}\n\n\t.col-lg-3 .stack {\n\t\tmargin: 15% 3%;\n\t}\n\n\t.col-lg-3 .view {\n\t\tmargin: 5% 1%;\n\t}\n\n\n\t.fifth-effect .mask {\n\t\tborder: 100px solid rgba(0, 0, 0, 0.7);\n\t}\n\n\t.fifth-effect .mask {\n\t\tborder: 100px solid rgba(0, 0, 0, 0.7);\n\t}\n\n\t.view {\n\t\tmargin: 0 0 5% 0%;\n\t\tmargin: 5% 0%;\n\t\t\t}\n\n\t.mask {\n\t\tcursor: pointer;\n\t}\n<\/style>\n<script type=\"application\/javascript\">\n\tjQuery(document).ready(function() {\n\t\t\/\/ PhotoBox\n\t\tjQuery('#album_gallery_10081').photobox('a');\n\t\t\/\/ or with a fancier selector and some settings, and a callback:\n\t\tjQuery('#album_gallery_10081').photobox('a:first', {\n\t\t\tthumbs: false,\n\t\t\ttime: 0\n\t\t}, imageLoaded);\n\n\t\tfunction imageLoaded() {\n\t\t\tconsole.log('image has been loaded...');\n\t\t}\n\n\n\t\t\/\/Isotope function for masonary\n\t\tvar $grid = jQuery('.album_gallery_main').isotope({\n\t\t\t\/\/ options...\n\t\t\titemSelector: '.album_gallery_single',\n\t\t});\n\t\t\/\/ layout Isotope after each image loads\n\t\t$grid.imagesLoaded().progress(function() {\n\t\t\t$grid.isotope('layout');\n\t\t});\n\t});\n<\/script> \t\t<div id=\"album_gallery_4326\"\n\t\t\tclass=\"awp_center\">\n\t\t\t\t\t\t\t<div class=\" col-md-4 col-lg-4 col-sm-4 col-xs-6 \n\t\t\t\t\t\t\">\n\t\t\t\t\t\t\t\t\t\t\t<!-- None Effect -->\n\t\t\t\t\t\t<a href=\"\n\t\t\t\t\thttps:\/\/golfecoledelair.fr\/wp-content\/uploads\/2021\/09\/Golfeur02b.png\t\t\t\t\t\" \t\t\t\t\t\t\tclass=\"swipebox-4326\" title=\"Golfeur02b\">\n\t\t\t\t\t\t\t<img decoding=\"async\" src=\"https:\/\/golfecoledelair.fr\/wp-content\/uploads\/2021\/09\/Golfeur02b.png\" class=\"animated wobble\"\n\t\t\t\t\t\t\t\talt=\"Golfeur02b\">\n\t\t\t\t\t\t<\/a>\n\t\t\t\t\t\t\t\t\t<\/div>\n\t\t\t\t\t<\/div>\n<style>\n\t.awp_center {\n\t\ttext-align: center !important;\n\t}\n\n\t.fifth-effect .mask {\n\t\tborder: 100px solid rgba(0, 0, 0, 0.7);\n\t}\n\n\t.col-lg-12 .stack {\n\t\tmargin: 3% 36%;\n\t}\n\n\t.col-lg-12 .view {\n\t\tmargin: 5% 37%;\n\t}\n\n\t.col-lg-6 .stack {\n\t\tmargin: 6% 22%;\n\t}\n\n\t.col-lg-6 .view {\n\t\tmargin: 5% 22%;\n\t}\n\n\t.col-lg-4 .stack {\n\t\tmargin: 10% 7%;\n\t}\n\n\t.col-lg-4 .view {\n\t\tmargin: 5% 6%;\n\t}\n\n\t.col-lg-3 .stack {\n\t\tmargin: 15% 3%;\n\t}\n\n\t.col-lg-3 .view {\n\t\tmargin: 5% 1%;\n\t}\n\n\n\t.fifth-effect .mask {\n\t\tborder: 100px solid rgba(0, 0, 0, 0.7);\n\t}\n\n\t.fifth-effect .mask {\n\t\tborder: 100px solid rgba(0, 0, 0, 0.7);\n\t}\n\n\t.view {\n\t\tmargin: 0 0 5% 0%;\n\t\tmargin: 5% 0%;\n\t\t\t}\n\n\t.mask {\n\t\tcursor: pointer;\n\t}\n<\/style>\n<script type=\"application\/javascript\">\n\tjQuery(document).ready(function() {\n\t\t\/\/ PhotoBox\n\t\tjQuery('#album_gallery_4326').photobox('a');\n\t\t\/\/ or with a fancier selector and some settings, and a callback:\n\t\tjQuery('#album_gallery_4326').photobox('a:first', {\n\t\t\tthumbs: false,\n\t\t\ttime: 0\n\t\t}, imageLoaded);\n\n\t\tfunction imageLoaded() {\n\t\t\tconsole.log('image has been loaded...');\n\t\t}\n\n\n\t\t\/\/Isotope function for masonary\n\t\tvar $grid = jQuery('.album_gallery_main').isotope({\n\t\t\t\/\/ options...\n\t\t\titemSelector: '.album_gallery_single',\n\t\t});\n\t\t\/\/ layout Isotope after each image loads\n\t\t$grid.imagesLoaded().progress(function() {\n\t\t\t$grid.isotope('layout');\n\t\t});\n\t});\n<\/script><\/p>\n\n\n<p><\/p>\n","protected":false},"excerpt":{"rendered":"<p>Coupe de l\u2019\u00c9cole de l&rsquo;Air et de l&rsquo;Espace 2026 * La coupe de l\u2019\u00c9cole de l\u2019Air et de l\u2019Espace se d\u00e9roulera les mercredi 3, jeudi &hellip;<\/p>\n","protected":false},"author":1,"featured_media":10050,"parent":0,"menu_order":0,"comment_status":"closed","ping_status":"closed","template":"","meta":{"om_disable_all_campaigns":false,"_monsterinsights_skip_tracking":false,"_monsterinsights_sitenote_active":false,"_monsterinsights_sitenote_note":"","_monsterinsights_sitenote_category":0,"footnotes":""},"class_list":["post-10061","page","type-page","status-publish","has-post-thumbnail","hentry"],"aioseo_notices":[],"_links":{"self":[{"href":"https:\/\/golfecoledelair.fr\/index.php\/wp-json\/wp\/v2\/pages\/10061","targetHints":{"allow":["GET"]}}],"collection":[{"href":"https:\/\/golfecoledelair.fr\/index.php\/wp-json\/wp\/v2\/pages"}],"about":[{"href":"https:\/\/golfecoledelair.fr\/index.php\/wp-json\/wp\/v2\/types\/page"}],"author":[{"embeddable":true,"href":"https:\/\/golfecoledelair.fr\/index.php\/wp-json\/wp\/v2\/users\/1"}],"replies":[{"embeddable":true,"href":"https:\/\/golfecoledelair.fr\/index.php\/wp-json\/wp\/v2\/comments?post=10061"}],"version-history":[{"count":15,"href":"https:\/\/golfecoledelair.fr\/index.php\/wp-json\/wp\/v2\/pages\/10061\/revisions"}],"predecessor-version":[{"id":10089,"href":"https:\/\/golfecoledelair.fr\/index.php\/wp-json\/wp\/v2\/pages\/10061\/revisions\/10089"}],"wp:featuredmedia":[{"embeddable":true,"href":"https:\/\/golfecoledelair.fr\/index.php\/wp-json\/wp\/v2\/media\/10050"}],"wp:attachment":[{"href":"https:\/\/golfecoledelair.fr\/index.php\/wp-json\/wp\/v2\/media?parent=10061"}],"curies":[{"name":"wp","href":"https:\/\/api.w.org\/{rel}","templated":true}]}}