{"id":170,"date":"2021-08-14T18:17:23","date_gmt":"2021-08-14T16:17:23","guid":{"rendered":"https:\/\/golfecoledelair.fr\/?page_id=170"},"modified":"2026-02-10T15:26:56","modified_gmt":"2026-02-10T14:26:56","slug":"competitions-equipes-messieurs","status":"publish","type":"page","link":"https:\/\/golfecoledelair.fr\/index.php\/competitions-equipes-messieurs\/","title":{"rendered":"Comp\u00e9titions Ligue PACA Messieurs"},"content":{"rendered":"<h5><strong>Comp\u00e9titions ligue<\/strong> Provence-Alpes-C\u00f4te d\u2019Azur Messieurs :<\/h5>\n<p style=\"text-align: center;\"><span style=\"color: #ffffff;\">*<\/span><\/p>\n<p style=\"text-align: center;\"><a href=\"https:\/\/liguegolfpaca.org\/wp-content\/uploads\/2026\/01\/Calendrier-Ligue-2026-site-23.01.26.pdf\"><strong>Calendrier 2026<\/strong><\/a><\/p>\n<p style=\"text-align: center;\"><a href=\"https:\/\/liguegolfpaca.org\/wp-content\/uploads\/2025\/12\/58.-Divisions-Ligue.pdf\"><strong>Divisions<\/strong><\/a><\/p>\n<p><img loading=\"lazy\" decoding=\"async\" class=\"wp-image-1093 aligncenter\" src=\"https:\/\/golfecoledelair.fr\/wp-content\/uploads\/2021\/09\/Golfeur02b.png\" alt=\". .\" width=\"56\" height=\"65\" \/><\/p>\n<h6>Organisation :<\/h6>\n<p>Ces comp\u00e9titions rassemblent des clubs de la Ligue Provence-Alpes-C\u00f4te d&rsquo;Azur sur 3 journ\u00e9es afin de d\u00e9terminer quels clubs montent, restent ou descendent de division.<\/p>\n<ul>\n<li>1er jour : reconnaissance du parcours<\/li>\n<li>2\u00e8me jour :\u00a0 comp\u00e9tition en stroke play<\/li>\n<li>3\u00e8me jour : comp\u00e9tition en match play<\/li>\n<\/ul>\n<h6>Composition des \u00e9quipes :<\/h6>\n<p>6 joueurs dont les cartes sont additionn\u00e9es (la 6\u00e8me est utilis\u00e9e pour le d\u00e9partage) afin de d\u00e9terminer le classement et la composition des matchs play du lendemain.<\/p>\n<p>Nota : les index des joueurs participants sont souvent tr\u00e8s bas et m\u00eame n\u00e9gatifs pour certains clubs.<\/p>\n<p><img loading=\"lazy\" decoding=\"async\" class=\"wp-image-1093 aligncenter\" src=\"https:\/\/golfecoledelair.fr\/wp-content\/uploads\/2021\/09\/Golfeur02b.png\" alt=\". .\" width=\"56\" height=\"65\" \/><\/p>\n<ul>\n<li>\n<h5><strong>Championnat de ligue par \u00e9quipes Messieurs (tous \u00e2ges)<\/strong><\/h5>\n<ul>\n<li style=\"list-style-type: none;\">\n<ul>\n<li style=\"list-style-type: none;\">\n<ul>\n<li style=\"list-style-type: none;\">\n<ul>\n<li>Capitaine : <b>Kevin Thibault<\/b><\/li>\n<li><a style=\"font-size: revert; text-indent: 0em;\" href=\"http:\/\/golfecoledelair.fr\/compet \u00e9quipes\/ligue messieurs\/2022-2emedivmessieurs.pdf\">R\u00e9sultats des 9 et 10 avril 2022 Golf de Fr\u00e9gate<\/a><\/li>\n<li><a href=\"http:\/\/golfecoledelair.fr\/compet \u00e9quipes\/ligue messieurs\/2023-2emedivmessieurs.pdf\">R\u00e9sultats des 15 et 16 avril 2023 Golf de Fr\u00e9gate<\/a><\/li>\n<li><a href=\"http:\/\/golfecoledelair.fr\/compet \u00e9quipes\/ligue messieurs\/2024-promomessieurs.pdf\">R\u00e9sultats des 06 et 07 avril 2024 Golf de Sainte Maxime<\/a>\u00a0 \u00a0 \u00a0 \u00a0 \u00a0 \u00a0 \u00a0<a href=\"https:\/\/golfecoledelair.fr\/index.php\/photos-2024\/\">Photos<\/a><\/li>\n<\/ul>\n<\/li>\n<\/ul>\n<\/li>\n<\/ul>\n<\/li>\n<\/ul>\n<\/li>\n<\/ul>\n<p><img loading=\"lazy\" decoding=\"async\" class=\"wp-image-1093 aligncenter\" src=\"https:\/\/golfecoledelair.fr\/wp-content\/uploads\/2021\/09\/Golfeur02b.png\" alt=\". .\" width=\"56\" height=\"65\" \/><\/p>\n<ul>\n<li>\n<h5><strong>Championnat de ligue par \u00e9quipes Mid-Amateur Messieurs (\u00e0 partir de 25 ans)<\/strong><\/h5>\n<ul>\n<li style=\"list-style-type: none;\">\n<ul>\n<li style=\"list-style-type: none;\">\n<ul>\n<li style=\"list-style-type: none;\">\n<ul>\n<li>Capitaine : <strong>Kevin Thibault<\/strong><\/li>\n<li><a href=\"http:\/\/golfecoledelair.fr\/compet \u00e9quipes\/ligue messieurs\/2022-2emedivmidam.pdf\">R\u00e9sultats des 21 et 22 mai 2022 Golf de Riviera Barbossi<\/a><\/li>\n<li><a href=\"http:\/\/golfecoledelair.fr\/compet \u00e9quipes\/ligue messieurs\/2023-2emedivmidam.pdf\">R\u00e9sultats des 13 et 14 mai 2023 Golf de Valcros<\/a><\/li>\n<li><a href=\"http:\/\/golfecoledelair.fr\/compet \u00e9quipes\/ligue messieurs\/2024-2emedivmidam.pdf\" data-wplink-url-error=\"true\">R\u00e9sultats des 1er et 02 juin 2024 Golf de Ch\u00e2teaublanc<\/a>\u00a0 \u00a0 \u00a0 \u00a0 \u00a0 \u00a0 \u00a0 \u00a0<a href=\"https:\/\/golfecoledelair.fr\/index.php\/photos-2024\/\">Photos<\/a><\/li>\n<li><a href=\"https:\/\/liguegolfpaca.org\/wp-content\/uploads\/2025\/06\/Resultats-2eme-Div.-MAM-2025-Def.pdf\">R\u00e9sultats des 30 mai et 1er juin 2025 Golf de La Salette<\/a>\u00a0 \u00a0 \u00a0 \u00a0 \u00a0 \u00a0 \u00a0 <a href=\"https:\/\/golfecoledelair.fr\/index.php\/photos-2025\/\">Photos<\/a><\/li>\n<\/ul>\n<\/li>\n<\/ul>\n<\/li>\n<\/ul>\n<\/li>\n<\/ul>\n<\/li>\n<\/ul>\n<p><img loading=\"lazy\" decoding=\"async\" class=\"wp-image-1093 aligncenter\" src=\"https:\/\/golfecoledelair.fr\/wp-content\/uploads\/2021\/09\/Golfeur02b.png\" alt=\". .\" width=\"56\" height=\"65\" \/><\/p>\n<ul>\n<li>\n<h5><strong>Championnat de ligue par \u00e9quipes Seniors 2 Messieurs (\u00e0 partir de 50 ans)<\/strong><\/h5>\n<ul>\n<li style=\"list-style-type: none;\">\n<ul>\n<li style=\"list-style-type: none;\">\n<ul>\n<li style=\"list-style-type: none;\">\n<ul>\n<li>Capitaine : <strong>Ivan P\u00e9chart<\/strong><\/li>\n<li><a href=\"http:\/\/golfecoledelair.fr\/compet \u00e9quipes\/ligue messieurs\/2022-promoseniorsmessieurs.pdf\">R\u00e9sultats des 1er et 2 juillet 2022 Golf de Gap<\/a> \u00a0 \u00a0 \u00a0 \u00a0 \u00a0 \u00a0 \u00a0 \u00a0 \u00a0 \u00a0 \u00a0 \u00a0 \u00a0 \u00a0\u00a0<a style=\"font-size: revert; text-align: center; text-indent: 0em;\" href=\"https:\/\/golfecoledelair.fr\/index.php\/photos-2022\/\">Photos<\/a><\/li>\n<li><a href=\"http:\/\/golfecoledelair.fr\/compet \u00e9quipes\/ligue messieurs\/2023-promoseniorsmessieurs.pdf\">R\u00e9sultats des 9 et 10 juin 2023 Golf de Grand Avignon<\/a>\u00a0 \u00a0 \u00a0 \u00a0 \u00a0 \u00a0 \u00a0 \u00a0<a href=\"https:\/\/golfecoledelair.fr\/index.php\/photos-2023\/\">Photos<\/a><\/li>\n<li><a href=\"https:\/\/liguegolfpaca.org\/wp-content\/uploads\/2024\/06\/Resultats-Promo-SM-2024-Def.pdf\">R\u00e9sultats des 14 et 15 juin 2024 Golf de la Cabre d&rsquo;Or<\/a> \u00a0\u00a0 \u00a0 \u00a0 \u00a0 \u00a0 \u00a0 \u00a0 Photos<\/li>\n<li><a href=\"https:\/\/liguegolfpaca.org\/wp-content\/uploads\/2025\/06\/Resultats-Promo-SM-SP.pdf\">R\u00e9sultats des 13 et 14 juin 2025 Golf de Gap Bayard<\/a>\u00a0 \u00a0 \u00a0 \u00a0 \u00a0 \u00a0 \u00a0 \u00a0 \u00a0 \u00a0<a href=\"https:\/\/golfecoledelair.fr\/index.php\/photos-2025\/\">Photos<\/a><\/li>\n<li><a href=\"https:\/\/liguegolfpaca.org\/wp-content\/uploads\/2025\/06\/Resultats-Promo-S2M-2025-Def.pdf\">R\u00e9sultats des 27 et 28 juin 2025 Golf de la Grande Bastide<\/a>\u00a0 \u00a0 \u00a0 \u00a0 \u00a0<a href=\"https:\/\/golfecoledelair.fr\/index.php\/photos-2025\/\">Photos<\/a><\/li>\n<\/ul>\n<\/li>\n<\/ul>\n<\/li>\n<\/ul>\n<\/li>\n<\/ul>\n<\/li>\n<\/ul>\n<p style=\"text-align: center;\"><img loading=\"lazy\" decoding=\"async\" class=\"wp-image-1093 aligncenter\" src=\"https:\/\/golfecoledelair.fr\/wp-content\/uploads\/2021\/09\/Golfeur02b.png\" alt=\". .\" width=\"56\" height=\"65\" \/><\/p>\n<h5 class=\"entry-title\"><\/h5>\n<p style=\"text-align: center;\">\n","protected":false},"excerpt":{"rendered":"<p>Comp\u00e9titions ligue Provence-Alpes-C\u00f4te d\u2019Azur Messieurs : * Calendrier 2026 Divisions Organisation : Ces comp\u00e9titions rassemblent des clubs de la Ligue Provence-Alpes-C\u00f4te d&rsquo;Azur sur 3 journ\u00e9es &hellip;<\/p>\n","protected":false},"author":1,"featured_media":777,"parent":0,"menu_order":0,"comment_status":"closed","ping_status":"closed","template":"","meta":{"om_disable_all_campaigns":false,"_monsterinsights_skip_tracking":false,"_monsterinsights_sitenote_active":false,"_monsterinsights_sitenote_note":"","_monsterinsights_sitenote_category":0,"footnotes":""},"class_list":["post-170","page","type-page","status-publish","has-post-thumbnail","hentry"],"aioseo_notices":[],"_links":{"self":[{"href":"https:\/\/golfecoledelair.fr\/index.php\/wp-json\/wp\/v2\/pages\/170","targetHints":{"allow":["GET"]}}],"collection":[{"href":"https:\/\/golfecoledelair.fr\/index.php\/wp-json\/wp\/v2\/pages"}],"about":[{"href":"https:\/\/golfecoledelair.fr\/index.php\/wp-json\/wp\/v2\/types\/page"}],"author":[{"embeddable":true,"href":"https:\/\/golfecoledelair.fr\/index.php\/wp-json\/wp\/v2\/users\/1"}],"replies":[{"embeddable":true,"href":"https:\/\/golfecoledelair.fr\/index.php\/wp-json\/wp\/v2\/comments?post=170"}],"version-history":[{"count":129,"href":"https:\/\/golfecoledelair.fr\/index.php\/wp-json\/wp\/v2\/pages\/170\/revisions"}],"predecessor-version":[{"id":9500,"href":"https:\/\/golfecoledelair.fr\/index.php\/wp-json\/wp\/v2\/pages\/170\/revisions\/9500"}],"wp:featuredmedia":[{"embeddable":true,"href":"https:\/\/golfecoledelair.fr\/index.php\/wp-json\/wp\/v2\/media\/777"}],"wp:attachment":[{"href":"https:\/\/golfecoledelair.fr\/index.php\/wp-json\/wp\/v2\/media?parent=170"}],"curies":[{"name":"wp","href":"https:\/\/api.w.org\/{rel}","templated":true}]}}