{"id":26,"date":"2021-08-13T22:03:04","date_gmt":"2021-08-13T20:03:04","guid":{"rendered":"https:\/\/golfecoledelair.fr\/?page_id=26"},"modified":"2026-04-16T23:29:42","modified_gmt":"2026-04-16T21:29:42","slug":"accueil","status":"publish","type":"page","link":"https:\/\/golfecoledelair.fr\/","title":{"rendered":"Accueil"},"content":{"rendered":"<div class=\"wp-block-image\">\n<figure class=\"aligncenter size-full is-resized\"><img decoding=\"async\" width=\"1980\" height=\"893\" src=\"https:\/\/golfecoledelair.fr\/wp-content\/uploads\/2021\/08\/porche-2.jpg\" alt=\". .\" class=\"wp-image-784\" style=\"aspect-ratio:2.2175438596491226;object-fit:cover;width:2560px\" srcset=\"https:\/\/golfecoledelair.fr\/wp-content\/uploads\/2021\/08\/porche-2.jpg 1980w, https:\/\/golfecoledelair.fr\/wp-content\/uploads\/2021\/08\/porche-2-300x135.jpg 300w, https:\/\/golfecoledelair.fr\/wp-content\/uploads\/2021\/08\/porche-2-1024x462.jpg 1024w, https:\/\/golfecoledelair.fr\/wp-content\/uploads\/2021\/08\/porche-2-768x346.jpg 768w, https:\/\/golfecoledelair.fr\/wp-content\/uploads\/2021\/08\/porche-2-1536x693.jpg 1536w, https:\/\/golfecoledelair.fr\/wp-content\/uploads\/2021\/08\/porche-2-665x300.jpg 665w\" sizes=\"(max-width: 1980px) 100vw, 1980px\" \/><\/figure>\n<\/div>\n\n\n<pre class=\"wp-block-verse has-background\" style=\"background-color:#f1fee3;font-size:30px\">     <em>Bienvenue au&nbsp;<strong>Golf de l\u2019\u00c9cole de l\u2019Air et de l'Espace<\/strong>, <\/em>parcours de 18 trous <em>convivial et original, situ\u00e9 au c\u0153ur de la&nbsp;<strong>Base a\u00e9rienne 701<\/strong>&nbsp;de&nbsp;<strong>Salon de Provence<\/strong>.<\/em>\n     <em>Sur ce site de nature prot\u00e9g\u00e9e aux senteurs de thym, romarin et gen\u00eat<\/em>s,<em> vous pourrez assouvir votre passion golfique et appr\u00e9cier le fleuron de l'aviation militaire fran\u00e7aise. <\/em><\/pre>\n\n\n\n<p><\/p>\n","protected":false},"excerpt":{"rendered":"<p>Bienvenue au&nbsp;Golf de l\u2019\u00c9cole de l\u2019Air et de l&rsquo;Espace, parcours de 18 trous convivial et original, situ\u00e9 au c\u0153ur de la&nbsp;Base a\u00e9rienne 701&nbsp;de&nbsp;Salon de Provence. &hellip;<\/p>\n","protected":false},"author":1,"featured_media":0,"parent":0,"menu_order":0,"comment_status":"closed","ping_status":"closed","template":"","meta":{"om_disable_all_campaigns":false,"_monsterinsights_skip_tracking":false,"_monsterinsights_sitenote_active":false,"_monsterinsights_sitenote_note":"","_monsterinsights_sitenote_category":0,"footnotes":""},"class_list":["post-26","page","type-page","status-publish","hentry"],"aioseo_notices":[],"_links":{"self":[{"href":"https:\/\/golfecoledelair.fr\/index.php\/wp-json\/wp\/v2\/pages\/26","targetHints":{"allow":["GET"]}}],"collection":[{"href":"https:\/\/golfecoledelair.fr\/index.php\/wp-json\/wp\/v2\/pages"}],"about":[{"href":"https:\/\/golfecoledelair.fr\/index.php\/wp-json\/wp\/v2\/types\/page"}],"author":[{"embeddable":true,"href":"https:\/\/golfecoledelair.fr\/index.php\/wp-json\/wp\/v2\/users\/1"}],"replies":[{"embeddable":true,"href":"https:\/\/golfecoledelair.fr\/index.php\/wp-json\/wp\/v2\/comments?post=26"}],"version-history":[{"count":31,"href":"https:\/\/golfecoledelair.fr\/index.php\/wp-json\/wp\/v2\/pages\/26\/revisions"}],"predecessor-version":[{"id":10101,"href":"https:\/\/golfecoledelair.fr\/index.php\/wp-json\/wp\/v2\/pages\/26\/revisions\/10101"}],"wp:attachment":[{"href":"https:\/\/golfecoledelair.fr\/index.php\/wp-json\/wp\/v2\/media?parent=26"}],"curies":[{"name":"wp","href":"https:\/\/api.w.org\/{rel}","templated":true}]}}