{"id":2762,"date":"2022-07-22T17:53:04","date_gmt":"2022-07-22T15:53:04","guid":{"rendered":"https:\/\/golfecoledelair.fr\/?page_id=2762"},"modified":"2024-04-13T01:08:00","modified_gmt":"2024-04-12T23:08:00","slug":"arrosage-et-gestion-de-leau","status":"publish","type":"page","link":"https:\/\/golfecoledelair.fr\/index.php\/arrosage-et-gestion-de-leau\/","title":{"rendered":"Arrosage et gestion de l&rsquo;eau"},"content":{"rendered":"<p><img loading=\"lazy\" decoding=\"async\" class=\"wp-image-2867 aligncenter\" src=\"https:\/\/golfecoledelair.fr\/wp-content\/uploads\/2022\/07\/Logo-golf-engage5.png\" alt=\". .\" width=\"376\" height=\"186\" srcset=\"https:\/\/golfecoledelair.fr\/wp-content\/uploads\/2022\/07\/Logo-golf-engage5.png 808w, https:\/\/golfecoledelair.fr\/wp-content\/uploads\/2022\/07\/Logo-golf-engage5-300x149.png 300w, https:\/\/golfecoledelair.fr\/wp-content\/uploads\/2022\/07\/Logo-golf-engage5-768x380.png 768w, https:\/\/golfecoledelair.fr\/wp-content\/uploads\/2022\/07\/Logo-golf-engage5-606x300.png 606w\" sizes=\"auto, (max-width: 376px) 100vw, 376px\" \/><\/p>\n<p>Depuis plusieurs ann\u00e9es de tr\u00e8s nombreuses et r\u00e9p\u00e9titives ruptures des canalisations du circuit d&rsquo;arrosage g\u00e9n\u00e9raient :<\/p>\n<ul>\n<li>d&rsquo;importantes pertes en eau,<\/li>\n<li>un investissement on\u00e9reux en mat\u00e9riel de r\u00e9paration,<\/li>\n<li>de longs et importants travaux effectu\u00e9s par les jardiniers du golf au d\u00e9triment de l&rsquo;entretien du parcours.<\/li>\n<\/ul>\n<p>Le Comit\u00e9 Directeur a donc pris la d\u00e9cision d&rsquo;entreprendre les actions n\u00e9cessaires avec pour objectif l&rsquo;efficacit\u00e9 et la fiabilit\u00e9 du dispositif ainsi qu&rsquo;une r\u00e9duction cons\u00e9quente de la consommation d&rsquo;eau.<\/p>\n<p>Le bureau d&rsquo;\u00e9tude mandat\u00e9 a rendu son bilan le 9 juillet 2021 et conclu \u00e0 la n\u00e9cessit\u00e9 de :<\/p>\n<ul>\n<li>r\u00e9nover le circuit primaire en totalit\u00e9,<\/li>\n<li>remplacer les arroseurs des greens, d\u00e9parts et fairways, par des arroseurs plus performants et beaucoup plus \u00e9conomes en eau,<\/li>\n<li>optimiser la station de pompage et la gestion centralis\u00e9e de l&rsquo;arrosage,<\/li>\n<\/ul>\n<p>pour un co\u00fbt estim\u00e9 \u00e0 environ 600 000 \u20ac et une p\u00e9riode de travaux de novembre 2021 \u00e0 avril 2022.<\/p>\n<p>Le club ne pouvant assumer seul cet investissement a sollicit\u00e9 un emprunt bancaire ainsi qu&rsquo;une subvention aupr\u00e8s de l&rsquo;organisme comp\u00e9tent en la mati\u00e8re : <span style=\"color: #015066;\"><strong>l&rsquo;agence de l&rsquo;eau<\/strong><\/span>.<\/p>\n<p><em><span style=\"color: #000000;\">\u00ab Ce projet, termin\u00e9 en avril 2022, a b\u00e9n\u00e9fici\u00e9 du soutien financier de l\u2019agence de l\u2019eau Rh\u00f4ne M\u00e9diterran\u00e9e Corse, \u00e0 hauteur de 227 714 \u20ac.<\/span><\/em><\/p>\n<p style=\"text-align: center;\"><em>\u00a0 \u00a0<img loading=\"lazy\" decoding=\"async\" class=\"alignnone wp-image-2930\" src=\"https:\/\/golfecoledelair.fr\/wp-content\/uploads\/2022\/07\/logo-rf_aermc1-scaled.jpg\" alt=\". .\" width=\"500\" height=\"180\" srcset=\"https:\/\/golfecoledelair.fr\/wp-content\/uploads\/2022\/07\/logo-rf_aermc1-scaled.jpg 2560w, https:\/\/golfecoledelair.fr\/wp-content\/uploads\/2022\/07\/logo-rf_aermc1-300x108.jpg 300w, https:\/\/golfecoledelair.fr\/wp-content\/uploads\/2022\/07\/logo-rf_aermc1-1024x369.jpg 1024w, https:\/\/golfecoledelair.fr\/wp-content\/uploads\/2022\/07\/logo-rf_aermc1-768x277.jpg 768w, https:\/\/golfecoledelair.fr\/wp-content\/uploads\/2022\/07\/logo-rf_aermc1-1536x554.jpg 1536w, https:\/\/golfecoledelair.fr\/wp-content\/uploads\/2022\/07\/logo-rf_aermc1-2048x738.jpg 2048w, https:\/\/golfecoledelair.fr\/wp-content\/uploads\/2022\/07\/logo-rf_aermc1-679x245.jpg 679w\" sizes=\"auto, (max-width: 500px) 100vw, 500px\" \/><\/em><\/p>\n<p><em><span style=\"color: #000000;\">L\u2019agence de l\u2019eau est un \u00e9tablissement public de l\u2019\u00c9tat qui \u0153uvre pour la protection de l\u2019eau et des milieux. Elle per\u00e7oit des taxes sur l\u2019eau pay\u00e9es par tous les usagers et les r\u00e9investit aupr\u00e8s des ma\u00eetres d\u2019ouvrages (collectivit\u00e9s, industriels, agriculteurs et associations) selon les priorit\u00e9s inscrites dans son programme \u00ab\u00a0Sauvons l\u2019eau 2019-2024\u00a0\u00bb.<\/span><\/em><\/p>\n<p><em><span style=\"color: #000000;\">Plus d\u2019information sur<\/span>\u00a0<\/em><a href=\"http:\/\/www.eaurmc.fr\/\"><strong><em>www.eaurmc.fr<\/em><\/strong><\/a><em>\u00a0<span style=\"color: #000000;\">\u00bb<\/span><\/em><\/p>\n<p><span style=\"color: #000000;\"><em><span style=\"font-family: Roboto;\">\u00ab L\u2019agence de l\u2019eau accompagne les op\u00e9rations visant \u00e0 \u00e9conomiser l\u2019eau (r\u00e9duction des fuites des r\u00e9seaux d\u2019eau potable, changement de pratiques agricoles, r\u00e9utilisation des eaux us\u00e9es trait\u00e9es\u2026). Dans le contexte de changement climatique, l\u2019eau se rar\u00e9fie : 40 % du bassin Rh\u00f4ne-M\u00e9diterran\u00e9e est d\u00e9j\u00e0 d\u00e9ficitaire en eau et d\u2019ici 2050, les pr\u00e9visions indiquent une diminution de 80 % de d\u00e9bits en \u00e9t\u00e9 pour certains cours d\u2019eau et une moindre alimentation des nappes d\u2019eau souterraines. \u00bb<\/span><\/em><\/span><\/p>\n","protected":false},"excerpt":{"rendered":"<p>Depuis plusieurs ann\u00e9es de tr\u00e8s nombreuses et r\u00e9p\u00e9titives ruptures des canalisations du circuit d&rsquo;arrosage g\u00e9n\u00e9raient : d&rsquo;importantes pertes en eau, un investissement on\u00e9reux en mat\u00e9riel &hellip;<\/p>\n","protected":false},"author":1,"featured_media":5867,"parent":0,"menu_order":0,"comment_status":"closed","ping_status":"closed","template":"","meta":{"om_disable_all_campaigns":false,"_monsterinsights_skip_tracking":false,"_monsterinsights_sitenote_active":false,"_monsterinsights_sitenote_note":"","_monsterinsights_sitenote_category":0,"footnotes":""},"class_list":["post-2762","page","type-page","status-publish","has-post-thumbnail","hentry"],"aioseo_notices":[],"_links":{"self":[{"href":"https:\/\/golfecoledelair.fr\/index.php\/wp-json\/wp\/v2\/pages\/2762","targetHints":{"allow":["GET"]}}],"collection":[{"href":"https:\/\/golfecoledelair.fr\/index.php\/wp-json\/wp\/v2\/pages"}],"about":[{"href":"https:\/\/golfecoledelair.fr\/index.php\/wp-json\/wp\/v2\/types\/page"}],"author":[{"embeddable":true,"href":"https:\/\/golfecoledelair.fr\/index.php\/wp-json\/wp\/v2\/users\/1"}],"replies":[{"embeddable":true,"href":"https:\/\/golfecoledelair.fr\/index.php\/wp-json\/wp\/v2\/comments?post=2762"}],"version-history":[{"count":111,"href":"https:\/\/golfecoledelair.fr\/index.php\/wp-json\/wp\/v2\/pages\/2762\/revisions"}],"predecessor-version":[{"id":7013,"href":"https:\/\/golfecoledelair.fr\/index.php\/wp-json\/wp\/v2\/pages\/2762\/revisions\/7013"}],"wp:featuredmedia":[{"embeddable":true,"href":"https:\/\/golfecoledelair.fr\/index.php\/wp-json\/wp\/v2\/media\/5867"}],"wp:attachment":[{"href":"https:\/\/golfecoledelair.fr\/index.php\/wp-json\/wp\/v2\/media?parent=2762"}],"curies":[{"name":"wp","href":"https:\/\/api.w.org\/{rel}","templated":true}]}}