{"id":29,"date":"2021-08-13T22:03:52","date_gmt":"2021-08-13T20:03:52","guid":{"rendered":"https:\/\/golfecoledelair.fr\/?page_id=29"},"modified":"2026-03-03T23:06:37","modified_gmt":"2026-03-03T22:06:37","slug":"jouer-a-salon","status":"publish","type":"page","link":"https:\/\/golfecoledelair.fr\/index.php\/jouer-a-salon\/","title":{"rendered":"Jouer \u00e0 Salon"},"content":{"rendered":"<h5 style=\"text-align: center;\">Jouer \u00e0 Salon de Provence sur la Base a\u00e9rienne 701<\/h5>\n<h5>Devenir membre du club<\/h5>\n<p>Les adh\u00e9sions au Golf de l\u2019Ecole de l\u2019air et de l\u2019espace sont ouvertes. Les renseignements peuvent \u00eatre obtenus aupr\u00e8s de l\u2019accueil au <strong>04 13 93 83 61.<\/strong><\/p>\n<h5>Jouer en Greenfee<\/h5>\n<p>Le club est heureux d\u2019accueillir les joueurs ext\u00e9rieurs <strong>titulaires de la licence FFG<\/strong>\u00a0et au minimum de la\u00a0<strong>carte verte<\/strong>. Le cas \u00e9ch\u00e9ant, ils peuvent participer aux comp\u00e9titions club, en fonction des places disponibles.<\/p>\n<h5><span style=\"color: #0000ff;\"><strong data-rich-text-format-boundary=\"true\">Acc\u00e8s des joueurs non membres \u00e0 la Base a\u00e9rienne et au club<\/strong> :<\/span><\/h5>\n<p><span style=\"color: #000000;\">Pour des raisons de s\u00e9curit\u00e9, particuli\u00e8res aux sites militaires, les <strong>r\u00e9servations doivent \u00eatre effectu\u00e9es 72 heures \u00e0 l&rsquo;avance<\/strong>\u00a0:<\/span><\/p>\n<ul>\n<li style=\"list-style-type: none;\">\n<ul>\n<li>par internet, sur l&rsquo;<a href=\"https:\/\/baseaerienne.reservations-golf.fr\/\">espace de r\u00e9servation en ligne,<\/a><\/li>\n<li>aupr\u00e8s de l&rsquo;accueil du club :\n<ul>\n<li>par t\u00e9l\u00e9phone : au 04 13 93 83 61, tous les jours, \u00e0 partir de 09 h 00<\/li>\n<li>ou par mail \u00e0 <a href=\"mailto:accueilgolf.ecoleair@hotmail.com\">accueilgolf.ecoleair@hotmail.com<\/a><\/li>\n<\/ul>\n<\/li>\n<\/ul>\n<\/li>\n<\/ul>\n<p style=\"padding-left: 200px;\"><span style=\"color: #000000;\">Renseignements \u00e0 communiquer :<\/span><br data-rich-text-line-break=\"true\" \/><span style=\"color: #000000;\">\u00a0 \u00a0\u2022 Nom (celui figurant sur la pi\u00e8ce d\u2019identit\u00e9) (Nom de jeune fille pour les \u00e9pouses),<\/span><br data-rich-text-line-break=\"true\" \/><span style=\"color: #000000;\">\u00a0 \u00a0\u2022 Pr\u00e9nom,<\/span><br data-rich-text-line-break=\"true\" \/><span style=\"color: #000000;\">\u00a0 \u00a0\u2022 Date et lieu de naissance,<\/span><br data-rich-text-line-break=\"true\" \/><span style=\"color: #000000;\">\u00a0 \u00a0\u2022 Num\u00e9ro de portable.<\/span><\/p>\n<p style=\"padding-left: 40px;\"><span style=\"color: #0000ff;\"><strong>\u00c0<\/strong><strong>\u00a0l&rsquo;arriv\u00e9e :<\/strong><\/span><\/p>\n<ul>\n<li style=\"list-style-type: none;\">\n<ul id=\"block-7ff5279c-46e8-41d2-9060-ba34590cbf74\" class=\"block-editor-rich-text__editable block-editor-block-list__block wp-block is-selected has-black-color has-text-color rich-text\" tabindex=\"0\" role=\"group\" contenteditable=\"true\" aria-multiline=\"true\" aria-label=\"Bloc\u00a0: Liste\" data-block=\"7ff5279c-46e8-41d2-9060-ba34590cbf74\" data-type=\"core\/list\" data-title=\"Liste\">\n<li><span style=\"color: #000000;\">se rendre au bureau accueil de la Base a\u00e9rienne 701 (au service de permanence les week-ends et jours f\u00e9ri\u00e9s) afin de d\u00e9poser une pi\u00e8ce d\u2019identit\u00e9 et faire \u00e9tablir un laissez-passer golfeur (LPG),<\/span><\/li>\n<li><span style=\"color: #000000;\">ce LPG, sera pr\u00e9sent\u00e9 au service de filtrage \u00e0 l&rsquo;entr\u00e9e de la Base puis remis \u00e0 l\u2019accueil du club de golf.<\/span><\/li>\n<li><span style=\"color: #000000;\">lors de la 1\u00e8re venue une personne du club viendra chercher les joueurs \u00e0 l&rsquo;entr\u00e9e de la base pour les guider jusqu&rsquo;\u00e0 l&rsquo;accueil du club. <\/span><\/li>\n<\/ul>\n<\/li>\n<\/ul>\n<p style=\"padding-left: 40px;\"><span style=\"color: #0000ff;\"><strong style=\"font-size: inherit;\">Pour le d\u00e9part :<\/strong><\/span><\/p>\n<ul>\n<li style=\"list-style-type: none;\">\n<ul id=\"block-7ff5279c-46e8-41d2-9060-ba34590cbf74\" class=\"block-editor-rich-text__editable block-editor-block-list__block wp-block is-selected has-black-color has-text-color rich-text\" tabindex=\"0\" role=\"group\" contenteditable=\"true\" aria-multiline=\"true\" aria-label=\"Bloc\u00a0: Liste\" data-block=\"7ff5279c-46e8-41d2-9060-ba34590cbf74\" data-type=\"core\/list\" data-title=\"Liste\">\n<li>l\u2019accueil du club remettra au joueur son LPG renseign\u00e9 afin qu&rsquo;il puisse r\u00e9cup\u00e9rer sa pi\u00e8ce d\u2019identit\u00e9 \u00e0 sa sortie de la base.<\/li>\n<\/ul>\n<\/li>\n<\/ul>\n<h5><span style=\"color: #000000;\"><strong>Tarifs :<\/strong><\/span><\/h5>\n\n\n<figure class=\"wp-block-table is-style-regular\"><table class=\"has-headings-color has-text-color has-background has-fixed-layout\" style=\"background:linear-gradient(135deg,rgb(255,245,203) 0%,rgb(182,227,212) 100%,rgb(51,167,181) 100%)\"><tbody><tr><td class=\"has-text-align-center\" data-align=\"center\"><br><strong><mark style=\"background-color:#05cd23\" class=\"has-inline-color has-accent-2-color\">Droits de jeu 2026<\/mark><\/strong><\/td><td class=\"has-text-align-center\" data-align=\"center\"><strong><mark style=\"background-color:rgba(0, 0, 0, 0);color:#1406f6\" class=\"has-inline-color\">18 trous<\/mark><\/strong><br>Semaine<\/td><td class=\"has-text-align-center\" data-align=\"center\"><strong><mark style=\"background-color:rgba(0, 0, 0, 0);color:#1406f7\" class=\"has-inline-color\">18 trous<\/mark><\/strong><br>Weekend &amp; jours f\u00e9ri\u00e9s<\/td><td class=\"has-text-align-center\" data-align=\"center\"><strong><mark style=\"background-color:rgba(0, 0, 0, 0);color:#177b03\" class=\"has-inline-color\">9 trous<\/mark><\/strong><br>semaine<\/td><td class=\"has-text-align-center\" data-align=\"center\"><strong><mark style=\"background-color:rgba(0, 0, 0, 0);color:#177f03\" class=\"has-inline-color\">9 trous<\/mark><\/strong><br>Weekend &amp; jours f\u00e9ri\u00e9s<\/td><\/tr><tr><td class=\"has-text-align-center\" data-align=\"center\"><strong>Licenci\u00e9s FFG<\/strong><\/td><td class=\"has-text-align-center\" data-align=\"center\"><strong>40 \u20ac<\/strong><\/td><td class=\"has-text-align-center\" data-align=\"center\"><strong>50 \u20ac<\/strong><\/td><td class=\"has-text-align-center\" data-align=\"center\"><strong>25 \u20ac<\/strong><\/td><td class=\"has-text-align-center\" data-align=\"center\"><strong>35 \u20ac<\/strong><\/td><\/tr><tr><td class=\"has-text-align-center\" data-align=\"center\">&#8211; <strong>Licenci\u00e9s PACA<br>&#8211; Personnel D\u00e9fense<\/strong><\/td><td class=\"has-text-align-center\" data-align=\"center\"><br><strong>37 \u20ac<\/strong><\/td><td class=\"has-text-align-center\" data-align=\"center\"><br><strong>43 \u20ac<\/strong><\/td><td class=\"has-text-align-center\" data-align=\"center\"><br><strong>25 \u20ac<\/strong><\/td><td class=\"has-text-align-center\" data-align=\"center\"><br><strong>35<\/strong> \u20ac<\/td><\/tr><tr><td class=\"has-text-align-center\" data-align=\"center\"><strong>S\u00e9niors PACA<\/strong><\/td><td class=\"has-text-align-center\" data-align=\"center\"><strong>35 \u20ac<\/strong><\/td><td class=\"has-text-align-center\" data-align=\"center\"><strong>40 \u20ac<\/strong><\/td><td class=\"has-text-align-center\" data-align=\"center\"><strong>25 \u20ac<\/strong><\/td><td class=\"has-text-align-center\" data-align=\"center\"><strong>35 \u20ac<\/strong><\/td><\/tr><tr><td class=\"has-text-align-center\" data-align=\"center\"><strong><mark style=\"background-color:rgba(0, 0, 0, 0);color:#be0505\" class=\"has-inline-color\">Greens d&rsquo;hiver<\/mark><\/strong><\/td><td class=\"has-text-align-center\" data-align=\"center\"><strong>35 \u20ac<\/strong><\/td><td class=\"has-text-align-center\" data-align=\"center\"><strong>35 \u20ac<\/strong><\/td><td class=\"has-text-align-center\" data-align=\"center\"><strong>20 \u20ac<\/strong><\/td><td class=\"has-text-align-center\" data-align=\"center\"><strong>20 \u20ac<\/strong><\/td><\/tr><\/tbody><\/table><\/figure>\n\n\n\n<figure class=\"wp-block-table\"><table class=\"has-background has-fixed-layout\" style=\"background:radial-gradient(rgb(255,245,203) 0%,rgb(182,227,212) 63%,rgb(51,167,181) 100%)\"><tbody><tr><td class=\"has-text-align-center\" data-align=\"center\"><br><br><br><strong><mark style=\"background-color:#49c304\" class=\"has-inline-color\">Cartes de 10 greenfees<\/mark><\/strong><br><strong>350 \u20ac<\/strong><\/td><td class=\"has-text-align-center\" data-align=\"center\"><img loading=\"lazy\" decoding=\"async\" width=\"400\" height=\"260\" class=\"wp-image-9026\" style=\"width: 400px;\" src=\"https:\/\/golfecoledelair.fr\/wp-content\/uploads\/2025\/11\/GF10-X500-1.png\" alt=\"\" srcset=\"https:\/\/golfecoledelair.fr\/wp-content\/uploads\/2025\/11\/GF10-X500-1.png 500w, https:\/\/golfecoledelair.fr\/wp-content\/uploads\/2025\/11\/GF10-X500-1-300x195.png 300w, https:\/\/golfecoledelair.fr\/wp-content\/uploads\/2025\/11\/GF10-X500-1-462x300.png 462w\" sizes=\"auto, (max-width: 400px) 100vw, 400px\" \/><\/td><td class=\"has-text-align-center\" data-align=\"center\"><img loading=\"lazy\" decoding=\"async\" width=\"400\" height=\"259\" class=\"wp-image-9027\" style=\"width: 400px;\" src=\"https:\/\/golfecoledelair.fr\/wp-content\/uploads\/2025\/11\/GF10-X500-2.png\" alt=\"\" srcset=\"https:\/\/golfecoledelair.fr\/wp-content\/uploads\/2025\/11\/GF10-X500-2.png 500w, https:\/\/golfecoledelair.fr\/wp-content\/uploads\/2025\/11\/GF10-X500-2-300x194.png 300w, https:\/\/golfecoledelair.fr\/wp-content\/uploads\/2025\/11\/GF10-X500-2-463x300.png 463w\" sizes=\"auto, (max-width: 400px) 100vw, 400px\" \/><\/td><\/tr><\/tbody><\/table><\/figure>\n\n\n<h5>Voiturettes :<\/h5>\n\n\n<figure class=\"wp-block-table\"><table class=\"has-background\" style=\"background:linear-gradient(90deg,rgb(255,245,203) 0%,rgb(182,227,212) 100%,rgb(51,167,181) 100%)\"><tbody><tr><td class=\"has-text-align-center\" data-align=\"center\"><span style=\"background-color:rgba(0, 0, 0, 0)\" class=\"has-inline-color has-black-color\"><strong>18 trous : 30 \u20ac<\/strong><\/span><\/td><td class=\"has-text-align-center\" data-align=\"center\"><span style=\"background-color:rgba(0, 0, 0, 0)\" class=\"has-inline-color has-black-color\"><strong>9 trous : 20 \u20ac<\/strong><\/span><\/td><\/tr><\/tbody><\/table><\/figure>\n\n\n<h5>R\u00e8gles de comportement et \u00e9tiquette :<\/h5>\n\n\n<figure class=\"wp-block-table\"><table class=\"has-background\" style=\"background:linear-gradient(135deg,rgb(236,242,177) 19%,rgba(62,148,114,0.51) 98%)\"><tbody><tr><td class=\"has-text-align-left\" data-align=\"left\"><br>\u2022 Le strict respect de l&rsquo;\u00e9tiquette est la premi\u00e8re r\u00e8gle \u00e0 appliquer sur le parcours de l&rsquo;\u00c9cole de l&rsquo;air et de l\u2019Espace :<br><br><strong>&#8211; \u00catre en tenue correcte en tous lieux&nbsp;:<\/strong><br>Pas de short, de jean&rsquo;s d\u00e9lav\u00e9 ou d\u00e9chir\u00e9, de tenue de plage, de cale\u00e7on cycliste, de d\u00e9bardeur ou autre.<br>La tenue de sport r\u00e9glementaire Arm\u00e9e de l&rsquo;air est autoris\u00e9e seulement durant les cr\u00e9neaux de sport r\u00e9serv\u00e9s aux cadres et \u00e9l\u00e8ves de la Base \u00c9cole de l\u2019air.<br><br>&#8211; <strong>Adopter un comportement convivial<\/strong> :<br>Passer syst\u00e9matiquement par l\u2019accueil pour signaler sa pr\u00e9sence.<br>Rester poli et correct&nbsp;: ni cris, ni conversations bruyantes ni t\u00e9l\u00e9phones portables sans vibreur qui g\u00eanent les autres joueurs.<br><br><strong>&#8211; Respecter le terrain<\/strong>&nbsp;:<br>Replacer les divots, relever les pitchs, ratisser les bunkers, ne pas ab\u00eemer les plantes et les arbres. Consid\u00e9rer le terrain comme \u00ab le sien \u00bb en participant constamment \u00e0 son maintien en \u00e9tat de propret\u00e9 (ramassage des papiers&#8230;)<br><br><strong>&#8211; \u00catre attentif aux autres&nbsp;<\/strong>:<br>La plus grande vigilance est demand\u00e9e aux joueurs qui doivent avant chaque coup s&rsquo;assurer que leur balle, quelle que soit sa trajectoire, ne pourra jamais atteindre un autre joueur ou un personnel d&rsquo;entretien, une personne ou un v\u00e9hicule sur les chemins de ronde qui jouxtent le parcours.<br><br><strong>&#8211; \u00c9viter le jeu lent&nbsp;:<\/strong><br>Laisser passer chaque fois qu&rsquo;ayant perdu de la distance, vous \u00eates rattrap\u00e9s par la partie qui suit.<br><br>\u2022 Les animaux de compagnie ne sont pas autoris\u00e9s sur la Base a\u00e9rienne 701 et par cons\u00e9quent sur le golf.<br>\u2022 Les joueurs peuvent se faire accompagner sur le parcours.<br><\/td><\/tr><\/tbody><\/table><\/figure>\n\n\n\n<p><\/p>\n","protected":false},"excerpt":{"rendered":"<p>Jouer \u00e0 Salon de Provence sur la Base a\u00e9rienne 701 Devenir membre du club Les adh\u00e9sions au Golf de l\u2019Ecole de l\u2019air et de l\u2019espace &hellip;<\/p>\n","protected":false},"author":1,"featured_media":766,"parent":0,"menu_order":0,"comment_status":"closed","ping_status":"closed","template":"","meta":{"om_disable_all_campaigns":false,"_monsterinsights_skip_tracking":false,"_monsterinsights_sitenote_active":false,"_monsterinsights_sitenote_note":"","_monsterinsights_sitenote_category":0,"footnotes":""},"class_list":["post-29","page","type-page","status-publish","has-post-thumbnail","hentry"],"aioseo_notices":[],"_links":{"self":[{"href":"https:\/\/golfecoledelair.fr\/index.php\/wp-json\/wp\/v2\/pages\/29","targetHints":{"allow":["GET"]}}],"collection":[{"href":"https:\/\/golfecoledelair.fr\/index.php\/wp-json\/wp\/v2\/pages"}],"about":[{"href":"https:\/\/golfecoledelair.fr\/index.php\/wp-json\/wp\/v2\/types\/page"}],"author":[{"embeddable":true,"href":"https:\/\/golfecoledelair.fr\/index.php\/wp-json\/wp\/v2\/users\/1"}],"replies":[{"embeddable":true,"href":"https:\/\/golfecoledelair.fr\/index.php\/wp-json\/wp\/v2\/comments?post=29"}],"version-history":[{"count":124,"href":"https:\/\/golfecoledelair.fr\/index.php\/wp-json\/wp\/v2\/pages\/29\/revisions"}],"predecessor-version":[{"id":9887,"href":"https:\/\/golfecoledelair.fr\/index.php\/wp-json\/wp\/v2\/pages\/29\/revisions\/9887"}],"wp:featuredmedia":[{"embeddable":true,"href":"https:\/\/golfecoledelair.fr\/index.php\/wp-json\/wp\/v2\/media\/766"}],"wp:attachment":[{"href":"https:\/\/golfecoledelair.fr\/index.php\/wp-json\/wp\/v2\/media?parent=29"}],"curies":[{"name":"wp","href":"https:\/\/api.w.org\/{rel}","templated":true}]}}