{"id":33,"date":"2021-08-13T22:05:09","date_gmt":"2021-08-13T20:05:09","guid":{"rendered":"https:\/\/golfecoledelair.fr\/?page_id=33"},"modified":"2025-08-31T20:48:09","modified_gmt":"2025-08-31T18:48:09","slug":"le-club","status":"publish","type":"page","link":"https:\/\/golfecoledelair.fr\/index.php\/le-club\/","title":{"rendered":"Le Club"},"content":{"rendered":"<p style=\"padding-left: 40px;\">\u00a0 \u00a0Le Club de golf de l&rsquo;\u00c9cole de l&rsquo;Air et de l&rsquo;Espace a pour but de d\u00e9velopper le go\u00fbt\u00a0 et la pratique du golf chez les cadres et \u00e9l\u00e8ves de l&rsquo; \u00c9cole de l\u2019Air et de l&rsquo;Espace, les retrait\u00e9s des arm\u00e9es, leur famille respective et les personnels civils sympathisants de la ville de Salon et de ses environs remplissant les conditions requises pour y adh\u00e9rer.<\/p>\n<p style=\"padding-left: 40px;\">\u00a0 Il contribue \u00e0 l&rsquo;\u00e9tablissement de contacts et d&rsquo;\u00e9changes avec le secteur civil dans l\u2019int\u00e9r\u00eat du d\u00e9veloppement des liens Arm\u00e9es\u2013Nation.<\/p>\n<p style=\"text-align: center;\">***<\/p>\n\n\n<h1 class=\"wp-block-heading has-text-align-center has-normal-font-size\"><\/h1>\n\n\n\n<p><\/p>\n\n\n\n<div class=\"wp-block-media-text is-stacked-on-mobile has-background\" style=\"background:linear-gradient(135deg,rgb(255,245,203) 0%,rgb(182,227,212) 7%,rgb(51,167,181) 100%);grid-template-columns:34% auto\"><figure class=\"wp-block-media-text__media\"><img loading=\"lazy\" decoding=\"async\" width=\"460\" height=\"460\" src=\"https:\/\/golfecoledelair.fr\/wp-content\/uploads\/2021\/08\/Logo-Gauthier.png\" alt=\". .\" class=\"wp-image-717 size-full\" srcset=\"https:\/\/golfecoledelair.fr\/wp-content\/uploads\/2021\/08\/Logo-Gauthier.png 460w, https:\/\/golfecoledelair.fr\/wp-content\/uploads\/2021\/08\/Logo-Gauthier-300x300.png 300w, https:\/\/golfecoledelair.fr\/wp-content\/uploads\/2021\/08\/Logo-Gauthier-150x150.png 150w\" sizes=\"auto, (max-width: 460px) 100vw, 460px\" \/><\/figure><div class=\"wp-block-media-text__content\">\n<p><a href=\"https:\/\/golfecoledelair.fr\/index.php\/historique\/\" title=\"\"><strong>Historique<\/strong><\/a><\/p>\n\n\n\n<p class=\"has-normal-font-size\"><a href=\"https:\/\/golfecoledelair.fr\/index.php\/statuts\/\" title=\"\"><strong>Statuts<\/strong><\/a><\/p>\n\n\n\n<p class=\"has-normal-font-size\"><a href=\"https:\/\/golfecoledelair.fr\/index.php\/reglement-interieur\/\" title=\"\"><strong>R\u00e8glement int\u00e9rieur<\/strong><\/a><\/p>\n\n\n\n<p class=\"has-normal-font-size\"><a href=\"https:\/\/golfecoledelair.fr\/index.php\/le-personnel-du-club\/\" title=\"\"><strong>Le personnel du club<\/strong><\/a><\/p>\n\n\n\n<p class=\"has-normal-font-size\"><a href=\"https:\/\/golfecoledelair.fr\/index.php\/les-anciens\/\" title=\"\"><strong>Les anciens<\/strong><\/a><\/p>\n<\/div><\/div>\n","protected":false},"excerpt":{"rendered":"<p>\u00a0 \u00a0Le Club de golf de l&rsquo;\u00c9cole de l&rsquo;Air et de l&rsquo;Espace a pour but de d\u00e9velopper le go\u00fbt\u00a0 et la pratique du golf chez &hellip;<\/p>\n","protected":false},"author":1,"featured_media":5914,"parent":0,"menu_order":0,"comment_status":"closed","ping_status":"closed","template":"","meta":{"om_disable_all_campaigns":false,"_monsterinsights_skip_tracking":false,"_monsterinsights_sitenote_active":false,"_monsterinsights_sitenote_note":"","_monsterinsights_sitenote_category":0,"footnotes":""},"class_list":["post-33","page","type-page","status-publish","has-post-thumbnail","hentry"],"aioseo_notices":[],"_links":{"self":[{"href":"https:\/\/golfecoledelair.fr\/index.php\/wp-json\/wp\/v2\/pages\/33","targetHints":{"allow":["GET"]}}],"collection":[{"href":"https:\/\/golfecoledelair.fr\/index.php\/wp-json\/wp\/v2\/pages"}],"about":[{"href":"https:\/\/golfecoledelair.fr\/index.php\/wp-json\/wp\/v2\/types\/page"}],"author":[{"embeddable":true,"href":"https:\/\/golfecoledelair.fr\/index.php\/wp-json\/wp\/v2\/users\/1"}],"replies":[{"embeddable":true,"href":"https:\/\/golfecoledelair.fr\/index.php\/wp-json\/wp\/v2\/comments?post=33"}],"version-history":[{"count":46,"href":"https:\/\/golfecoledelair.fr\/index.php\/wp-json\/wp\/v2\/pages\/33\/revisions"}],"predecessor-version":[{"id":8768,"href":"https:\/\/golfecoledelair.fr\/index.php\/wp-json\/wp\/v2\/pages\/33\/revisions\/8768"}],"wp:featuredmedia":[{"embeddable":true,"href":"https:\/\/golfecoledelair.fr\/index.php\/wp-json\/wp\/v2\/media\/5914"}],"wp:attachment":[{"href":"https:\/\/golfecoledelair.fr\/index.php\/wp-json\/wp\/v2\/media?parent=33"}],"curies":[{"name":"wp","href":"https:\/\/api.w.org\/{rel}","templated":true}]}}