{"id":43,"date":"2021-08-13T22:07:41","date_gmt":"2021-08-13T20:07:41","guid":{"rendered":"https:\/\/golfecoledelair.fr\/?page_id=43"},"modified":"2025-07-20T12:24:59","modified_gmt":"2025-07-20T10:24:59","slug":"les-anciens","status":"publish","type":"page","link":"https:\/\/golfecoledelair.fr\/index.php\/les-anciens\/","title":{"rendered":"Les anciens"},"content":{"rendered":"<h1 style=\"text-align: center;\"><span style=\"color: #333333;\"><strong>Les Pr\u00e9sidents<\/strong><\/span><\/h1>\n\n\n<figure class=\"wp-block-table\"><table class=\"has-background has-fixed-layout\" style=\"background:linear-gradient(90deg,rgb(255,245,203) 0%,rgb(182,227,212) 55%,rgb(51,167,181) 100%)\"><tbody><tr><td class=\"has-text-align-center\" data-align=\"center\">1973-1989<\/td><td>G\u00e9n\u00e9ral Archambeaud<\/td><\/tr><tr><td class=\"has-text-align-center\" data-align=\"center\">1989-1992<\/td><td>G\u00e9n\u00e9ral Brun<\/td><\/tr><tr><td class=\"has-text-align-center\" data-align=\"center\">1992-1995<\/td><td>G\u00e9n\u00e9ral Dumaz<\/td><\/tr><tr><td class=\"has-text-align-center\" data-align=\"center\">1995-1998<\/td><td>G\u00e9n\u00e9ral Fouquet<\/td><\/tr><tr><td class=\"has-text-align-center\" data-align=\"center\">1998-2001<\/td><td>G\u00e9n\u00e9ral Gosset<\/td><\/tr><tr><td class=\"has-text-align-center\" data-align=\"center\">2001-2002<\/td><td>G\u00e9n\u00e9ral Mollard<\/td><\/tr><tr><td class=\"has-text-align-center\" data-align=\"center\">2002-2006<\/td><td>G\u00e9n\u00e9ral Martin<\/td><\/tr><tr><td class=\"has-text-align-center\" data-align=\"center\">2006-2008<\/td><td>G\u00e9n\u00e9ral Maire<\/td><\/tr><tr><td class=\"has-text-align-center\" data-align=\"center\">2008-2011<\/td><td>G\u00e9n\u00e9ral Mercier<\/td><\/tr><tr><td class=\"has-text-align-center\" data-align=\"center\">2011-2013<\/td><td>G\u00e9n\u00e9ral Mod\u00e9r\u00e9<\/td><\/tr><tr><td class=\"has-text-align-center\" data-align=\"center\">2013-2016<\/td><td>G\u00e9n\u00e9ral Pollet<\/td><\/tr><tr><td class=\"has-text-align-center\" data-align=\"center\">2016-2018<\/td><td>G\u00e9n\u00e9ral Autellet<\/td><\/tr><tr><td class=\"has-text-align-center\" data-align=\"center\">2018-2020<\/td><td>G\u00e9n\u00e9ral Bellanger<\/td><\/tr><tr><td class=\"has-text-align-center\" data-align=\"center\">2020-2022<\/td><td>G\u00e9n\u00e9ral Arbiol<\/td><\/tr><tr><td class=\"has-text-align-center\" data-align=\"center\">2022-<\/td><td>G\u00e9n\u00e9ral R\u00e9al<\/td><\/tr><\/tbody><\/table><\/figure>\n\n\n<h1 style=\"text-align: center;\"><span style=\"color: #333333;\"><strong>Les Directeurs<\/strong><\/span><\/h1>\n\n\n<figure class=\"wp-block-table\"><table class=\"has-background has-fixed-layout\" style=\"background:linear-gradient(90deg,rgb(255,245,203) 0%,rgb(182,227,212) 50%,rgb(51,167,181) 100%)\"><tbody><tr><td class=\"has-text-align-center\" data-align=\"center\">1970-1972<\/td><td>Commandant Labatut<\/td><\/tr><tr><td class=\"has-text-align-center\" data-align=\"center\">1972-1973<\/td><td>Capitaine P\u00e9castaing<\/td><\/tr><tr><td class=\"has-text-align-center\" data-align=\"center\">1973-1976<\/td><td>Lieutenant colonel Cazenave-Vergez<\/td><\/tr><tr><td class=\"has-text-align-center\" data-align=\"center\">1976-1981<\/td><td>Lieutenant colonel Kerjean<\/td><\/tr><tr><td class=\"has-text-align-center\" data-align=\"center\">1981-1982<\/td><td>Lieutenant colonel Gomila<\/td><\/tr><tr><td class=\"has-text-align-center\" data-align=\"center\">1982-1985<\/td><td>Lieutenant colonel Pencalet<\/td><\/tr><tr><td class=\"has-text-align-center\" data-align=\"center\">1985-1988<\/td><td>Commandant Houssin<\/td><\/tr><tr><td class=\"has-text-align-center\" data-align=\"center\">1988-1994<\/td><td>Commandant Valpr\u00e9my<\/td><\/tr><tr><td class=\"has-text-align-center\" data-align=\"center\">1994-1997<\/td><td>Commandant Astrugue<\/td><\/tr><tr><td class=\"has-text-align-center\" data-align=\"center\">1998-1999<\/td><td>Lieutenant colonel Molle<\/td><\/tr><tr><td class=\"has-text-align-center\" data-align=\"center\">1999-2000<\/td><td>Capitaine Bestel<\/td><\/tr><tr><td class=\"has-text-align-center\" data-align=\"center\">2000-2003<\/td><td>Adjudant chef Mollard<\/td><\/tr><tr><td class=\"has-text-align-center\" data-align=\"center\">2003-2006<\/td><td>Colonel(er) Voisin<\/td><\/tr><tr><td class=\"has-text-align-center\" data-align=\"center\">2006-<\/td><td>Jean Michel Seitz<\/td><\/tr><\/tbody><\/table><\/figure>\n","protected":false},"excerpt":{"rendered":"<p>Les Pr\u00e9sidents 1973-1989 G\u00e9n\u00e9ral Archambeaud 1989-1992 G\u00e9n\u00e9ral Brun 1992-1995 G\u00e9n\u00e9ral Dumaz 1995-1998 G\u00e9n\u00e9ral Fouquet 1998-2001 G\u00e9n\u00e9ral Gosset 2001-2002 G\u00e9n\u00e9ral Mollard 2002-2006 G\u00e9n\u00e9ral Martin 2006-2008 G\u00e9n\u00e9ral &hellip;<\/p>\n","protected":false},"author":1,"featured_media":5915,"parent":0,"menu_order":0,"comment_status":"closed","ping_status":"closed","template":"","meta":{"om_disable_all_campaigns":false,"_monsterinsights_skip_tracking":false,"_monsterinsights_sitenote_active":false,"_monsterinsights_sitenote_note":"","_monsterinsights_sitenote_category":0,"footnotes":""},"class_list":["post-43","page","type-page","status-publish","has-post-thumbnail","hentry"],"aioseo_notices":[],"_links":{"self":[{"href":"https:\/\/golfecoledelair.fr\/index.php\/wp-json\/wp\/v2\/pages\/43","targetHints":{"allow":["GET"]}}],"collection":[{"href":"https:\/\/golfecoledelair.fr\/index.php\/wp-json\/wp\/v2\/pages"}],"about":[{"href":"https:\/\/golfecoledelair.fr\/index.php\/wp-json\/wp\/v2\/types\/page"}],"author":[{"embeddable":true,"href":"https:\/\/golfecoledelair.fr\/index.php\/wp-json\/wp\/v2\/users\/1"}],"replies":[{"embeddable":true,"href":"https:\/\/golfecoledelair.fr\/index.php\/wp-json\/wp\/v2\/comments?post=43"}],"version-history":[{"count":10,"href":"https:\/\/golfecoledelair.fr\/index.php\/wp-json\/wp\/v2\/pages\/43\/revisions"}],"predecessor-version":[{"id":8631,"href":"https:\/\/golfecoledelair.fr\/index.php\/wp-json\/wp\/v2\/pages\/43\/revisions\/8631"}],"wp:featuredmedia":[{"embeddable":true,"href":"https:\/\/golfecoledelair.fr\/index.php\/wp-json\/wp\/v2\/media\/5915"}],"wp:attachment":[{"href":"https:\/\/golfecoledelair.fr\/index.php\/wp-json\/wp\/v2\/media?parent=43"}],"curies":[{"name":"wp","href":"https:\/\/api.w.org\/{rel}","templated":true}]}}