{"id":45,"date":"2021-08-13T22:08:05","date_gmt":"2021-08-13T20:08:05","guid":{"rendered":"https:\/\/golfecoledelair.fr\/?page_id=45"},"modified":"2026-04-13T22:32:44","modified_gmt":"2026-04-13T20:32:44","slug":"enseignement","status":"publish","type":"page","link":"https:\/\/golfecoledelair.fr\/index.php\/enseignement\/","title":{"rendered":"Enseignement"},"content":{"rendered":"\n<p class=\"has-large-font-size\"><strong>Le Professeur<\/strong><\/p>\n\n\n<p><img loading=\"lazy\" decoding=\"async\" class=\"aligncenter\" src=\"https:\/\/golfecoledelair.fr\/wp-content\/uploads\/2021\/08\/Sylvain-Sauvage3.jpg\" alt=\". .\" width=\"251\" height=\"377\" \/><\/p>\n<p style=\"text-align: center;\"><strong>Sylvain Sauvage<\/strong><\/p>\n<p style=\"text-align: center;\">T\u00e9l\u00e9phone : 06 63 62 93 98<\/p>\n<p style=\"text-align: center;\">mail : <a href=\"mailto:s.sauvage1@free.fr\">s.sauvage1@free.fr<\/a><\/p>\n<p style=\"text-align: center;\">Site Internet : <a href=\"https:\/\/pga2s.com\/\" target=\"_blank\" rel=\"noopener\">pga2s.com<\/a><\/p>\n<p style=\"text-align: center;\">***<\/p>\n<h5 style=\"text-align: center;\"><span style=\"color: #0000ff;\"><em><strong>Reprise des cours pour la saison 2025-2026 :\u00a0<\/strong><\/em><\/span><span style=\"color: #0000ff;\"><em><strong>mercredi 03 septembre 2025<\/strong><\/em><\/span><\/h5>\n<p style=\"text-align: center;\">***<\/p>\n\n\n<p class=\"has-large-font-size\"> <strong>L&rsquo;\u00e9cole de golf<\/strong><\/p>\n\n\n<p style=\"text-align: center;\"><img loading=\"lazy\" decoding=\"async\" class=\"alignnone wp-image-10032 size-large\" src=\"https:\/\/golfecoledelair.fr\/wp-content\/uploads\/2026\/04\/Ecole-de-golf-2026b-1024x668.jpg\" alt=\"\" width=\"1024\" height=\"668\" srcset=\"https:\/\/golfecoledelair.fr\/wp-content\/uploads\/2026\/04\/Ecole-de-golf-2026b-1024x668.jpg 1024w, https:\/\/golfecoledelair.fr\/wp-content\/uploads\/2026\/04\/Ecole-de-golf-2026b-300x196.jpg 300w, https:\/\/golfecoledelair.fr\/wp-content\/uploads\/2026\/04\/Ecole-de-golf-2026b-768x501.jpg 768w, https:\/\/golfecoledelair.fr\/wp-content\/uploads\/2026\/04\/Ecole-de-golf-2026b-1536x1002.jpg 1536w, https:\/\/golfecoledelair.fr\/wp-content\/uploads\/2026\/04\/Ecole-de-golf-2026b-2048x1337.jpg 2048w, https:\/\/golfecoledelair.fr\/wp-content\/uploads\/2026\/04\/Ecole-de-golf-2026b-460x300.jpg 460w\" sizes=\"auto, (max-width: 1024px) 100vw, 1024px\" \/><\/p>\n<p style=\"text-align: center;\">\u00a0<\/p>\n<p>Le but de l&rsquo;\u00e9cole de golf est double :<\/p>\n<ul>\n<li style=\"list-style-type: none;\">\n<ul>\n<li style=\"list-style-type: none;\">\n<ul id=\"block-8ac4177f-d28e-49f3-a577-de7029f79de4\" class=\"block-editor-rich-text__editable block-editor-block-list__block wp-block is-selected rich-text\" tabindex=\"0\" role=\"group\" contenteditable=\"true\" aria-multiline=\"true\" aria-label=\"Bloc\u00a0: Liste\" data-block=\"8ac4177f-d28e-49f3-a577-de7029f79de4\" data-type=\"core\/list\" data-title=\"Liste\">\n<li>Cr\u00e9er <strong>l&rsquo;autonomie<\/strong> des enfants sur le parcours,<\/li>\n<li>Amener les plus volontaires \u00e0 rejoindre les <strong>\u00e9quipes repr\u00e9sentatives<\/strong> du Club.<\/li>\n<\/ul>\n<\/li>\n<\/ul>\n<\/li>\n<\/ul>\n<p>Les enfants sont encadr\u00e9s par<strong> Andr\u00e9 Cornu\u00e9, Elodie Errecade et Jean Bergey<\/strong>\u00a0sous la direction de <strong>Sylvain Sauvage<\/strong>.<\/p>\n<p><strong data-rich-text-format-boundary=\"true\">I &#8211;\u00a0Organisation des cours<\/strong><\/p>\n<p>L&rsquo;\u00e9cole de golf est ouverte aux enfants de 4 \u00e0 17 ans<\/p>\n<p>Elle est organis\u00e9e en <strong>4 niveaux<\/strong> :<\/p>\n<p style=\"padding-left: 80px;\"><strong>Baby :<\/strong> samedi de 9 h 30 \u00e010 h 30.<\/p>\n<p style=\"padding-left: 80px;\"><strong>D\u00e9butants :<\/strong> mercredi de 15 h 00 \u00e0 17 h 00.<\/p>\n<ul>\n<li style=\"list-style-type: none;\">\n<ul>\n<li style=\"list-style-type: none;\">\n<ul>\n<li style=\"list-style-type: none;\">\n<ul>\n<li>15 h 00 0 16 h 00 : cours avec Sylvain,<\/li>\n<li>16 h 00 \u00e0 17 h 00 : parcours avec les ASBC d\u00e8s que le niveau est suffisant.<\/li>\n<\/ul>\n<\/li>\n<\/ul>\n<\/li>\n<\/ul>\n<\/li>\n<\/ul>\n<p style=\"padding-left: 80px;\"><strong>Loisir :<\/strong> mercredi de 14 h 00 \u00e0 17 h 00 :<\/p>\n<ul>\n<li style=\"list-style-type: none;\">\n<ul>\n<li style=\"list-style-type: none;\">\n<ul>\n<li style=\"list-style-type: none;\">\n<ul>\n<li>14 h 00 \u00e0 15 h 00 : cours avec Sylvain,<\/li>\n<li>15 h 00 \u00e0 17 h 00 : parcours en autonomie et\/ou avec les parents selon le niveau.<\/li>\n<\/ul>\n<\/li>\n<\/ul>\n<\/li>\n<\/ul>\n<\/li>\n<\/ul>\n<p style=\"padding-left: 80px;\"><strong>Comp\u00e9tition <\/strong><strong>:<\/strong><\/p>\n<ul>\n<li style=\"list-style-type: none;\">\n<ul>\n<li style=\"list-style-type: none;\">\n<ul>\n<li style=\"list-style-type: none;\">\n<ul>\n<li><span style=\"font-size: revert; text-indent: 0em;\">Mercredi de 14 h 00 \u00e0 17 h 00 :<\/span>\n<ul>\n<li style=\"list-style-type: none;\">\n<ul>\n<li><span style=\"font-size: revert; text-indent: 0em;\">14 h 00 \u00e0 16 h 00 : parcours avec les ASBC,<\/span><\/li>\n<li>16 h 00 \u00e0 17 h 00 : cours avec Sylvain.<\/li>\n<\/ul>\n<\/li>\n<\/ul>\n<\/li>\n<li>Samedi de 10 h 00 \u00e0 12 h 00 :\n<ul>\n<li style=\"list-style-type: none;\">\n<ul>\n<li>10 h 00 \u00e0 11 h 00 : parcours avec les ASBC,<\/li>\n<li>11 h 00 \u00e0 12 h 00 : cours avec Sylvain.<\/li>\n<\/ul>\n<\/li>\n<\/ul>\n<\/li>\n<\/ul>\n<\/li>\n<\/ul>\n<\/li>\n<\/ul>\n<\/li>\n<\/ul>\n<p>Les cours sont assur\u00e9s de mi-septembre \u00e0 fin juin sauf pendant les vacances scolaires.<\/p>\n<p><strong data-rich-text-format-boundary=\"true\">II &#8211; Organisation des groupes.<\/strong><\/p>\n<p>En d\u00e9but d&rsquo;ann\u00e9e, la r\u00e9partition dans les diff\u00e9rents groupes est effectu\u00e9e en fonction des index.<\/p>\n<p>Des <strong>\u00e9preuves d&rsquo;\u00e9valuation<\/strong> sont organis\u00e9es tout au long de la saison. Une passerelle est mise en place entre chaque groupe. Le club se r\u00e9serve la possibilit\u00e9 de r\u00e9inscrire un enfant l&rsquo;ann\u00e9e suivante en fonction de la motivation et de l&rsquo;assiduit\u00e9 durant les cours.<\/p>\n<p><strong data-rich-text-format-boundary=\"true\">III &#8211; Inscriptions, d\u00e9but des cours.<\/strong><\/p>\n<p>Les<strong> inscriptions ont lieu \u00e0 partir de fin ao\u00fbt<\/strong> au secr\u00e9tariat du club. La priorit\u00e9 est accord\u00e9e aux enfants des personnels de la D\u00e9fense.<\/p>\n<p><span style=\"color: #1f1e1e;\">D\u00e9but des cours :<\/span><strong><span style=\"color: #0000ff;\"> d\u00e9but septembre 2025.<\/span><\/strong><\/p>\n<p><strong>IV &#8211; Tarifs \/ an, comprenant cours, acc\u00e8s au parcours, pr\u00eat du mat\u00e9riel, licence et polo<\/strong><\/p>\n<p>Baby golf et D\u00e9butants : 170 \u20ac, Loisir : 200 \u20ac, Comp\u00e9tition : 240 \u20ac.<\/p>\n<ul id=\"block-88bdc88f-2fe9-47c4-b72d-d1e1baa91c04\" class=\"block-editor-rich-text__editable block-editor-block-list__block wp-block is-selected rich-text\" tabindex=\"0\" role=\"group\" contenteditable=\"true\" aria-multiline=\"true\" aria-label=\"Bloc\u00a0: Liste\" data-block=\"88bdc88f-2fe9-47c4-b72d-d1e1baa91c04\" data-type=\"core\/list\" data-title=\"Liste\"><\/ul>\n<p style=\"text-align: center;\"><img loading=\"lazy\" decoding=\"async\" class=\"alignnone wp-image-3426 size-large\" src=\"https:\/\/golfecoledelair.fr\/wp-content\/uploads\/2022\/11\/ecole-de-golf-nov-2022-5-1024x768.jpg\" alt=\". .\" width=\"1024\" height=\"768\" srcset=\"https:\/\/golfecoledelair.fr\/wp-content\/uploads\/2022\/11\/ecole-de-golf-nov-2022-5-1024x768.jpg 1024w, https:\/\/golfecoledelair.fr\/wp-content\/uploads\/2022\/11\/ecole-de-golf-nov-2022-5-300x225.jpg 300w, https:\/\/golfecoledelair.fr\/wp-content\/uploads\/2022\/11\/ecole-de-golf-nov-2022-5-768x576.jpg 768w, https:\/\/golfecoledelair.fr\/wp-content\/uploads\/2022\/11\/ecole-de-golf-nov-2022-5-1536x1152.jpg 1536w, https:\/\/golfecoledelair.fr\/wp-content\/uploads\/2022\/11\/ecole-de-golf-nov-2022-5-400x300.jpg 400w, https:\/\/golfecoledelair.fr\/wp-content\/uploads\/2022\/11\/ecole-de-golf-nov-2022-5.jpg 1632w\" sizes=\"auto, (max-width: 1024px) 100vw, 1024px\" \/><\/p>\n<p style=\"text-align: center;\"><img loading=\"lazy\" decoding=\"async\" class=\"alignnone wp-image-8937\" src=\"https:\/\/golfecoledelair.fr\/wp-content\/uploads\/2025\/10\/Championne-du-club-2025-1-226x300.jpg\" alt=\"\" width=\"452\" height=\"600\" srcset=\"https:\/\/golfecoledelair.fr\/wp-content\/uploads\/2025\/10\/Championne-du-club-2025-1-226x300.jpg 226w, https:\/\/golfecoledelair.fr\/wp-content\/uploads\/2025\/10\/Championne-du-club-2025-1-771x1024.jpg 771w, https:\/\/golfecoledelair.fr\/wp-content\/uploads\/2025\/10\/Championne-du-club-2025-1-768x1019.jpg 768w, https:\/\/golfecoledelair.fr\/wp-content\/uploads\/2025\/10\/Championne-du-club-2025-1-1157x1536.jpg 1157w, https:\/\/golfecoledelair.fr\/wp-content\/uploads\/2025\/10\/Championne-du-club-2025-1-1543x2048.jpg 1543w, https:\/\/golfecoledelair.fr\/wp-content\/uploads\/2025\/10\/Championne-du-club-2025-1-scaled.jpg 1929w\" sizes=\"auto, (max-width: 452px) 100vw, 452px\" \/><\/p>\n<p style=\"text-align: center;\"><strong>Margot Delgado championne du club 2025 et Sylvain Sauvage<\/strong><\/p>\n<p style=\"text-align: center;\">***<\/p>\n\n\n<p class=\"has-large-font-size\"><strong>Le pass carte verte<\/strong><\/p>\n\n\n\n<p> En d\u00e9but de cycle, un test d&rsquo;\u00e9valuation permet de d\u00e9terminer les niveaux \u00e0 obtenir :  trois niveaux, ou deux ou simplement le final.<\/p>\n\n\n\n<figure class=\"wp-block-table alignwide is-style-regular\"><table class=\"has-electric-grass-gradient-background has-background has-fixed-layout\"><tbody><tr><td class=\"has-text-align-center\" data-align=\"center\"><strong>Niveau 1 : d\u00e9buter<\/strong><\/td><td class=\"has-text-align-center\" data-align=\"center\"><strong>Niveau 2 : progresser<\/strong><\/td><td class=\"has-text-align-center\" data-align=\"center\"><strong>Niveau 3 : test final<\/strong><\/td><\/tr><tr><td class=\"has-text-align-center\" data-align=\"center\">Putting<br>Petit jeu<br>Mise en jeu<br>\u00c9tiquette<br>R\u00e8gles<br><br><br>4 le\u00e7ons +<br>2 parcours<br>(75 \u00e0 90 m du green)<\/td><td class=\"has-text-align-center\" data-align=\"center\">Putting<br>Petit jeu<br>Jeu long<br>Mise en jeu<br>\u00c9tiquette<br>R\u00e8gles<br><br>4 le\u00e7ons +<br>2 parcours \u00e9cole de golf<\/td><td class=\"has-text-align-center\" data-align=\"center\">Putting<br>Petit jeu<br>Jeu long<br>Mise en jeu<br>\u00c9tiquette<br>R\u00e8gles<br><br>4 le\u00e7ons +<br>4 parcours puis<br>\u00e9valuation validation<\/td><\/tr><\/tbody><\/table><\/figure>\n\n\n<p>Tarifs :<\/p>\n<p>Niveaux 1+ 2 + 3 : 500 \u20ac;\u00a0 niveaux 2 + 3 : 400 \u20ac;\u00a0 niveau 3 : 300 \u20ac.<\/p>\n<p>Ces prix incluent :<\/p>\n<ul>\n<li>Les licences FFG et FCD, le badge d&rsquo;acc\u00e8s \u00e0 la base a\u00e9rienne,<\/li>\n<li>1 carte de practice de 30 seaux, le pr\u00eat de mat\u00e9riel,<\/li>\n<li>les le\u00e7ons (12 ou 8 ou 4), les parcours (8 ou 6 ou 4),<\/li>\n<li>l&rsquo;\u00e9valuation parcours par un membre de la commission sportive pour validation de la carte verte.<\/li>\n<\/ul>\n<p>Pour les inscriptions, prendre contact directement avec Sylvain.<\/p>\n<p style=\"text-align: center;\">***<\/p>\n\n\n<p class=\"has-large-font-size\"><strong>Les cours collectifs<\/strong><\/p>\n\n\n<ul>\n<li>\n<h5><strong data-rich-text-format-boundary=\"true\">Les cours collectifs d&rsquo;entrainement des \u00e9quipes repr\u00e9sentatives :<\/strong><\/h5>\n<\/li>\n<\/ul>\n<p style=\"padding-left: 40px;\">Ces cours collectifs sont destin\u00e9s aux membres du club s&rsquo;engageant \u00e0 participer dans l&rsquo;ann\u00e9e golfique (1er septembre &#8211; 30 juin) aux comp\u00e9titions se d\u00e9roulant sur le golf de l&rsquo;\u00c9cole de l&rsquo;air et\/ou sur des golfs ext\u00e9rieurs en week end et\/ou semaine :<\/p>\n<ul>\n<li style=\"list-style-type: none;\">\n<ul>\n<li style=\"list-style-type: none;\">\n<ul>\n<li>comp\u00e9titions club en week end,<\/li>\n<li>comp\u00e9titions interclubs en semaine le plus souvent (\u00e0 Salon ou \u00e0 l&rsquo;ext\u00e9rieur),<\/li>\n<li>comp\u00e9titions FCD et FFG en semaine et week end (\u00e0 Salon ou \u00e0 l&rsquo;ext\u00e9rieur).<\/li>\n<\/ul>\n<\/li>\n<\/ul>\n<\/li>\n<\/ul>\n<p style=\"padding-left: 40px;\">Le co\u00fbt annuel, dont une partie est prise ne charge par le club, est fonction du nombre d\u2019inscrits dans chaque groupe, id\u00e9alement 10 personnes par groupe, 8 pour les cours \u00ab \u00e9quipe \u00bb.<\/p>\n<p style=\"padding-left: 40px;\">Les inscriptions sont ouvertes durant l&rsquo;\u00e9t\u00e9 sur le tableau situ\u00e9 \u00e0 l&rsquo;entr\u00e9e du club.<\/p>\n<p style=\"padding-left: 40px;\">D\u00e9but des cours : \u00e0 partir du d\u00e9but<span style=\"color: #0000ff;\"><strong> septembre 2025<\/strong><\/span><span style=\"color: #000000;\">.<\/span><\/p>\n<h5 style=\"padding-left: 40px;\">Cr\u00e9neaux<\/h5>\n<p style=\"padding-left: 80px;\">Dur\u00e9e des s\u00e9ances : de 01 h 00 \u00e0 01 h 30 selon les cr\u00e9neaux.<\/p>\n<p style=\"padding-left: 80px;\">Jours et horaires :<\/p>\n<h6 style=\"padding-left: 80px;\">Messieurs<\/h6>\n<ul>\n<li style=\"list-style-type: none;\">\n<ul id=\"block-a6ece55b-d2cb-425f-9e5b-0ba3486df104\" class=\"block-editor-rich-text__editable block-editor-block-list__block wp-block is-selected rich-text\" tabindex=\"0\" role=\"group\" contenteditable=\"true\" aria-multiline=\"true\" aria-label=\"Bloc\u00a0: Liste\" data-block=\"a6ece55b-d2cb-425f-9e5b-0ba3486df104\" data-type=\"core\/list\" data-title=\"Liste\">\n<li>index &lt; 36\n<ul id=\"block-a6ece55b-d2cb-425f-9e5b-0ba3486df104\" class=\"block-editor-rich-text__editable block-editor-block-list__block wp-block is-selected rich-text\" tabindex=\"0\" role=\"group\" contenteditable=\"true\" aria-multiline=\"true\" aria-label=\"Bloc\u00a0: Liste\" data-block=\"a6ece55b-d2cb-425f-9e5b-0ba3486df104\" data-type=\"core\/list\" data-title=\"Liste\">\n<li>lundi :\u00a0 \u00a0 \u00a0 \u00a0 \u00a0 \u00a013 h 15 &#8211; 14 h 30, groupe 2,<\/li>\n<li>lundi :\u00a0 \u00a0 \u00a0 \u00a0 \u00a0 \u00a014 h 30 &#8211; 15 h 45, groupe 2 bis,<\/li>\n<li>vendredi :\u00a0 \u00a0 \u00a014 h 00 &#8211; 15 h 15, groupe 2 ter.<\/li>\n<\/ul>\n<\/li>\n<li>index &lt; 18 :\n<ul id=\"block-a6ece55b-d2cb-425f-9e5b-0ba3486df104\" class=\"block-editor-rich-text__editable block-editor-block-list__block wp-block is-selected rich-text\" tabindex=\"0\" role=\"group\" contenteditable=\"true\" aria-multiline=\"true\" aria-label=\"Bloc\u00a0: Liste\" data-block=\"a6ece55b-d2cb-425f-9e5b-0ba3486df104\" data-type=\"core\/list\" data-title=\"Liste\">\n<li>vendredi :\u00a0 \u00a0 15 h 15 &#8211; 16 h 30, groupe 3, \u00ab\u00a0\u00e9quipe\u00a0\u00bb.<\/li>\n<\/ul>\n<\/li>\n<\/ul>\n<\/li>\n<\/ul>\n<h6 style=\"padding-left: 80px;\">Dames\u00a0<\/h6>\n<ul>\n<li style=\"list-style-type: none;\">\n<ul id=\"block-a6ece55b-d2cb-425f-9e5b-0ba3486df104\" class=\"block-editor-rich-text__editable block-editor-block-list__block wp-block is-selected rich-text\" tabindex=\"0\" role=\"group\" contenteditable=\"true\" aria-multiline=\"true\" aria-label=\"Bloc\u00a0: Liste\" data-block=\"a6ece55b-d2cb-425f-9e5b-0ba3486df104\" data-type=\"core\/list\" data-title=\"Liste\">\n<li>index de 22,1 \u00e0 40 :\n<ul id=\"block-a6ece55b-d2cb-425f-9e5b-0ba3486df104\" class=\"block-editor-rich-text__editable block-editor-block-list__block wp-block is-selected rich-text\" tabindex=\"0\" role=\"group\" contenteditable=\"true\" aria-multiline=\"true\" aria-label=\"Bloc\u00a0: Liste\" data-block=\"a6ece55b-d2cb-425f-9e5b-0ba3486df104\" data-type=\"core\/list\" data-title=\"Liste\">\n<li>mardi :\u00a0 \u00a0 \u00a0 \u00a0 \u00a010 h 00 &#8211; 11 h 00, groupe 5,<\/li>\n<li>mardi :\u00a0 \u00a0 \u00a0 \u00a0 \u00a011 h 00 &#8211; 12 h 00,groupe 5 bis,<\/li>\n<li>vendredi : \u00a0 \u00a010 h 00 &#8211; 11 h 00, groupe 5 ter.<\/li>\n<\/ul>\n<\/li>\n<li>index &lt; 35 :\n<ul id=\"block-a6ece55b-d2cb-425f-9e5b-0ba3486df104\" class=\"block-editor-rich-text__editable block-editor-block-list__block wp-block is-selected rich-text\" tabindex=\"0\" role=\"group\" contenteditable=\"true\" aria-multiline=\"true\" aria-label=\"Bloc\u00a0: Liste\" data-block=\"a6ece55b-d2cb-425f-9e5b-0ba3486df104\" data-type=\"core\/list\" data-title=\"Liste\">\n<li>mercredi :\u00a0 \u00a0 10 h 00 &#8211; 11 h 30, groupe 4 \u00ab\u00a0\u00e9quipe\u00a0\u00bb.<\/li>\n<\/ul>\n<\/li>\n<\/ul>\n<\/li>\n<\/ul>\n<ul>\n<li>\n<h5><strong data-rich-text-format-boundary=\"true\">Les cours collectifs \u00e0 titre personnel<\/strong> :<\/h5>\n<ul>\n<li style=\"list-style-type: none;\">\n<ul>\n<li style=\"list-style-type: none;\">\n<ul>\n<li>Prendre contact directement avec Sylvain.<\/li>\n<\/ul>\n<\/li>\n<\/ul>\n<\/li>\n<\/ul>\n<\/li>\n<\/ul>\n<p style=\"text-align: center;\">***<\/p>\n\n\n<p class=\"has-large-font-size\"> <strong>Les cours individuels<\/strong><\/p>\n\n\n<p style=\"padding-left: 40px;\">Contacter directement Sylvain Sauvage.<\/p>\n<ul>\n<li style=\"list-style-type: none;\">\n<ul>\n<li style=\"list-style-type: none;\">\n<ul>\n<li><span style=\"color: #000000;\">Cours individuels : 28\u20ac \/ 30 minutes,<\/span><\/li>\n<li><span style=\"color: #000000;\">Cours collectifs \u00a0(3 personnes ou plus) : 20\u20ac \/ personne \/ heure,<\/span><\/li>\n<li><span style=\"color: #000000;\">Cours collectifs (groupe r\u00e9gulier ) : 50\u20ac \/ heure pour le groupe,<\/span><\/li>\n<li><span style=\"color: #000000;\">Cours hebdomadaires : 70\u20ac le trimestre,<\/span><\/li>\n<li><span style=\"color: #000000;\">Stage semaine \u00e0 partir de : 150\u20ac,<\/span><\/li>\n<li><span style=\"color: #000000;\">Stage week-end \u00e0 partir de : 150\u20ac,<\/span><\/li>\n<li><span style=\"color: #000000;\">Parcours accompagn\u00e9 : 100\u20ac \/9 trous ou 2h30 \/ divisible au nombre de joueurs,<\/span><\/li>\n<li><span style=\"color: #000000;\">Cours putting : 60\u20ac (1h30),<\/span><\/li>\n<li><span style=\"color: #000000;\">Journ\u00e9e compl\u00e8te (analyse cours et parcours ) : 300\u20ac,<\/span><\/li>\n<li><span style=\"color: #000000;\">Initiation,<\/span><\/li>\n<li>Cours en simulateur avec utilisation des nouvelles technologies :\n<ul>\n<li>logiciel d&rsquo;analyse du putting,<\/li>\n<li>tapis permettant de comprendre les appuis,<\/li>\n<li>radar d&rsquo;analyse du vol de la balle et du trajet du club,<\/li>\n<li>simulateur pour du golf indoor permettant de s&rsquo;entrainer ou jouer sur des parcours mythiques.<\/li>\n<\/ul>\n<\/li>\n<li><strong>Nouveau<\/strong> : cours de pr\u00e9paration mentale pour la performance.<\/li>\n<li><strong>Offre de rentr\u00e9e<\/strong> : 2 heures pour red\u00e9marrer la saison : 80 \u20ac\n<ul>\n<li>1 heure sur le parcours pour retrouver les bons rep\u00e8res,<\/li>\n<li>30 minutes pour remettre en place le swing au practice,<\/li>\n<li>30 minutes au petit jeu pour retrouver du toucher.<\/li>\n<\/ul>\n<\/li>\n<\/ul>\n<\/li>\n<\/ul>\n<\/li>\n<\/ul>\n\n\n<p><\/p>\n","protected":false},"excerpt":{"rendered":"<p>Le Professeur Sylvain Sauvage T\u00e9l\u00e9phone : 06 63 62 93 98 mail : s.sauvage1@free.fr Site Internet : pga2s.com *** Reprise des cours pour la saison &hellip;<\/p>\n","protected":false},"author":1,"featured_media":5874,"parent":0,"menu_order":0,"comment_status":"closed","ping_status":"closed","template":"","meta":{"om_disable_all_campaigns":false,"_monsterinsights_skip_tracking":false,"_monsterinsights_sitenote_active":false,"_monsterinsights_sitenote_note":"","_monsterinsights_sitenote_category":0,"footnotes":""},"class_list":["post-45","page","type-page","status-publish","has-post-thumbnail","hentry"],"aioseo_notices":[],"_links":{"self":[{"href":"https:\/\/golfecoledelair.fr\/index.php\/wp-json\/wp\/v2\/pages\/45","targetHints":{"allow":["GET"]}}],"collection":[{"href":"https:\/\/golfecoledelair.fr\/index.php\/wp-json\/wp\/v2\/pages"}],"about":[{"href":"https:\/\/golfecoledelair.fr\/index.php\/wp-json\/wp\/v2\/types\/page"}],"author":[{"embeddable":true,"href":"https:\/\/golfecoledelair.fr\/index.php\/wp-json\/wp\/v2\/users\/1"}],"replies":[{"embeddable":true,"href":"https:\/\/golfecoledelair.fr\/index.php\/wp-json\/wp\/v2\/comments?post=45"}],"version-history":[{"count":227,"href":"https:\/\/golfecoledelair.fr\/index.php\/wp-json\/wp\/v2\/pages\/45\/revisions"}],"predecessor-version":[{"id":10034,"href":"https:\/\/golfecoledelair.fr\/index.php\/wp-json\/wp\/v2\/pages\/45\/revisions\/10034"}],"wp:featuredmedia":[{"embeddable":true,"href":"https:\/\/golfecoledelair.fr\/index.php\/wp-json\/wp\/v2\/media\/5874"}],"wp:attachment":[{"href":"https:\/\/golfecoledelair.fr\/index.php\/wp-json\/wp\/v2\/media?parent=45"}],"curies":[{"name":"wp","href":"https:\/\/api.w.org\/{rel}","templated":true}]}}