{"id":47,"date":"2021-08-13T22:08:23","date_gmt":"2021-08-13T20:08:23","guid":{"rendered":"https:\/\/golfecoledelair.fr\/?page_id=47"},"modified":"2026-04-05T17:27:31","modified_gmt":"2026-04-05T15:27:31","slug":"competitions","status":"publish","type":"page","link":"https:\/\/golfecoledelair.fr\/index.php\/competitions\/","title":{"rendered":"Comp\u00e9titions"},"content":{"rendered":"<p><strong>Le club participe aux comp\u00e9titions suivantes :<\/strong><\/p>\n<p><strong><em>Comp\u00e9titions de la ligue PACA de golf :<\/em><\/strong><\/p>\n<ul>\n<li style=\"list-style-type: none;\">\n<ul>\n<li>S\u00e9niors masculins : 3\u00e8me division,<\/li>\n<li>Midamateur : 2\u00e8me s\u00e9rie,<\/li>\n<li>S\u00e9niors dames : 2\u00e8me division,<\/li>\n<li>Challenge final de l\u2019\u00e9cole de golf.<\/li>\n<\/ul>\n<\/li>\n<\/ul>\n<p><strong><em>Interclubs :<\/em><\/strong><\/p>\n<ul>\n<li style=\"list-style-type: none;\">\n<ul>\n<li>Ladies Cup,<\/li>\n<li>La Lucienne,<\/li>\n<li>S\u00e9niors de Provence,<\/li>\n<li>Coupe de l\u2019Amiti\u00e9 1\u00e8re et 2\u00e8me s\u00e9ries,<\/li>\n<li>Interclubs s\u00e9niors +.<\/li>\n<\/ul>\n<\/li>\n<\/ul>\n<p><em><strong>Championnat de la F\u00e9d\u00e9ration des clubs de la d\u00e9fense (FCD) :<\/strong><\/em><\/p>\n<ul>\n<li style=\"list-style-type: none;\">\n<ul>\n<li>Championnat de La ligue Provence-Alpes-C\u00f4te d&rsquo;Azur-Corse,<\/li>\n<li>Championnat de France.<\/li>\n<\/ul>\n<\/li>\n<\/ul>\n<p><strong>Il organise :<\/strong><\/p>\n<ul>\n<li style=\"list-style-type: none;\">\n<ul>\n<li>des comp\u00e9titions pour les membres du club, ouvertes \u00e9galement aux joueurs ext\u00e9rieurs,<\/li>\n<li>des comp\u00e9titions \u00e0 la demande de sections golf ext\u00e9rieures ou de comit\u00e9s d\u2019entreprises,<\/li>\n<li>des comp\u00e9titions sous l\u2019\u00e9gide de la Ligue PACA de golf,<\/li>\n<li>des interclubs,<\/li>\n<li>La coupe militaire de l\u2019\u00c9cole de l\u2019Air et de l&rsquo;Espace,<\/li>\n<li>La Ride Air Cup r\u00e9serv\u00e9e aux anciens \u00e9l\u00e8ves de l&rsquo;\u00c9cole de l&rsquo;Air et de Espace.<\/li>\n<\/ul>\n<\/li>\n<\/ul>\n<p class=\"has-text-align-center\">***<\/p>\n\n\n<div class=\"wp-block-media-text alignwide is-stacked-on-mobile is-vertically-aligned-center has-background\" style=\"background:linear-gradient(135deg,rgb(255,245,203) 0%,rgb(182,227,212) 30%,rgb(51,167,181) 100%);grid-template-columns:29% auto\"><figure class=\"wp-block-media-text__media\"><img loading=\"lazy\" decoding=\"async\" width=\"230\" height=\"229\" src=\"https:\/\/golfecoledelair.fr\/wp-content\/uploads\/2021\/08\/logo-golf-230.png\" alt=\". .\" class=\"wp-image-730 size-full\" srcset=\"https:\/\/golfecoledelair.fr\/wp-content\/uploads\/2021\/08\/logo-golf-230.png 230w, https:\/\/golfecoledelair.fr\/wp-content\/uploads\/2021\/08\/logo-golf-230-150x150.png 150w\" sizes=\"auto, (max-width: 230px) 100vw, 230px\" \/><\/figure><div class=\"wp-block-media-text__content\">\n<p class=\"has-text-align-left has-text-color has-link-color wp-elements-fe3b48de215df0f884360959658b4f9a\" style=\"color:#86e0dc\">                                         *<\/p>\n\n\n\n<p><strong><a href=\"https:\/\/golfecoledelair.fr\/com%20sport\/programme 25-26.pdf\" title=\"\">Programme des comp\u00e9titions<\/a><\/strong><\/p>\n\n\n\n<p class=\"has-normal-font-size\"><strong><a href=\"https:\/\/golfecoledelair.fr\/index.php\/competitions-club\/\">Comp\u00e9titions club<\/a><\/strong><\/p>\n\n\n\n<p><a href=\"https:\/\/golfecoledelair.fr\/index.php\/championnat-du-club\/\" title=\"\"><strong>Championnat du club<\/strong><\/a><\/p>\n\n\n\n<p class=\"has-normal-font-size\"><strong><a href=\"https:\/\/golfecoledelair.fr\/index.php\/competitions-equipes\/\">Comp\u00e9titions interclubs :<\/a><\/strong><\/p>\n\n\n\n<ul class=\"wp-block-list\">\n<li>          <strong><a href=\"https:\/\/golfecoledelair.fr\/index.php\/competitions-equipes-dames\/\" title=\"\">Co<\/a><\/strong><a href=\"https:\/\/golfecoledelair.fr\/index.php\/competitions-equipes-dames\/\" title=\"\"><strong>mp\u00e9titions interclubs Dames<\/strong><\/a><\/li>\n<\/ul>\n\n\n\n<ul class=\"wp-block-list\">\n<li>          <strong><a href=\"https:\/\/golfecoledelair.fr\/index.php\/competitions-equipes-mixtes\/\" title=\"\">Co<\/a><\/strong><a href=\"https:\/\/golfecoledelair.fr\/index.php\/competitions-equipes-mixtes\/\" title=\"\"><strong>mp\u00e9titions interclubs Mixtes<\/strong><\/a><\/li>\n<\/ul>\n\n\n\n<p class=\"has-text-align-left has-normal-font-size\"><a href=\"https:\/\/golfecoledelair.fr\/index.php\/competitions-ligue-paca\/\" title=\"\"><strong>Comp\u00e9titions Ligue PACA :<\/strong><\/a><\/p>\n\n\n\n<ul class=\"wp-block-list\">\n<li><strong><a href=\"https:\/\/golfecoledelair.fr\/index.php\/competitions-equipes-dames\/\" title=\"\">C<\/a><\/strong><a href=\"https:\/\/golfecoledelair.fr\/index.php\/competitions-equipes-dames\/\" title=\"\"><strong>omp\u00e9titions Ligue PACA Dames<\/strong><\/a><\/li>\n<\/ul>\n\n\n\n<ul class=\"wp-block-list\">\n<li><strong><a href=\"https:\/\/golfecoledelair.fr\/index.php\/competitions-equipes-messieurs\/\" title=\"\">C<\/a><\/strong><a href=\"https:\/\/golfecoledelair.fr\/index.php\/competitions-equipes-messieurs\/\" title=\"\"><strong>omp\u00e9titions Ligue PACA Messieurs<\/strong><\/a><\/li>\n<\/ul>\n\n\n\n<p class=\"has-normal-font-size\"><strong><a href=\"https:\/\/golfecoledelair.fr\/index.php\/competitions-federation-club-defense\/\">Comp\u00e9titions de la F\u00e9d\u00e9ration des Clubs de la D\u00e9fense  (FCD)<\/a><\/strong><\/p>\n\n\n\n<p class=\"has-normal-font-size\"><strong><a href=\"https:\/\/golfecoledelair.fr\/index.php\/competitions-militaires\/\">Coupe de l&rsquo;\u00c9cole de l&rsquo;Air et de l&rsquo;Espace<\/a><\/strong><\/p>\n\n\n\n<p><a href=\"https:\/\/golfecoledelair.fr\/index.php\/open-patrouille-de-france\/\" title=\"\"><strong>Open PAF<\/strong><\/a><\/p>\n\n\n\n<p class=\"has-normal-font-size\"><a href=\"https:\/\/golfecoledelair.fr\/index.php\/ride-air-cup\/\"><strong>Ride Air Cup<\/strong><\/a><\/p>\n\n\n\n<p><a href=\"https:\/\/golfecoledelair.fr\/index.php\/ringer-score\" title=\"\"><strong>Ringer score<\/strong><\/a><\/p>\n\n\n\n<p><a href=\"https:\/\/golfecoledelair.fr\/index.php\/trophee-les-ailes-brisee\/\" title=\"\"><strong>Troph\u00e9es Les Ailes Bris\u00e9es<\/strong><\/a><\/p>\n\n\n\n<p class=\"has-text-align-left has-normal-font-size\"><strong><a href=\"https:\/\/golfecoledelair.fr\/index.php\/champions-et-records\/\">Champions et records<\/a><\/strong><\/p>\n\n\n\n<p class=\"has-text-color has-link-color wp-elements-10e5eb4832efa4da30581c943669bcff\" style=\"color:#7bbcba\">*<\/p>\n<\/div><\/div>\n","protected":false},"excerpt":{"rendered":"<p>Le club participe aux comp\u00e9titions suivantes : Comp\u00e9titions de la ligue PACA de golf : S\u00e9niors masculins : 3\u00e8me division, Midamateur : 2\u00e8me s\u00e9rie, S\u00e9niors &hellip;<\/p>\n","protected":false},"author":1,"featured_media":5917,"parent":0,"menu_order":0,"comment_status":"closed","ping_status":"closed","template":"","meta":{"om_disable_all_campaigns":false,"_monsterinsights_skip_tracking":false,"_monsterinsights_sitenote_active":false,"_monsterinsights_sitenote_note":"","_monsterinsights_sitenote_category":0,"footnotes":""},"class_list":["post-47","page","type-page","status-publish","has-post-thumbnail","hentry"],"aioseo_notices":[],"_links":{"self":[{"href":"https:\/\/golfecoledelair.fr\/index.php\/wp-json\/wp\/v2\/pages\/47","targetHints":{"allow":["GET"]}}],"collection":[{"href":"https:\/\/golfecoledelair.fr\/index.php\/wp-json\/wp\/v2\/pages"}],"about":[{"href":"https:\/\/golfecoledelair.fr\/index.php\/wp-json\/wp\/v2\/types\/page"}],"author":[{"embeddable":true,"href":"https:\/\/golfecoledelair.fr\/index.php\/wp-json\/wp\/v2\/users\/1"}],"replies":[{"embeddable":true,"href":"https:\/\/golfecoledelair.fr\/index.php\/wp-json\/wp\/v2\/comments?post=47"}],"version-history":[{"count":106,"href":"https:\/\/golfecoledelair.fr\/index.php\/wp-json\/wp\/v2\/pages\/47\/revisions"}],"predecessor-version":[{"id":9877,"href":"https:\/\/golfecoledelair.fr\/index.php\/wp-json\/wp\/v2\/pages\/47\/revisions\/9877"}],"wp:featuredmedia":[{"embeddable":true,"href":"https:\/\/golfecoledelair.fr\/index.php\/wp-json\/wp\/v2\/media\/5917"}],"wp:attachment":[{"href":"https:\/\/golfecoledelair.fr\/index.php\/wp-json\/wp\/v2\/media?parent=47"}],"curies":[{"name":"wp","href":"https:\/\/api.w.org\/{rel}","templated":true}]}}