{"id":49,"date":"2021-08-13T22:09:06","date_gmt":"2021-08-13T20:09:06","guid":{"rendered":"https:\/\/golfecoledelair.fr\/?page_id=49"},"modified":"2026-04-22T14:07:56","modified_gmt":"2026-04-22T12:07:56","slug":"competitions-club","status":"publish","type":"page","link":"https:\/\/golfecoledelair.fr\/index.php\/competitions-club\/","title":{"rendered":"Comp\u00e9titions club"},"content":{"rendered":"<ul>\n<li><span style=\"color: #000000;\">Les comp\u00e9titions club se d\u00e9roulent de septembre \u00e0 juin essentiellement le dimanche.<\/span><\/li>\n<li><span style=\"color: #000000;\">Sauf cas particuliers, elle sont ouvertes aux joueurs ext\u00e9rieurs.<\/span><\/li>\n<li><span style=\"color: #000000;\">Les joueurs s&rsquo;inscrivent sur le tableau pr\u00e9vu \u00e0 cet effet \u00e0 l&rsquo;entr\u00e9e du club.<\/span><\/li>\n<li><span style=\"color: #000000;\">Les inscriptions sont closes \u00e0 J-2.<\/span><\/li>\n<li>Les d\u00e9parts sont affich\u00e9s \u00e0 J-1.<\/li>\n<\/ul>\n\n\n<figure class=\"wp-block-table is-style-regular has-normal-font-size\"><table class=\"has-background\" style=\"background:radial-gradient(rgb(255,245,203) 0%,rgb(182,227,212) 0%,rgb(51,167,181) 100%)\"><tbody><tr><td class=\"has-text-align-center\" data-align=\"center\"><img decoding=\"async\" style=\"width: 50px;\" src=\"https:\/\/golfecoledelair.fr\/wp-content\/uploads\/2021\/09\/Golfeuse02.png\" alt=\". .\"><br><a href=\"http:\/\/golfecoledelair.fr\/com sport\/programme 25-26.pdf\" title=\"\"><strong>Programme pr\u00e9visionnel des comp\u00e9titions : 2025-2026<\/strong><\/a><br><br><img decoding=\"async\" style=\"width: 45px;\" src=\"https:\/\/golfecoledelair.fr\/wp-content\/uploads\/2021\/09\/Golfeur02b.png\" alt=\". .\"><\/td><\/tr><tr><td class=\"has-text-align-center\" data-align=\"center\"><br><img loading=\"lazy\" decoding=\"async\" width=\"500\" height=\"707\" class=\"wp-image-9831\" style=\"width: 500px;\" src=\"https:\/\/golfecoledelair.fr\/wp-content\/uploads\/2026\/04\/ROTARY-2026.jpg\" alt=\"\" srcset=\"https:\/\/golfecoledelair.fr\/wp-content\/uploads\/2026\/04\/ROTARY-2026.jpg 1240w, https:\/\/golfecoledelair.fr\/wp-content\/uploads\/2026\/04\/ROTARY-2026-212x300.jpg 212w, https:\/\/golfecoledelair.fr\/wp-content\/uploads\/2026\/04\/ROTARY-2026-724x1024.jpg 724w, https:\/\/golfecoledelair.fr\/wp-content\/uploads\/2026\/04\/ROTARY-2026-768x1086.jpg 768w, https:\/\/golfecoledelair.fr\/wp-content\/uploads\/2026\/04\/ROTARY-2026-1086x1536.jpg 1086w\" sizes=\"auto, (max-width: 500px) 100vw, 500px\" \/><br><br><a href=\"http:\/\/golfecoledelair.fr\/com%20sport\/r\u00e8glement rotary 2026.pdf\" title=\"\"><strong>Rotary, Troph\u00e9e Jean-Pierre Larue, 26 avril 2026<\/strong><\/a><br><br><strong><a href=\"https:\/\/golfecoledelair.fr\/com%20sport\/d\u00e9parts3.pdf\" title=\"\">D\u00e9parts<\/a><\/strong><br><br><strong><a href=\"http:\/\/golfecoledelair.fr\/com%20sport\/r\u00e9sultats3.pdf\" title=\"\">R\u00e9sultats<\/a><\/strong><br><img loading=\"lazy\" decoding=\"async\" width=\"150\" height=\"150\" class=\"wp-image-7753\" style=\"width: 150px;\" src=\"https:\/\/golfecoledelair.fr\/wp-content\/uploads\/2025\/03\/Rotary-2.png\" alt=\"\" srcset=\"https:\/\/golfecoledelair.fr\/wp-content\/uploads\/2025\/03\/Rotary-2.png 500w, https:\/\/golfecoledelair.fr\/wp-content\/uploads\/2025\/03\/Rotary-2-300x300.png 300w, https:\/\/golfecoledelair.fr\/wp-content\/uploads\/2025\/03\/Rotary-2-150x150.png 150w\" sizes=\"auto, (max-width: 150px) 100vw, 150px\" \/><br><\/td><\/tr><tr><td class=\"has-text-align-center\" data-align=\"center\"><br><img loading=\"lazy\" decoding=\"async\" width=\"500\" height=\"683\" class=\"wp-image-10042\" style=\"width: 500px;\" src=\"https:\/\/golfecoledelair.fr\/wp-content\/uploads\/2026\/04\/Affiche-Mr-TOUR.jpg\" alt=\"\" srcset=\"https:\/\/golfecoledelair.fr\/wp-content\/uploads\/2026\/04\/Affiche-Mr-TOUR.jpg 1218w, https:\/\/golfecoledelair.fr\/wp-content\/uploads\/2026\/04\/Affiche-Mr-TOUR-219x300.jpg 219w, https:\/\/golfecoledelair.fr\/wp-content\/uploads\/2026\/04\/Affiche-Mr-TOUR-749x1024.jpg 749w, https:\/\/golfecoledelair.fr\/wp-content\/uploads\/2026\/04\/Affiche-Mr-TOUR-768x1050.jpg 768w, https:\/\/golfecoledelair.fr\/wp-content\/uploads\/2026\/04\/Affiche-Mr-TOUR-1124x1536.jpg 1124w\" sizes=\"auto, (max-width: 500px) 100vw, 500px\" \/><br><br><a href=\"http:\/\/golfecoledelair.fr\/com%20sport\/r\u00e8glement monsieur golf 2026.pdf\" title=\"\"><strong>Monsieur Golf Tour, dimanche 10 mai 2026<\/strong><\/a><br><br><img decoding=\"async\" class=\"wp-image-7849\" style=\"width: 200px;\" src=\"https:\/\/golfecoledelair.fr\/wp-content\/uploads\/2025\/04\/Monsieur-golf.png\" alt=\"\"><\/td><\/tr><tr><td class=\"has-text-align-center\" data-align=\"center\"><img decoding=\"async\" style=\"width: 50px;\" src=\"https:\/\/golfecoledelair.fr\/wp-content\/uploads\/2021\/09\/Golfeuse02.png\" alt=\". .\"><br><a href=\"https:\/\/golfecoledelair.fr\/index.php\/photos\/\" title=\"\"><strong>Albums Photos<\/strong><\/a><br><img decoding=\"async\" style=\"width: 45px;\" src=\"https:\/\/golfecoledelair.fr\/wp-content\/uploads\/2021\/09\/Golfeur02b.png\" alt=\". .\"><\/td><\/tr><\/tbody><\/table><\/figure>\n\n\n\n<p><\/p>\n","protected":false},"excerpt":{"rendered":"<p>Les comp\u00e9titions club se d\u00e9roulent de septembre \u00e0 juin essentiellement le dimanche. Sauf cas particuliers, elle sont ouvertes aux joueurs ext\u00e9rieurs. Les joueurs s&rsquo;inscrivent sur &hellip;<\/p>\n","protected":false},"author":1,"featured_media":10115,"parent":0,"menu_order":0,"comment_status":"closed","ping_status":"closed","template":"","meta":{"om_disable_all_campaigns":false,"_monsterinsights_skip_tracking":false,"_monsterinsights_sitenote_active":false,"_monsterinsights_sitenote_note":"","_monsterinsights_sitenote_category":0,"footnotes":""},"class_list":["post-49","page","type-page","status-publish","has-post-thumbnail","hentry"],"aioseo_notices":[],"_links":{"self":[{"href":"https:\/\/golfecoledelair.fr\/index.php\/wp-json\/wp\/v2\/pages\/49","targetHints":{"allow":["GET"]}}],"collection":[{"href":"https:\/\/golfecoledelair.fr\/index.php\/wp-json\/wp\/v2\/pages"}],"about":[{"href":"https:\/\/golfecoledelair.fr\/index.php\/wp-json\/wp\/v2\/types\/page"}],"author":[{"embeddable":true,"href":"https:\/\/golfecoledelair.fr\/index.php\/wp-json\/wp\/v2\/users\/1"}],"replies":[{"embeddable":true,"href":"https:\/\/golfecoledelair.fr\/index.php\/wp-json\/wp\/v2\/comments?post=49"}],"version-history":[{"count":630,"href":"https:\/\/golfecoledelair.fr\/index.php\/wp-json\/wp\/v2\/pages\/49\/revisions"}],"predecessor-version":[{"id":10191,"href":"https:\/\/golfecoledelair.fr\/index.php\/wp-json\/wp\/v2\/pages\/49\/revisions\/10191"}],"wp:featuredmedia":[{"embeddable":true,"href":"https:\/\/golfecoledelair.fr\/index.php\/wp-json\/wp\/v2\/media\/10115"}],"wp:attachment":[{"href":"https:\/\/golfecoledelair.fr\/index.php\/wp-json\/wp\/v2\/media?parent=49"}],"curies":[{"name":"wp","href":"https:\/\/api.w.org\/{rel}","templated":true}]}}