{"id":51,"date":"2021-08-13T22:09:53","date_gmt":"2021-08-13T20:09:53","guid":{"rendered":"https:\/\/golfecoledelair.fr\/?page_id=51"},"modified":"2026-04-18T21:57:34","modified_gmt":"2026-04-18T19:57:34","slug":"competitions-equipes-dames","status":"publish","type":"page","link":"https:\/\/golfecoledelair.fr\/index.php\/competitions-equipes-dames\/","title":{"rendered":"Comp\u00e9titions interclubs Dames"},"content":{"rendered":"<h5>Comp\u00e9titions amicales :<\/h5>\n<p>\u00a0 \u00a0 \u00a0 \u00a0 \u00a0 \u00a0 \u00a0 \u00a0Le scramble des Reines : janvier de chaque ann\u00e9e, scramble sur 9 trous.<\/p>\n<p style=\"text-align: center;\"><a href=\"http:\/\/golfecoledelair.fr\/compet \u00e9quipes\/reines\/r\u00e9sultats 2026.pdf\"><strong>R\u00e9sultats du 25 janvier 2026<\/strong><\/a><\/p>\n<p style=\"text-align: center;\"><strong><a title=\"Diaporamas\" href=\"https:\/\/golfecoledelair.fr\/index.php\/photos-2026\/\">Photos 2026<\/a><\/strong><\/p>\n<p style=\"text-align: center;\"><span style=\"color: #000000;\"><img loading=\"lazy\" decoding=\"async\" class=\"alignnone  wp-image-1095\" src=\"https:\/\/golfecoledelair.fr\/wp-content\/uploads\/2021\/09\/Golfeuse02.png\" alt=\". .\" width=\"62\" height=\"72\" \/><\/span><\/p>\n<h5><span style=\"color: #000000;\"><strong>Provence Ladies Cup :<\/strong><\/span><\/h5>\n<p style=\"padding-left: 40px; text-align: center;\"><span style=\"color: #000000;\">Capitaine d\u2019\u00e9quipe : Isabelle Toussaint \/ Catherine Chavoutier<\/span><\/p>\n<p style=\"padding-left: 40px;\"><span style=\"color: #000000;\"><strong>Infos de la Capitaine :<\/strong><\/span><\/p>\n<p style=\"padding-left: 40px;\"><span style=\"color: #000000;\">Les comp\u00e9titions ont lieu le jeudi de mars \u00e0 novembre.\u00a012 clubs de la r\u00e9gion participent. Les \u00e9quipes sont compos\u00e9es de 8 joueuses de plus de 35 ans et d&rsquo;index compris entre 5 et 35.\u00a0En d\u00e9but d\u2019ann\u00e9e civile, le calendrier est officialis\u00e9 et envoy\u00e9 par mail \u00e0 toutes les joueuses du club. La capitaine envoie un mail 3 semaines environ avant la comp\u00e9tition.<\/span><\/p>\n<p style=\"padding-left: 40px;\"><span style=\"color: #000000;\"><strong>Inscriptions : <\/strong>Les joueuses s\u2019inscrivent par mail aupr\u00e8s de la capitaine.<\/span><\/p>\n<p style=\"padding-left: 40px;\"><span style=\"color: #000000;\"><strong>D\u00e9placements :<\/strong> Les frais (d\u00e9placement, green-fees&#8230;) sont \u00e0 la charges des joueuses avec cependant des tarifs pr\u00e9f\u00e9rentiels pour le green-fees ce qui permet de jouer sur de beaux parcours \u00e0 des prix int\u00e9ressants (environ 40\u20ac en fonction des clubs). Pour les d\u00e9placements le covoiturage est privil\u00e9gi\u00e9.<\/span><\/p>\n<p style=\"padding-left: 40px;\"><span style=\"color: #000000;\"><strong>Tenues :<\/strong> Les joueuses portent les tenues repr\u00e9sentatives du club, bas blanc l\u2019\u00e9t\u00e9, marine ou noir l\u2019hiver, haut bleu marine, pull bleu, doudoune bleue.<\/span><\/p>\n<p style=\"text-align: center;\"><strong><a href=\"http:\/\/golfecoledelair.fr\/compet \u00e9quipes\/ladies cup\/r\u00e8glement ladies cup 2022.pdf\" data-wplink-url-error=\"true\">R\u00e8glement<\/a><\/strong><\/p>\n<h5 style=\"text-align: center;\"><em><strong><a href=\"http:\/\/golfecoledelair.fr\/compet \u00e9quipes\/ladies cup\/calendrier ladies cup 2026.pdf\" data-wplink-url-error=\"true\">Calendrier 2026<\/a><\/strong><\/em><\/h5>\n<p style=\"text-align: center;\"><span style=\"color: #ffffff;\">*<\/span><\/p>\n<p style=\"text-align: center;\"><a href=\"http:\/\/golfecoledelair.fr\/compet \u00e9quipes\/ladies cup\/r\u00e9sultats 2022.pdf\">R\u00e9sultats 2022<\/a>\u00a0 \u00a0 \u00a0 \u00a0 \u00a0 \u00a0 \u00a0 \u00a0 \u00a0 \u00a0<a href=\"http:\/\/golfecoledelair.fr\/compet \u00e9quipes\/ladies cup\/r\u00e9sultats 2023.pdf\">R\u00e9sultats 2023<\/a> \u00a0 \u00a0 \u00a0 \u00a0 \u00a0 \u00a0 \u00a0 \u00a0 \u00a0 <a href=\"http:\/\/golfecoledelair.fr\/compet \u00e9quipes\/ladies cup\/r\u00e9sultats 2024.pdf\" data-wplink-url-error=\"true\">R\u00e9sultats 2024<\/a> \u00a0\u00a0\u00a0\u00a0 \u00a0 \u00a0 \u00a0 \u00a0 \u00a0 \u00a0 \u00a0 \u00a0 <a href=\"http:\/\/golfecoledelair.fr\/compet \u00e9quipes\/ladies cup\/r\u00e9sultats 2025.pdf\" data-wplink-url-error=\"true\">R\u00e9sultats 2025<\/a> \u00a0\u00a0\u00a0 \u00a0 \u00a0 \u00a0 \u00a0 \u00a0 \u00a0 \u00a0 \u00a0 \u00a0<strong><a href=\"http:\/\/golfecoledelair.fr\/compet \u00e9quipes\/ladies cup\/r\u00e9sultats 2026.pdf\" data-wplink-url-error=\"true\">R\u00e9sultats 2026<\/a><\/strong><\/p>\n<p style=\"text-align: center;\"><a href=\"https:\/\/golfecoledelair.fr\/index.php\/photos-2022\/\">Photos 2022<\/a>\u00a0 \u00a0 \u00a0 \u00a0 \u00a0 \u00a0 \u00a0 \u00a0 \u00a0 \u00a0 \u00a0 <a title=\"Diaporamas\" href=\"https:\/\/golfecoledelair.fr\/index.php\/photos-2023\/\">Photos 2023<\/a>\u00a0 \u00a0 \u00a0 \u00a0 \u00a0 \u00a0 \u00a0 \u00a0 \u00a0 \u00a0 \u00a0 <a href=\"https:\/\/golfecoledelair.fr\/index.php\/photos-2024\/\">Photos 2024<\/a>\u00a0 \u00a0 \u00a0 \u00a0 \u00a0 \u00a0 \u00a0 \u00a0 \u00a0 \u00a0 \u00a0 \u00a0 \u00a0<a href=\"https:\/\/golfecoledelair.fr\/index.php\/photos-2025\/\">Photos 2025<\/a>\u00a0 \u00a0 \u00a0 \u00a0 \u00a0 \u00a0 \u00a0 \u00a0 \u00a0 \u00a0 \u00a0 \u00a0 \u00a0 <strong><a href=\"https:\/\/golfecoledelair.fr\/index.php\/photos-2026\/\">Photos 2026<\/a>\u00a0<\/strong><\/p>\n<p style=\"text-align: center;\"><img loading=\"lazy\" decoding=\"async\" class=\"alignnone  wp-image-1095\" src=\"https:\/\/golfecoledelair.fr\/wp-content\/uploads\/2021\/09\/Golfeuse02.png\" alt=\". .\" width=\"62\" height=\"72\" \/><\/p>\n<h5><span style=\"color: #000000;\"><strong>La Lucienne (ex DSPLA) <\/strong><strong>:<\/strong><\/span><\/h5>\n<p style=\"padding-left: 40px; text-align: center;\"><span style=\"color: #000000;\">Capitaine d&rsquo;\u00e9quipe : Martine Nicole \/ Jo\u00eblle Dormoy<\/span><\/p>\n<p><span style=\"color: #000000;\"><strong>Infos de la Capitaine :<\/strong><\/span><\/p>\n<p style=\"padding-left: 40px;\"><span style=\"color: #000000;\">Interclub Senior.<\/span><\/p>\n<p style=\"padding-left: 40px;\"><span style=\"color: #000000;\">Comp\u00e9tition en scramble par \u00e9quipe de deux.<\/span><\/p>\n<p style=\"padding-left: 40px;\"><span style=\"color: #000000;\">Inscriptions par mail.<\/span><\/p>\n<p style=\"text-align: center;\"><strong><a href=\"http:\/\/golfecoledelair.fr\/compet \u00e9quipes\/lucienne\/r\u00e8glement 2023.pdf\" data-wplink-url-error=\"true\">R\u00e8glement<\/a><\/strong><\/p>\n<h5 style=\"text-align: center;\"><em><strong><a href=\"http:\/\/golfecoledelair.fr\/compet \u00e9quipes\/lucienne\/calendrier 2026.pdf\" data-wplink-url-error=\"true\">Calendrier 2026<\/a><\/strong><\/em><\/h5>\n<p style=\"text-align: center;\"><span style=\"color: #ffffff;\">*<\/span><\/p>\n<p style=\"text-align: center;\"><a href=\"http:\/\/golfecoledelair.fr\/compet \u00e9quipes\/lucienne\/r\u00e9sultats 2022.pdf\">R\u00e9sultats 2022<\/a>\u00a0 \u00a0 \u00a0 \u00a0 \u00a0 \u00a0 \u00a0 \u00a0 \u00a0 \u00a0<a href=\"http:\/\/golfecoledelair.fr\/compet \u00e9quipes\/lucienne\/r\u00e9sultats 2023.pdf\">R\u00e9sultats 2023<\/a> \u00a0 \u00a0 \u00a0 \u00a0 \u00a0 \u00a0 \u00a0 \u00a0 \u00a0 <a href=\"http:\/\/golfecoledelair.fr\/compet \u00e9quipes\/lucienne\/r\u00e9sultats 2024.pdf\">R\u00e9sultats 2024<\/a> \u00a0 \u00a0 \u00a0 \u00a0 \u00a0 \u00a0 \u00a0 \u00a0 \u00a0 <a href=\"http:\/\/golfecoledelair.fr\/compet \u00e9quipes\/lucienne\/r\u00e9sultats 2025.pdf\" data-wplink-url-error=\"true\">R\u00e9sultats 2025<\/a> \u00a0\u00a0 \u00a0 \u00a0 \u00a0 \u00a0 \u00a0 \u00a0 \u00a0<strong><a href=\"http:\/\/golfecoledelair.fr\/compet \u00e9quipes\/lucienne\/r\u00e9sultats 2026.pdf\">R\u00e9sultats 2026<\/a><\/strong><\/p>\n<p style=\"text-align: center;\"><a href=\"https:\/\/golfecoledelair.fr\/index.php\/photos-2022\/\">Photos 2022<\/a>\u00a0 \u00a0 \u00a0 \u00a0 \u00a0 \u00a0 \u00a0 \u00a0 \u00a0 \u00a0 \u00a0<a title=\"Diaporamas\" href=\"https:\/\/golfecoledelair.fr\/index.php\/photos-2023\/\">Photos 2023<\/a>\u00a0 \u00a0 \u00a0 \u00a0 \u00a0 \u00a0 \u00a0 \u00a0 \u00a0 \u00a0 \u00a0 <a href=\"https:\/\/golfecoledelair.fr\/index.php\/photos-2024\/\">Photos 2024<\/a>\u00a0 \u00a0 \u00a0 \u00a0 \u00a0 \u00a0 \u00a0 \u00a0 \u00a0 \u00a0 \u00a0<a href=\"https:\/\/golfecoledelair.fr\/index.php\/photos-2025\/\">Photos 2025<\/a>\u00a0 \u00a0 \u00a0 \u00a0 \u00a0 \u00a0 \u00a0 \u00a0 \u00a0 \u00a0\u00a0<strong> <a href=\"https:\/\/golfecoledelair.fr\/index.php\/photos-2026\/\">Photos 2026<\/a><\/strong><\/p>\n<p style=\"text-align: center;\"><img loading=\"lazy\" decoding=\"async\" class=\"alignnone  wp-image-1095\" src=\"https:\/\/golfecoledelair.fr\/wp-content\/uploads\/2021\/09\/Golfeuse02.png\" alt=\". .\" width=\"62\" height=\"72\" \/><\/p>\n\n\n<p class=\"has-text-align-center\"><\/p>\n\n\n\n<p><\/p>\n","protected":false},"excerpt":{"rendered":"<p>Comp\u00e9titions amicales : \u00a0 \u00a0 \u00a0 \u00a0 \u00a0 \u00a0 \u00a0 \u00a0Le scramble des Reines : janvier de chaque ann\u00e9e, scramble sur 9 trous. R\u00e9sultats du &hellip;<\/p>\n","protected":false},"author":1,"featured_media":10118,"parent":0,"menu_order":0,"comment_status":"closed","ping_status":"closed","template":"","meta":{"om_disable_all_campaigns":false,"_monsterinsights_skip_tracking":false,"_monsterinsights_sitenote_active":false,"_monsterinsights_sitenote_note":"","_monsterinsights_sitenote_category":0,"footnotes":""},"class_list":["post-51","page","type-page","status-publish","has-post-thumbnail","hentry"],"aioseo_notices":[],"_links":{"self":[{"href":"https:\/\/golfecoledelair.fr\/index.php\/wp-json\/wp\/v2\/pages\/51","targetHints":{"allow":["GET"]}}],"collection":[{"href":"https:\/\/golfecoledelair.fr\/index.php\/wp-json\/wp\/v2\/pages"}],"about":[{"href":"https:\/\/golfecoledelair.fr\/index.php\/wp-json\/wp\/v2\/types\/page"}],"author":[{"embeddable":true,"href":"https:\/\/golfecoledelair.fr\/index.php\/wp-json\/wp\/v2\/users\/1"}],"replies":[{"embeddable":true,"href":"https:\/\/golfecoledelair.fr\/index.php\/wp-json\/wp\/v2\/comments?post=51"}],"version-history":[{"count":161,"href":"https:\/\/golfecoledelair.fr\/index.php\/wp-json\/wp\/v2\/pages\/51\/revisions"}],"predecessor-version":[{"id":9499,"href":"https:\/\/golfecoledelair.fr\/index.php\/wp-json\/wp\/v2\/pages\/51\/revisions\/9499"}],"wp:featuredmedia":[{"embeddable":true,"href":"https:\/\/golfecoledelair.fr\/index.php\/wp-json\/wp\/v2\/media\/10118"}],"wp:attachment":[{"href":"https:\/\/golfecoledelair.fr\/index.php\/wp-json\/wp\/v2\/media?parent=51"}],"curies":[{"name":"wp","href":"https:\/\/api.w.org\/{rel}","templated":true}]}}