{"id":5742,"date":"2024-04-09T22:31:57","date_gmt":"2024-04-09T20:31:57","guid":{"rendered":"https:\/\/golfecoledelair.fr\/?page_id=5742"},"modified":"2026-02-16T18:11:58","modified_gmt":"2026-02-16T17:11:58","slug":"competitions-ligue-paca-dames","status":"publish","type":"page","link":"https:\/\/golfecoledelair.fr\/index.php\/competitions-ligue-paca-dames\/","title":{"rendered":"Comp\u00e9titions Ligue PACA Dames"},"content":{"rendered":"<h5><strong>Comp\u00e9titions de la ligue<\/strong> Provence-Alpes-C\u00f4te d\u2019Azur Dames:<\/h5>\n<p style=\"text-align: center;\"><span style=\"color: #ffffff;\">*<\/span><\/p>\n<p style=\"text-align: center;\"><a href=\"https:\/\/liguegolfpaca.org\/wp-content\/uploads\/2026\/01\/Calendrier-Ligue-2026-site-23.01.26.pdf\"><strong>Calendrier 2026<\/strong><\/a><\/p>\n<p style=\"text-align: center;\"><a href=\"https:\/\/liguegolfpaca.org\/wp-content\/uploads\/2025\/12\/58.-Divisions-Ligue.pdf\"><strong>Divisions<\/strong><\/a><\/p>\n<p style=\"text-align: center;\"><img loading=\"lazy\" decoding=\"async\" class=\"alignnone  wp-image-1095 aligncenter\" src=\"https:\/\/golfecoledelair.fr\/wp-content\/uploads\/2021\/09\/Golfeuse02.png\" alt=\". .\" width=\"62\" height=\"72\" \/><\/p>\n<ul>\n<li>\n<h5><strong>Championnat de ligue par \u00e9quipes 2\u00e8me division Dames\u00a0<\/strong><\/h5>\n<\/li>\n<\/ul>\n<p style=\"text-align: left; padding-left: 360px;\">Capitaine d\u2019\u00e9quipe : <strong>Marisette Cal\u00e9gari<\/strong><\/p>\n<ul>\n<li style=\"list-style-type: none;\">\n<ul>\n<li style=\"list-style-type: none;\">\n<ul>\n<li style=\"list-style-type: none;\">\n<ul>\n<li style=\"list-style-type: none;\">\n<ul>\n<li style=\"list-style-type: none;\">\n<ul>\n<li><a href=\"http:\/\/golfecoledelair.fr\/compet%20%C3%A9quipes\/ligue%20dames\/2022-2divequipesdames.pdf\" data-wplink-url-error=\"true\">R\u00e9sultats 2 &amp; 3 avril 2022 Servanes<\/a>\u00a0 \u00a0 \u00a0 \u00a0 \u00a0 \u00a0 \u00a0 \u00a0 \u00a0 \u00a0 \u00a0 \u00a0 \u00a0\u00a0 \u00a0\u00a0 <a href=\"https:\/\/golfecoledelair.fr\/index.php\/photos-2022\/\">Photos 2022<\/a><\/li>\n<\/ul>\n<\/li>\n<\/ul>\n<\/li>\n<\/ul>\n<\/li>\n<\/ul>\n<\/li>\n<\/ul>\n<\/li>\n<\/ul>\n<p><img loading=\"lazy\" decoding=\"async\" class=\"alignnone  wp-image-1095 aligncenter\" src=\"https:\/\/golfecoledelair.fr\/wp-content\/uploads\/2021\/09\/Golfeuse02.png\" alt=\". .\" width=\"62\" height=\"72\" \/><\/p>\n<ul>\n<li>\n<h5>Championnat de ligue par \u00e9quipes Promotion Mid-Amateurs Dames<\/h5>\n<ul>\n<li style=\"list-style-type: none;\">\n<ul>\n<li style=\"list-style-type: none;\">\n<ul>\n<li style=\"list-style-type: none;\">\n<ul>\n<li style=\"list-style-type: none;\">\n<ul>\n<li style=\"text-align: left;\"><a href=\"http:\/\/golfecoledelair.fr\/compet%20%C3%A9quipes\/ligue%20dames\/2023-midamequipedames.pdf\">R\u00e9sultats 27 &amp; 28 mai 2023 Miramas<\/a>\u00a0 \u00a0 \u00a0 \u00a0 \u00a0 \u00a0 \u00a0 \u00a0 \u00a0 \u00a0 \u00a0 \u00a0 \u00a0 \u00a0 <a href=\"https:\/\/golfecoledelair.fr\/index.php\/photos-2023\/\">Photos 2023<\/a><\/li>\n<li style=\"text-align: left;\"><a href=\"http:\/\/golfecoledelair.fr\/compet%20%C3%A9quipes\/ligue%20dames\/2024-midamequipedames.pdf\">R\u00e9sultats 4 et 5 mai 2024 Ch\u00e2teau l\u2019Arc<\/a>\u00a0 \u00a0 \u00a0 \u00a0 \u00a0 \u00a0 \u00a0 \u00a0 \u00a0 \u00a0 \u00a0 \u00a0 <a href=\"https:\/\/golfecoledelair.fr\/index.php\/photos-2024\/\">Photos 2024<\/a><\/li>\n<li style=\"text-align: left;\"><a href=\"https:\/\/liguegolfpaca.org\/wp-content\/uploads\/2025\/05\/Resultats-Promo-MA-Dames-2025-SP.pdf\" data-wplink-url-error=\"true\">R\u00e9sultats 10 et 11 mai 2025 Aix en Provence <\/a>\u00a0 \u00a0 \u00a0 \u00a0 \u00a0 \u00a0 \u00a0 \u00a0<a href=\"https:\/\/golfecoledelair.fr\/index.php\/photos-2025\/\">Photos 2025<\/a><\/li>\n<\/ul>\n<\/li>\n<\/ul>\n<\/li>\n<\/ul>\n<\/li>\n<\/ul>\n<\/li>\n<\/ul>\n<\/li>\n<\/ul>\n<p style=\"text-align: center;\"><img loading=\"lazy\" decoding=\"async\" class=\"alignnone  wp-image-1095 aligncenter\" src=\"https:\/\/golfecoledelair.fr\/wp-content\/uploads\/2021\/09\/Golfeuse02.png\" alt=\". .\" width=\"62\" height=\"72\" \/><\/p>\n<ul>\n<li>\n<h5>Championnat de ligue par \u00e9quipes promotion s\u00e9niors Dames 2024<\/h5>\n<ul>\n<li style=\"list-style-type: none;\">\n<ul>\n<li style=\"list-style-type: none;\">\n<ul>\n<li style=\"list-style-type: none;\">\n<ul>\n<li style=\"list-style-type: none;\">\n<ul>\n<li style=\"text-align: left;\"><a href=\"https:\/\/golfecoledelair.fr\/compet%20%C3%A9quipes\/ligue%20dames\/2024-promoseniorsdames.pdf\">R\u00e9sultats des 14 et 15 juin 2024 Golf de la Cabre d&rsquo;Or<\/a>\u00a0 \u00a0 \u00a0 \u00a0 \u00a0 \u00a0 \u00a0 \u00a0 \u00a0 \u00a0 <a href=\"https:\/\/golfecoledelair.fr\/index.php\/photos-2024\/\">Photos 2024<\/a><\/li>\n<li style=\"text-align: left;\"><a href=\"https:\/\/liguegolfpaca.org\/wp-content\/uploads\/2025\/06\/Resultats-Promo-SD-SP.pdf\">R\u00e9sultats des 13 et 14 juin 2025 Golf de Gap Bayard<\/a>\u00a0 \u00a0 \u00a0 \u00a0 \u00a0 \u00a0 \u00a0 \u00a0 \u00a0 \u00a0 \u00a0 \u00a0<a href=\"https:\/\/golfecoledelair.fr\/index.php\/photos-2025\/\">Photos 2025<\/a><\/li>\n<\/ul>\n<\/li>\n<\/ul>\n<\/li>\n<\/ul>\n<\/li>\n<\/ul>\n<\/li>\n<\/ul>\n<\/li>\n<\/ul>\n<p><img loading=\"lazy\" decoding=\"async\" class=\"alignnone  wp-image-1095 aligncenter\" src=\"https:\/\/golfecoledelair.fr\/wp-content\/uploads\/2021\/09\/Golfeuse02.png\" alt=\". .\" width=\"62\" height=\"72\" \/><\/p>\n\n\n<p><\/p>\n","protected":false},"excerpt":{"rendered":"<p>Comp\u00e9titions de la ligue Provence-Alpes-C\u00f4te d\u2019Azur Dames: * Calendrier 2026 Divisions Championnat de ligue par \u00e9quipes 2\u00e8me division Dames\u00a0 Capitaine d\u2019\u00e9quipe : Marisette Cal\u00e9gari R\u00e9sultats &hellip;<\/p>\n","protected":false},"author":1,"featured_media":5892,"parent":0,"menu_order":0,"comment_status":"closed","ping_status":"closed","template":"","meta":{"om_disable_all_campaigns":false,"_monsterinsights_skip_tracking":false,"_monsterinsights_sitenote_active":false,"_monsterinsights_sitenote_note":"","_monsterinsights_sitenote_category":0,"footnotes":""},"class_list":["post-5742","page","type-page","status-publish","has-post-thumbnail","hentry"],"aioseo_notices":[],"_links":{"self":[{"href":"https:\/\/golfecoledelair.fr\/index.php\/wp-json\/wp\/v2\/pages\/5742","targetHints":{"allow":["GET"]}}],"collection":[{"href":"https:\/\/golfecoledelair.fr\/index.php\/wp-json\/wp\/v2\/pages"}],"about":[{"href":"https:\/\/golfecoledelair.fr\/index.php\/wp-json\/wp\/v2\/types\/page"}],"author":[{"embeddable":true,"href":"https:\/\/golfecoledelair.fr\/index.php\/wp-json\/wp\/v2\/users\/1"}],"replies":[{"embeddable":true,"href":"https:\/\/golfecoledelair.fr\/index.php\/wp-json\/wp\/v2\/comments?post=5742"}],"version-history":[{"count":54,"href":"https:\/\/golfecoledelair.fr\/index.php\/wp-json\/wp\/v2\/pages\/5742\/revisions"}],"predecessor-version":[{"id":9542,"href":"https:\/\/golfecoledelair.fr\/index.php\/wp-json\/wp\/v2\/pages\/5742\/revisions\/9542"}],"wp:featuredmedia":[{"embeddable":true,"href":"https:\/\/golfecoledelair.fr\/index.php\/wp-json\/wp\/v2\/media\/5892"}],"wp:attachment":[{"href":"https:\/\/golfecoledelair.fr\/index.php\/wp-json\/wp\/v2\/media?parent=5742"}],"curies":[{"name":"wp","href":"https:\/\/api.w.org\/{rel}","templated":true}]}}