{"id":5796,"date":"2024-04-11T16:42:04","date_gmt":"2024-04-11T14:42:04","guid":{"rendered":"https:\/\/golfecoledelair.fr\/?page_id=5796"},"modified":"2026-02-09T23:02:27","modified_gmt":"2026-02-09T22:02:27","slug":"competitions-ligue-paca","status":"publish","type":"page","link":"https:\/\/golfecoledelair.fr\/index.php\/competitions-ligue-paca\/","title":{"rendered":"Comp\u00e9titions FFG et Ligue PACA"},"content":{"rendered":"\n<figure class=\"wp-block-table has-normal-font-size\"><table class=\"has-background\" style=\"background-color:#ffc105\"><tbody><tr><td class=\"has-text-align-center\" data-align=\"center\"><br><br><br><br><a href=\"https:\/\/liguegolfpaca.org\/\" title=\"\"><img loading=\"lazy\" decoding=\"async\" width=\"250\" height=\"105\" class=\"wp-image-5797\" style=\"width: 250px;\" src=\"https:\/\/golfecoledelair.fr\/wp-content\/uploads\/2024\/04\/Logo-ligue-PACA.png\" alt=\"\" srcset=\"https:\/\/golfecoledelair.fr\/wp-content\/uploads\/2024\/04\/Logo-ligue-PACA.png 792w, https:\/\/golfecoledelair.fr\/wp-content\/uploads\/2024\/04\/Logo-ligue-PACA-300x126.png 300w, https:\/\/golfecoledelair.fr\/wp-content\/uploads\/2024\/04\/Logo-ligue-PACA-768x323.png 768w, https:\/\/golfecoledelair.fr\/wp-content\/uploads\/2024\/04\/Logo-ligue-PACA-632x266.png 632w\" sizes=\"auto, (max-width: 250px) 100vw, 250px\" \/><\/a><br><br><br><strong><a href=\"https:\/\/liguegolfpaca.org\/wp-content\/uploads\/2026\/01\/Calendrier-Ligue-2026-site-23.01.26.pdf\" title=\"\">Calendrier 2026<\/a><\/strong><br><br><strong><a href=\"https:\/\/liguegolfpaca.org\/wp-content\/uploads\/2025\/12\/58.-Divisions-Ligue.pdf\" title=\"\">Divisions<\/a><\/strong><br><br><img decoding=\"async\" style=\"width: 70px;\" src=\"https:\/\/golfecoledelair.fr\/wp-content\/uploads\/2021\/09\/Golfeuse02.png\" alt=\". .\"><br><a href=\"https:\/\/golfecoledelair.fr\/index.php\/competitions-ligue-paca-dames\/\" title=\"\"><strong>Comp\u00e9titions Ligue PACA Dames<\/strong><\/a><br><br><img decoding=\"async\" style=\"width: 65px;\" src=\"https:\/\/golfecoledelair.fr\/wp-content\/uploads\/2021\/09\/Golfeur02b.png\" alt=\". .\"><br><br><a href=\"https:\/\/golfecoledelair.fr\/index.php\/competitions-equipes-messieurs\/\" title=\"\"><strong>Comp\u00e9titions Ligue PACA Messieurs<\/strong><\/a><br><br><br><strong><a href=\"https:\/\/golfecoledelair.fr\/index.php\/competitions-ffg-messieurs\/\" title=\"\">Comp\u00e9titions FFG Messieurs<\/a><\/strong><br><br><br><\/td><\/tr><\/tbody><\/table><\/figure>\n","protected":false},"excerpt":{"rendered":"<p>Calendrier 2026 Divisions Comp\u00e9titions Ligue PACA Dames Comp\u00e9titions Ligue PACA Messieurs Comp\u00e9titions FFG Messieurs<\/p>\n","protected":false},"author":1,"featured_media":5818,"parent":0,"menu_order":0,"comment_status":"closed","ping_status":"closed","template":"","meta":{"om_disable_all_campaigns":false,"_monsterinsights_skip_tracking":false,"_monsterinsights_sitenote_active":false,"_monsterinsights_sitenote_note":"","_monsterinsights_sitenote_category":0,"footnotes":""},"class_list":["post-5796","page","type-page","status-publish","has-post-thumbnail","hentry"],"aioseo_notices":[],"_links":{"self":[{"href":"https:\/\/golfecoledelair.fr\/index.php\/wp-json\/wp\/v2\/pages\/5796","targetHints":{"allow":["GET"]}}],"collection":[{"href":"https:\/\/golfecoledelair.fr\/index.php\/wp-json\/wp\/v2\/pages"}],"about":[{"href":"https:\/\/golfecoledelair.fr\/index.php\/wp-json\/wp\/v2\/types\/page"}],"author":[{"embeddable":true,"href":"https:\/\/golfecoledelair.fr\/index.php\/wp-json\/wp\/v2\/users\/1"}],"replies":[{"embeddable":true,"href":"https:\/\/golfecoledelair.fr\/index.php\/wp-json\/wp\/v2\/comments?post=5796"}],"version-history":[{"count":18,"href":"https:\/\/golfecoledelair.fr\/index.php\/wp-json\/wp\/v2\/pages\/5796\/revisions"}],"predecessor-version":[{"id":9495,"href":"https:\/\/golfecoledelair.fr\/index.php\/wp-json\/wp\/v2\/pages\/5796\/revisions\/9495"}],"wp:featuredmedia":[{"embeddable":true,"href":"https:\/\/golfecoledelair.fr\/index.php\/wp-json\/wp\/v2\/media\/5818"}],"wp:attachment":[{"href":"https:\/\/golfecoledelair.fr\/index.php\/wp-json\/wp\/v2\/media?parent=5796"}],"curies":[{"name":"wp","href":"https:\/\/api.w.org\/{rel}","templated":true}]}}