{"id":63,"date":"2021-08-13T22:12:53","date_gmt":"2021-08-13T20:12:53","guid":{"rendered":"https:\/\/golfecoledelair.fr\/?page_id=63"},"modified":"2025-07-19T13:01:53","modified_gmt":"2025-07-19T11:01:53","slug":"infos-pratiques","status":"publish","type":"page","link":"https:\/\/golfecoledelair.fr\/index.php\/infos-pratiques\/","title":{"rendered":"Infos pratiques"},"content":{"rendered":"\n<figure class=\"wp-block-table\"><table class=\"has-electric-grass-gradient-background has-background has-fixed-layout\"><tbody><tr><td class=\"has-text-align-center\" data-align=\"center\"><br><span class=\"has-inline-color has-black-color\"><strong>Adresse postale :<\/strong><br>Golf de l&rsquo;\u00c9cole de l&rsquo;Air et de l&rsquo;Espace<br>Base a\u00e9rienne 701<br>Chemin Saint Jean<br>13300 SALON DE PROVENCE<\/span><br><\/td><td class=\"has-text-align-center\" data-align=\"center\"><br><mark style=\"background-color:rgba(0, 0, 0, 0)\" class=\"has-inline-color has-black-color\"><strong>Accueil R\u00e9servations :<\/strong><\/mark><br><a href=\"https:\/\/baseaerienne.reservations-golf.fr\/\" title=\"\">Espace de r\u00e9servation en ligne<\/a><mark style=\"background-color:rgba(0, 0, 0, 0)\" class=\"has-inline-color has-black-color\"><br><\/mark>Courriel : <mark style=\"background-color:rgba(0, 0, 0, 0)\" class=\"has-inline-color has-black-color\"><a href=\"mailto:accueilgolf.ecoleair@hotmail.com\">accueilgolf.ecoleair@hotmail.com<\/a><br>T\u00e8l : <strong>04 13 93 83 61<\/strong><\/mark><strong> \u00e0 partir de 09 h 00<\/strong><\/td><\/tr><\/tbody><\/table><\/figure>\n\n\n\n<figure class=\"wp-block-table is-style-regular\"><table class=\"has-electric-grass-gradient-background has-background\"><tbody><tr><td class=\"has-text-align-center\" data-align=\"center\"><br><span class=\"has-inline-color has-black-color\"><strong>Courriel du Club :<\/strong><\/span><br><span class=\"has-inline-color has-black-color\"><br><a href=\"mailto:golf-ecole-air@wanadoo.fr\">golf-ecole-air@wanadoo.fr<\/a><\/span><br><br><\/td><\/tr><\/tbody><\/table><\/figure>\n\n\n\n<figure class=\"wp-block-table\"><table class=\"has-electric-grass-gradient-background has-background\"><tbody><tr><td class=\"has-text-align-center\" data-align=\"center\"><br><strong><span class=\"has-inline-color has-black-color\"><a href=\"https:\/\/earth.google.com\/web\/@43.61734249,5.11655643,62.51770693a,2953.85079375d,35y,-0.00003817h,0.58795811t,0r\/data=MicKJQojCiExeTUxeHJUTXJXYTcyQ3M2R0ozY3RpQTFaVzlWcDVrUFc?utm_source=earth7&amp;utm_campaign=vine&amp;hl=fr\" target=\"_blank\" rel=\"noreferrer noopener\">Plan d&rsquo;acc\u00e8s Earh<\/a><\/span><br><\/strong><a href=\"https:\/\/www.google.fr\/maps\/place\/Golf+de+l'Ecole+de+l'Air+et+de+l'Espace\/@43.6167339,5.117239,662m\/data=!3m2!1e3!4b1!4m5!3m4!1s0x12c9ff34f40584e5:0x4ea31bd8edae08b9!8m2!3d43.61673!4d5.1194277\" target=\"_blank\" rel=\"noreferrer noopener\"><strong>Plan d&rsquo;acc\u00e8s Map<\/strong><br><\/a><\/td><td class=\"has-text-align-center\" data-align=\"center\"><br><mark style=\"background-color:rgba(0, 0, 0, 0)\" class=\"has-inline-color has-black-color\"><strong>Coordonn\u00e9es g\u00e9ographiques :<\/strong><br>Latitude : 43\u00b0 37&prime; 00&Prime; N<br>Longitude : 05\u00b0 07&prime; 10&Prime; E<\/mark><br><br><\/td><td class=\"has-text-align-center\" data-align=\"center\"><br><a href=\"https:\/\/meteofrance.com\/previsions-meteo-france\/salon-de-provence\/13300\" target=\"_blank\" rel=\"noopener\" title=\"\"><strong>M\u00e9t\u00e9o locale<\/strong><\/a><\/td><\/tr><\/tbody><\/table><\/figure>\n\n\n\n<figure class=\"wp-block-table\"><table class=\"has-pale-ocean-gradient-background has-background has-fixed-layout\"><tbody><tr><td class=\"has-text-align-center\" data-align=\"center\"><\/td><td class=\"has-text-align-center\" data-align=\"center\"><br><strong><span class=\"has-inline-color has-black-color\">Ouverture <\/span><\/strong><br><strong><span class=\"has-inline-color has-black-color\">du club house &amp; proshop<\/span><\/strong><\/td><td class=\"has-text-align-center\" data-align=\"center\"><\/td><\/tr><tr><td class=\"has-text-align-center\" data-align=\"center\"><strong><span class=\"has-inline-color has-headings-color\">Horaire d&rsquo;\u00e9t\u00e9<\/span><\/strong><br><strong>fin mars<\/strong> (passage heure d&rsquo;\u00e9t\u00e9)<br><strong>\u00e0 fin octobre<\/strong> (passage heure d&rsquo;hiver)<\/td><td class=\"has-text-align-center\" data-align=\"center\"><span class=\"has-inline-color has-headings-color\"><strong>Horaire d&rsquo;hiver<\/strong><\/span><br><strong>fin octobre<\/strong> (passage heure d&rsquo;hiver)<span class=\"has-inline-color has-headings-color\"><br>jusqu&rsquo;au <strong>31 janvier<\/strong><\/span><\/td><td class=\"has-text-align-center\" data-align=\"center\"><span class=\"has-inline-color has-headings-color\"><strong>Horaire d&rsquo;hiver<\/strong><br>du <strong>1er f\u00e9vrier<\/strong><\/span><br><span class=\"has-inline-color has-headings-color\"><strong>\u00e0 fin mars<\/strong><\/span> (passage heure d&rsquo;\u00e9t\u00e9)<\/td><\/tr><tr><td class=\"has-text-align-center\" data-align=\"center\"><span class=\"has-inline-color has-headings-color\">08 h &#8211; 19 h 00<\/span><br><\/td><td class=\"has-text-align-center\" data-align=\"center\"><span class=\"has-inline-color has-headings-color\">08 h 00 &#8211; 17 h 30<\/span><br><\/td><td class=\"has-text-align-center\" data-align=\"center\"><span class=\"has-inline-color has-headings-color\">08 h 00 &#8211; 18 h 00<\/span><br><\/td><\/tr><\/tbody><\/table><\/figure>\n\n\n\n<figure class=\"wp-block-table\"><table class=\"has-pale-ocean-gradient-background has-background\"><tbody><tr><td class=\"has-text-align-center\" data-align=\"center\"><span class=\"has-inline-color has-black-color\">Pas de service de restauration sur place<\/span><\/td><\/tr><\/tbody><\/table><\/figure>\n\n\n\n<figure class=\"wp-block-table\"><table class=\"has-pale-ocean-gradient-background has-background\"><tbody><tr><td class=\"has-text-align-center\" data-align=\"center\"><br><strong><span style=\"color:#000000\" class=\"has-inline-color\">Fermeture annuelle du golf :<\/span><\/strong><br><br><span class=\"has-inline-color has-black-color\">Le golf est ferm\u00e9 les 24, 25, 31 d\u00e9cembre ainsi que le 1er janvier.<\/span><br><br><\/td><\/tr><\/tbody><\/table><\/figure>\n\n\n\n<p><\/p>\n","protected":false},"excerpt":{"rendered":"<p>Adresse postale :Golf de l&rsquo;\u00c9cole de l&rsquo;Air et de l&rsquo;EspaceBase a\u00e9rienne 701Chemin Saint Jean13300 SALON DE PROVENCE Accueil R\u00e9servations :Espace de r\u00e9servation en ligneCourriel : &hellip;<\/p>\n","protected":false},"author":1,"featured_media":5875,"parent":0,"menu_order":0,"comment_status":"closed","ping_status":"closed","template":"","meta":{"om_disable_all_campaigns":false,"_monsterinsights_skip_tracking":false,"_monsterinsights_sitenote_active":false,"_monsterinsights_sitenote_note":"","_monsterinsights_sitenote_category":0,"footnotes":""},"class_list":["post-63","page","type-page","status-publish","has-post-thumbnail","hentry"],"aioseo_notices":[],"_links":{"self":[{"href":"https:\/\/golfecoledelair.fr\/index.php\/wp-json\/wp\/v2\/pages\/63","targetHints":{"allow":["GET"]}}],"collection":[{"href":"https:\/\/golfecoledelair.fr\/index.php\/wp-json\/wp\/v2\/pages"}],"about":[{"href":"https:\/\/golfecoledelair.fr\/index.php\/wp-json\/wp\/v2\/types\/page"}],"author":[{"embeddable":true,"href":"https:\/\/golfecoledelair.fr\/index.php\/wp-json\/wp\/v2\/users\/1"}],"replies":[{"embeddable":true,"href":"https:\/\/golfecoledelair.fr\/index.php\/wp-json\/wp\/v2\/comments?post=63"}],"version-history":[{"count":47,"href":"https:\/\/golfecoledelair.fr\/index.php\/wp-json\/wp\/v2\/pages\/63\/revisions"}],"predecessor-version":[{"id":8613,"href":"https:\/\/golfecoledelair.fr\/index.php\/wp-json\/wp\/v2\/pages\/63\/revisions\/8613"}],"wp:featuredmedia":[{"embeddable":true,"href":"https:\/\/golfecoledelair.fr\/index.php\/wp-json\/wp\/v2\/media\/5875"}],"wp:attachment":[{"href":"https:\/\/golfecoledelair.fr\/index.php\/wp-json\/wp\/v2\/media?parent=63"}],"curies":[{"name":"wp","href":"https:\/\/api.w.org\/{rel}","templated":true}]}}