{"id":6413,"date":"2024-06-23T21:03:49","date_gmt":"2024-06-23T19:03:49","guid":{"rendered":"https:\/\/golfecoledelair.fr\/?page_id=6413"},"modified":"2025-06-24T17:46:12","modified_gmt":"2025-06-24T15:46:12","slug":"competitions-ffg-messieurs","status":"publish","type":"page","link":"https:\/\/golfecoledelair.fr\/index.php\/competitions-ffg-messieurs\/","title":{"rendered":"Comp\u00e9titions FFG Messieurs"},"content":{"rendered":"<h5>Comp\u00e9titions FFG Messieurs<\/h5>\n<p><img loading=\"lazy\" decoding=\"async\" class=\"wp-image-1093 aligncenter\" src=\"https:\/\/golfecoledelair.fr\/wp-content\/uploads\/2021\/09\/Golfeur02b.png\" alt=\". .\" width=\"56\" height=\"65\" \/><\/p>\n<ul>\n<li>\n<h5><strong>Championnat de France par \u00e9quipes Promotion mid-amateur Messieurs (Inter R\u00e9gions Sud Est), 20 au 22 juin 2024, Golf du Luberon<\/strong><\/h5>\n<ul>\n<li style=\"list-style-type: none;\">\n<ul>\n<li style=\"list-style-type: none;\">\n<ul>\n<li>Capitaine : Arnaud Leroux<\/li>\n<li>Le club se maintient en 4\u00e8me division national\u00a0 \u00a0 \u00a0 \u00a0 \u00a0 \u00a0 \u00a0 \u00a0 \u00a0\u00a0<a href=\"https:\/\/golfecoledelair.fr\/index.php\/photos-2025\/\">Photos<\/a><\/li>\n<\/ul>\n<\/li>\n<\/ul>\n<\/li>\n<\/ul>\n<\/li>\n<\/ul>\n<p style=\"text-align: center;\"><img loading=\"lazy\" decoding=\"async\" class=\"alignnone wp-image-8383\" src=\"https:\/\/golfecoledelair.fr\/wp-content\/uploads\/2025\/06\/1200x800-300x200.jpg\" alt=\"\" width=\"1000\" height=\"667\" srcset=\"https:\/\/golfecoledelair.fr\/wp-content\/uploads\/2025\/06\/1200x800-300x200.jpg 300w, https:\/\/golfecoledelair.fr\/wp-content\/uploads\/2025\/06\/1200x800-1024x683.jpg 1024w, https:\/\/golfecoledelair.fr\/wp-content\/uploads\/2025\/06\/1200x800-768x512.jpg 768w, https:\/\/golfecoledelair.fr\/wp-content\/uploads\/2025\/06\/1200x800-450x300.jpg 450w, https:\/\/golfecoledelair.fr\/wp-content\/uploads\/2025\/06\/1200x800.jpg 1200w\" sizes=\"auto, (max-width: 1000px) 100vw, 1000px\" \/><\/p>\n<p style=\"text-align: center;\">Nicolas BARBE, Michael LEON, MIYAMOTO Katsuo, Kevin THIBAULT, Ga\u00ebl HARDY, G\u00e9raud PERIAT, Vincent NORMAND, Pierrick MOREAU, Arnaud LEROUX. (Absent sur la photo : Patrick HUBERTY)<\/p>\n<ul>\n<li>\n<h5><strong>Championnat de France par \u00e9quipes Promotion mid-amateur Messieurs (Inter R\u00e9gions Sud Est), 21 au 23 juin 2024, Golf de Miramas<\/strong><\/h5>\n<ul>\n<li style=\"list-style-type: none;\">\n<ul>\n<li style=\"list-style-type: none;\">\n<ul>\n<li>Capitaine : Arnaud Leroux<\/li>\n<li>Le club acc\u00e8de en 4\u00e8me division nationale\u00a0 \u00a0 \u00a0 \u00a0 \u00a0 \u00a0 \u00a0 \u00a0 \u00a0 \u00a0 \u00a0 \u00a0 \u00a0 <a href=\"https:\/\/golfecoledelair.fr\/index.php\/photos-2024\/\">Photos<\/a><\/li>\n<\/ul>\n<\/li>\n<\/ul>\n<\/li>\n<\/ul>\n<\/li>\n<\/ul>\n<p style=\"text-align: center;\"><img loading=\"lazy\" decoding=\"async\" class=\"alignnone wp-image-6434 size-large\" src=\"https:\/\/golfecoledelair.fr\/wp-content\/uploads\/2024\/06\/2024-06-22-23-france-par-equipe-promomidammessieursIR-SUD-EST-3a-1024x708.jpg\" alt=\"\" width=\"1024\" height=\"708\" srcset=\"https:\/\/golfecoledelair.fr\/wp-content\/uploads\/2024\/06\/2024-06-22-23-france-par-equipe-promomidammessieursIR-SUD-EST-3a-1024x708.jpg 1024w, https:\/\/golfecoledelair.fr\/wp-content\/uploads\/2024\/06\/2024-06-22-23-france-par-equipe-promomidammessieursIR-SUD-EST-3a-300x207.jpg 300w, https:\/\/golfecoledelair.fr\/wp-content\/uploads\/2024\/06\/2024-06-22-23-france-par-equipe-promomidammessieursIR-SUD-EST-3a-768x531.jpg 768w, https:\/\/golfecoledelair.fr\/wp-content\/uploads\/2024\/06\/2024-06-22-23-france-par-equipe-promomidammessieursIR-SUD-EST-3a-1536x1062.jpg 1536w, https:\/\/golfecoledelair.fr\/wp-content\/uploads\/2024\/06\/2024-06-22-23-france-par-equipe-promomidammessieursIR-SUD-EST-3a-434x300.jpg 434w, https:\/\/golfecoledelair.fr\/wp-content\/uploads\/2024\/06\/2024-06-22-23-france-par-equipe-promomidammessieursIR-SUD-EST-3a.jpg 1600w\" sizes=\"auto, (max-width: 1024px) 100vw, 1024px\" \/><\/p>\n<p style=\"text-align: center;\">Michael BEGLEY, Kevin THIBAULT, Arnaud LEROUX, Katsuo MIYAMOTO, Ga\u00ebl HARDY<\/p>\n<p style=\"text-align: center;\">Vincent NORMAND, J\u00e9raud PERIAT, Fabrice AYOUB, Arthur JOSIEN<\/p>\n\n\n<p><\/p>\n","protected":false},"excerpt":{"rendered":"<p>Comp\u00e9titions FFG Messieurs Championnat de France par \u00e9quipes Promotion mid-amateur Messieurs (Inter R\u00e9gions Sud Est), 20 au 22 juin 2024, Golf du Luberon Capitaine : &hellip;<\/p>\n","protected":false},"author":1,"featured_media":6418,"parent":0,"menu_order":0,"comment_status":"closed","ping_status":"closed","template":"","meta":{"om_disable_all_campaigns":false,"_monsterinsights_skip_tracking":false,"_monsterinsights_sitenote_active":false,"_monsterinsights_sitenote_note":"","_monsterinsights_sitenote_category":0,"footnotes":""},"class_list":["post-6413","page","type-page","status-publish","has-post-thumbnail","hentry"],"aioseo_notices":[],"_links":{"self":[{"href":"https:\/\/golfecoledelair.fr\/index.php\/wp-json\/wp\/v2\/pages\/6413","targetHints":{"allow":["GET"]}}],"collection":[{"href":"https:\/\/golfecoledelair.fr\/index.php\/wp-json\/wp\/v2\/pages"}],"about":[{"href":"https:\/\/golfecoledelair.fr\/index.php\/wp-json\/wp\/v2\/types\/page"}],"author":[{"embeddable":true,"href":"https:\/\/golfecoledelair.fr\/index.php\/wp-json\/wp\/v2\/users\/1"}],"replies":[{"embeddable":true,"href":"https:\/\/golfecoledelair.fr\/index.php\/wp-json\/wp\/v2\/comments?post=6413"}],"version-history":[{"count":16,"href":"https:\/\/golfecoledelair.fr\/index.php\/wp-json\/wp\/v2\/pages\/6413\/revisions"}],"predecessor-version":[{"id":8394,"href":"https:\/\/golfecoledelair.fr\/index.php\/wp-json\/wp\/v2\/pages\/6413\/revisions\/8394"}],"wp:featuredmedia":[{"embeddable":true,"href":"https:\/\/golfecoledelair.fr\/index.php\/wp-json\/wp\/v2\/media\/6418"}],"wp:attachment":[{"href":"https:\/\/golfecoledelair.fr\/index.php\/wp-json\/wp\/v2\/media?parent=6413"}],"curies":[{"name":"wp","href":"https:\/\/api.w.org\/{rel}","templated":true}]}}