{"id":6465,"date":"2024-07-02T17:46:53","date_gmt":"2024-07-02T15:46:53","guid":{"rendered":"https:\/\/golfecoledelair.fr\/?page_id=6465"},"modified":"2025-10-24T19:03:13","modified_gmt":"2025-10-24T17:03:13","slug":"assemblee-generale","status":"publish","type":"page","link":"https:\/\/golfecoledelair.fr\/index.php\/assemblee-generale\/","title":{"rendered":"Assembl\u00e9e G\u00e9n\u00e9rale"},"content":{"rendered":"<h4 style=\"text-align: center;\"><span style=\"color: #000000;\"><strong>Assembl\u00e9es G\u00e9n\u00e9rales 2025<\/strong><\/span><\/h4>\n<p style=\"text-align: center;\">***<\/p>\n<p>Les assembl\u00e9es g\u00e9n\u00e9rales 2025 se d\u00e9rouleront le <strong>vendredi 14 novembre 2025 \u00e0 17 h 00 dans l&rsquo;amphith\u00e9\u00e2tre Marin La Mesl\u00e9e.<\/strong><\/p>\n<p>Elles comprendront chronologiquement :<\/p>\n<h5 style=\"padding-left: 40px;\"><span style=\"color: #008000;\">Une assembl\u00e9e g\u00e9n\u00e9rale ordinaire :<\/span><\/h5>\n<p>dont l&rsquo;ordre du jour est le suivant :<\/p>\n<ul>\n<li style=\"list-style-type: none;\">\n<ul>\n<li style=\"list-style-type: none;\">\n<ul>\n<li style=\"list-style-type: none;\">\n<ul>\n<li style=\"list-style-type: none;\">\n<ul>\n<li style=\"list-style-type: none;\">\n<ul>\n<li style=\"list-style-type: none;\">\n<ul>\n<li>Rapport moral et sportif,<\/li>\n<li>Rapport financier 2024-2025,<\/li>\n<li>Budget pr\u00e9visionnel 2025-2026,<\/li>\n<li>Programme d&rsquo;activit\u00e9s 2025-2026,<\/li>\n<li style=\"text-align: left;\">Questions diverses.<\/li>\n<\/ul>\n<\/li>\n<\/ul>\n<\/li>\n<\/ul>\n<\/li>\n<\/ul>\n<\/li>\n<\/ul>\n<\/li>\n<\/ul>\n<\/li>\n<\/ul>\n<h5 style=\"padding-left: 40px;\"><span style=\"color: #339966;\"><span style=\"color: #008000;\">Une assembl\u00e9e g\u00e9n\u00e9rale \u00e0 majorit\u00e9 particuli\u00e8re<\/span> :<\/span><\/h5>\n<p>seule comp\u00e9tente pour ent\u00e9riner les modifications des statuts et r\u00e8glement int\u00e9rieur \u00e9labor\u00e9es par le comit\u00e9 directeur.<\/p>\n<p>Vous trouverez les changements propos\u00e9s aux liens ci apr\u00e8s :<\/p>\n<ul>\n<li style=\"list-style-type: none;\">\n<ul>\n<li style=\"list-style-type: none;\">\n<ul>\n<li style=\"list-style-type: none;\">\n<ul>\n<li style=\"list-style-type: none;\">\n<ul>\n<li style=\"list-style-type: none;\">\n<ul>\n<li style=\"list-style-type: none;\">\n<ul>\n<li><strong><a href=\"https:\/\/golfecoledelair.fr\/doc ag\/modif statuts.pdf\">Modifications des statuts<\/a>\u00a0 + une annexe :\u00a0 <a href=\"https:\/\/golfecoledelair.fr\/doc ag\/contrat r\u00e9publicain.pdf\">Contrat d&rsquo;engagement r\u00e9publicain<\/a><\/strong><\/li>\n<li style=\"text-align: left;\"><strong><a href=\"https:\/\/golfecoledelair.fr\/doc ag\/modif r\u00e8glement.pdf\">Modifications du r\u00e8glement int\u00e9rieur<\/a><\/strong><\/li>\n<\/ul>\n<\/li>\n<\/ul>\n<\/li>\n<\/ul>\n<\/li>\n<\/ul>\n<\/li>\n<\/ul>\n<\/li>\n<\/ul>\n<\/li>\n<\/ul>\n<h5 style=\"padding-left: 40px;\"><span style=\"color: #008000;\">Procurations :<\/span><\/h5>\n<p>L\u2019AG ne d\u00e9lib\u00e8re valablement que si au moins la moiti\u00e9 des membres de l\u2019association, \u00e0 jour de leur cotisation, sont pr\u00e9sents ou repr\u00e9sent\u00e9s, conform\u00e9ment aux statuts en cours \u00a0<a href=\"https:\/\/golfecoledelair.fr\/index.php\/statuts\/\">Titre V, article 20 R\u00e8gles communes<\/a>.<\/p>\n<p>Si vous ne pouvez \u00eatre pr\u00e9sent,\u00a0 vous trouverez en annexe du courriel \u00e9manant du club et \u00e9galement \u00e0 l&rsquo;accueil du club, \u00a0le formulaire de procuration. Il devra \u00eatre<span style=\"color: #ff0000;\"><strong> \u00e9tabli nominativement<\/strong><\/span> et <span style=\"color: #ff0000;\"><strong>remis au mandataire pr\u00e9sent le jour des assembl\u00e9es<\/strong><\/span> pour \u00eatre valide.<\/p>\n<p>Il est \u00e9galement rappel\u00e9, <a href=\"https:\/\/golfecoledelair.fr\/index.php\/reglement-interieur\/\">R\u00e8glement int\u00e9rieur Titre II, article 5,<\/a>\u00a0que le nombre de pouvoirs dont peut disposer un membre est <strong><span style=\"color: #ff0000;\">limit\u00e9 \u00e0 10<\/span><\/strong>, dont le sien.<\/p>\n<ul>\n<li style=\"list-style-type: none;\">\n<ul>\n<li style=\"list-style-type: none;\">\n<ul>\n<li style=\"list-style-type: none;\">\n<ul>\n<li style=\"list-style-type: none;\">\n<ul>\n<li style=\"list-style-type: none;\">\n<ul>\n<li style=\"list-style-type: none;\">\n<ul>\n<li style=\"text-align: left;\"><strong><a href=\"https:\/\/golfecoledelair.fr\/doc ag\/procuration.pdf\" data-wplink-url-error=\"true\">Exemplaire de procuration \u00e0 t\u00e9l\u00e9charger<\/a><\/strong><\/li>\n<\/ul>\n<\/li>\n<\/ul>\n<\/li>\n<\/ul>\n<\/li>\n<\/ul>\n<\/li>\n<\/ul>\n<\/li>\n<\/ul>\n<\/li>\n<\/ul>\n<h5 style=\"padding-left: 40px;\"><span style=\"color: #008000;\"><strong>Questions diverses :<\/strong><\/span><\/h5>\n<p>Chaque membre peut de plein droit demander des informations sur le club et son fonctionnement.<\/p>\n<p>Les questions devront \u00eatre adress\u00e9es au club, soit par \u00e9crit, soit par mail \u00e0 <a href=\"mailto:golf-ecole-air@wanadoo.fr\">golf-ecole-air@wanadoo.fr<\/a> et parvenir avant le 1er novembre 2025.<\/p>\n<p>Elles seront trait\u00e9es lors de l&rsquo;AG ordinaire.<\/p>\n\n\n<p><\/p>\n","protected":false},"excerpt":{"rendered":"<p>Assembl\u00e9es G\u00e9n\u00e9rales 2025 *** Les assembl\u00e9es g\u00e9n\u00e9rales 2025 se d\u00e9rouleront le vendredi 14 novembre 2025 \u00e0 17 h 00 dans l&rsquo;amphith\u00e9\u00e2tre Marin La Mesl\u00e9e. Elles &hellip;<\/p>\n","protected":false},"author":1,"featured_media":8869,"parent":0,"menu_order":0,"comment_status":"closed","ping_status":"closed","template":"","meta":{"om_disable_all_campaigns":false,"_monsterinsights_skip_tracking":false,"_monsterinsights_sitenote_active":false,"_monsterinsights_sitenote_note":"","_monsterinsights_sitenote_category":0,"footnotes":""},"class_list":["post-6465","page","type-page","status-publish","has-post-thumbnail","hentry"],"aioseo_notices":[],"_links":{"self":[{"href":"https:\/\/golfecoledelair.fr\/index.php\/wp-json\/wp\/v2\/pages\/6465","targetHints":{"allow":["GET"]}}],"collection":[{"href":"https:\/\/golfecoledelair.fr\/index.php\/wp-json\/wp\/v2\/pages"}],"about":[{"href":"https:\/\/golfecoledelair.fr\/index.php\/wp-json\/wp\/v2\/types\/page"}],"author":[{"embeddable":true,"href":"https:\/\/golfecoledelair.fr\/index.php\/wp-json\/wp\/v2\/users\/1"}],"replies":[{"embeddable":true,"href":"https:\/\/golfecoledelair.fr\/index.php\/wp-json\/wp\/v2\/comments?post=6465"}],"version-history":[{"count":75,"href":"https:\/\/golfecoledelair.fr\/index.php\/wp-json\/wp\/v2\/pages\/6465\/revisions"}],"predecessor-version":[{"id":8998,"href":"https:\/\/golfecoledelair.fr\/index.php\/wp-json\/wp\/v2\/pages\/6465\/revisions\/8998"}],"wp:featuredmedia":[{"embeddable":true,"href":"https:\/\/golfecoledelair.fr\/index.php\/wp-json\/wp\/v2\/media\/8869"}],"wp:attachment":[{"href":"https:\/\/golfecoledelair.fr\/index.php\/wp-json\/wp\/v2\/media?parent=6465"}],"curies":[{"name":"wp","href":"https:\/\/api.w.org\/{rel}","templated":true}]}}