{"id":8571,"date":"2025-07-17T10:47:12","date_gmt":"2025-07-17T08:47:12","guid":{"rendered":"https:\/\/golfecoledelair.fr\/?page_id=8571"},"modified":"2025-09-17T14:57:07","modified_gmt":"2025-09-17T12:57:07","slug":"trophee-2025-les-ailes-brisees","status":"publish","type":"page","link":"https:\/\/golfecoledelair.fr\/index.php\/trophee-2025-les-ailes-brisees\/","title":{"rendered":"Troph\u00e9e 2025 Les Ailes Bris\u00e9es"},"content":{"rendered":"\n<figure class=\"wp-block-table has-large-font-size\"><table class=\"has-sitetext-color has-text-color has-background has-link-color has-fixed-layout\" style=\"background:linear-gradient(135deg,rgb(2,3,129) 0%,rgb(100,154,247) 33%)\"><tbody><tr><td class=\"has-text-align-center\" data-align=\"center\"><br><img loading=\"lazy\" decoding=\"async\" width=\"300\" height=\"169\" class=\"wp-image-8596\" style=\"width: 300px;\" src=\"https:\/\/golfecoledelair.fr\/wp-content\/uploads\/2025\/07\/Ailes-Brisees.gif\" alt=\"\"><br><img decoding=\"async\" style=\"width: 50px;\" src=\"https:\/\/golfecoledelair.fr\/wp-content\/uploads\/2022\/06\/Golfeur-mixte01-150x150.png\" alt=\". .\"><br><img loading=\"lazy\" decoding=\"async\" width=\"800\" height=\"1131\" class=\"wp-image-8675\" style=\"width: 800px;\" src=\"https:\/\/golfecoledelair.fr\/wp-content\/uploads\/2025\/08\/Affiche-AB-2025-8e.jpg\" alt=\"\" srcset=\"https:\/\/golfecoledelair.fr\/wp-content\/uploads\/2025\/08\/Affiche-AB-2025-8e.jpg 794w, https:\/\/golfecoledelair.fr\/wp-content\/uploads\/2025\/08\/Affiche-AB-2025-8e-212x300.jpg 212w, https:\/\/golfecoledelair.fr\/wp-content\/uploads\/2025\/08\/Affiche-AB-2025-8e-724x1024.jpg 724w, https:\/\/golfecoledelair.fr\/wp-content\/uploads\/2025\/08\/Affiche-AB-2025-8e-768x1086.jpg 768w\" sizes=\"auto, (max-width: 800px) 100vw, 800px\" \/><br><br><strong><a href=\"https:\/\/mibc-fr-06.mailinblack.com\/securelink\/?url=https:\/\/www.helloasso.com&amp;key=eyJsYW5nIjoiRlIiLCJ1cmwiOiJodHRwczovL3d3dy5oZWxsb2Fzc28uY29tL2Fzc29jaWF0aW9ucy9sZXMtYWlsZXMtYnJpc2Vlcy9ldmVuZW1lbnRzL2NvdXBlLWRlLWdvbGYtY2FyaXRhdGl2ZS1kdS1zYW1lZGktMTMtc2VwdGVtYnJlLTIiLCJ0b2tlbiI6ImdBQUFBQUJvZWpiTzNjMVRXTXhreDBTX0tNZFNjNW5DMlRrVVZ2Y1o3bTltWEZHUEcyVDlGaENJQndKb2NqQmszU042MHFRdl96czU0YlpRSXpCYkNYeThLQVg3Qmc0MzcyYnN0Zk94ZUlKUHFqRXp0dWhaSVNYRXM5V1Z2NmhQNVJBTEswTDZMb2Voc1BBa2pROUdpWkZWMTFncHZpQmR0dXR4S1dDcXFQR2IzYlBLcXB4U1J2VkZkY3pzNHBuYW1fdmxxU1RLamo4SGgtWHFacXBUZFNKcVFacXJHeGFlMzBzb2dBNzY5UzRBX2lLRGh2cHRrazRWMjlPUGZSQk1fTUNlUlhoMWdVZ2REWDRXUUhSQkQ1Z1loZjAtbDVmSjVuYUlRXzFpeV81Q0l2SjBuRTRsNE9mZC0yM0pLTnY0bmZ6cWdnTFhsMUt6In0=\" title=\"\">Merci pour votre r\u00e8glement anticip\u00e9 avec le lien HELLOASSO<\/a><\/strong><br><br><img decoding=\"async\" style=\"width: 50px;\" src=\"https:\/\/golfecoledelair.fr\/wp-content\/uploads\/2022\/06\/Golfeur-mixte01-150x150.png\" alt=\". .\"><br><a href=\"http:\/\/golfecoledelair.fr\/compet troph\u00e9e ailes bris\u00e9es\/2025\/reglement ailes brisees.pdf\" title=\"\">R\u00e8glement d\u00e9taill\u00e9 de l&rsquo;\u00e9preuve<\/a><br><a href=\"https:\/\/golfecoledelair.fr\/compet troph\u00e9e ailes bris\u00e9es\/2025\/d\u00e9parts1.pdf\" title=\"\">D\u00e9parts<\/a><br><a href=\"https:\/\/golfecoledelair.fr\/compet troph\u00e9e ailes bris\u00e9es\/2025\/r\u00e9sultats1.pdf\" title=\"\">R\u00e9sultats<\/a><br><br>\t\t<div id=\"album_gallery_4319\"\n\t\t\tclass=\"awp_center\">\n\t\t\t\t\t\t\t<div class=\" col-md-4 col-lg-4 col-sm-4 col-xs-6 \n\t\t\t\t\t\t\">\n\t\t\t\t\t\t\t\t\t\t\t<!-- None Effect -->\n\t\t\t\t\t\t<a href=\"\n\t\t\t\t\thttps:\/\/golfecoledelair.fr\/wp-content\/uploads\/2021\/09\/Golfeuse02.png\t\t\t\t\t\" \t\t\t\t\t\t\tclass=\"swipebox-4319\" title=\"Golfeuse02\">\n\t\t\t\t\t\t\t<img decoding=\"async\" src=\"https:\/\/golfecoledelair.fr\/wp-content\/uploads\/2021\/09\/Golfeuse02.png\" class=\"animated wobble\"\n\t\t\t\t\t\t\t\talt=\"Golfeuse02\">\n\t\t\t\t\t\t<\/a>\n\t\t\t\t\t\t\t\t\t<\/div>\n\t\t\t\t\t<\/div>\n<style>\n\t.awp_center {\n\t\ttext-align: center !important;\n\t}\n\n\t.fifth-effect .mask {\n\t\tborder: 100px solid rgba(0, 0, 0, 0.7);\n\t}\n\n\t.col-lg-12 .stack {\n\t\tmargin: 3% 36%;\n\t}\n\n\t.col-lg-12 .view {\n\t\tmargin: 5% 37%;\n\t}\n\n\t.col-lg-6 .stack {\n\t\tmargin: 6% 22%;\n\t}\n\n\t.col-lg-6 .view {\n\t\tmargin: 5% 22%;\n\t}\n\n\t.col-lg-4 .stack {\n\t\tmargin: 10% 7%;\n\t}\n\n\t.col-lg-4 .view {\n\t\tmargin: 5% 6%;\n\t}\n\n\t.col-lg-3 .stack {\n\t\tmargin: 15% 3%;\n\t}\n\n\t.col-lg-3 .view {\n\t\tmargin: 5% 1%;\n\t}\n\n\n\t.fifth-effect .mask {\n\t\tborder: 100px solid rgba(0, 0, 0, 0.7);\n\t}\n\n\t.fifth-effect .mask {\n\t\tborder: 100px solid rgba(0, 0, 0, 0.7);\n\t}\n\n\t.view {\n\t\tmargin: 0 0 5% 0%;\n\t\tmargin: 5% 0%;\n\t\t\t}\n\n\t.mask {\n\t\tcursor: pointer;\n\t}\n<\/style>\n<script type=\"application\/javascript\">\n\tjQuery(document).ready(function() {\n\t\t\/\/ PhotoBox\n\t\tjQuery('#album_gallery_4319').photobox('a');\n\t\t\/\/ or with a fancier selector and some settings, and a callback:\n\t\tjQuery('#album_gallery_4319').photobox('a:first', {\n\t\t\tthumbs: false,\n\t\t\ttime: 0\n\t\t}, imageLoaded);\n\n\t\tfunction imageLoaded() {\n\t\t\tconsole.log('image has been loaded...');\n\t\t}\n\n\n\t\t\/\/Isotope function for masonary\n\t\tvar $grid = jQuery('.album_gallery_main').isotope({\n\t\t\t\/\/ options...\n\t\t\titemSelector: '.album_gallery_single',\n\t\t});\n\t\t\/\/ layout Isotope after each image loads\n\t\t$grid.imagesLoaded().progress(function() {\n\t\t\t$grid.isotope('layout');\n\t\t});\n\t});\n<\/script> \t\t<div id=\"album_gallery_8580\"\n\t\t\tclass=\"awp_center\">\n\t\t\t\t\t\t\t<div class=\" col-md-4 col-lg-4 col-sm-4 col-xs-6 \n\t\t\t\t\t\t\">\n\t\t\t\t\t\n\t\t\t\t\t\t<!-- Stacks Hover Effect -->\n\t\t\t\t\t\t<a href=\"https:\/\/golfecoledelair.fr\/wp-content\/uploads\/2025\/07\/Logo-Ailes-brisees-1a.png\t\t\t\t\t\" \t\t\t\t\t\t\tclass=\"swipebox-8580\" title=\"\">\n\t\t\t\t\t\t\t<div class=\"group\">\n\t\t\t\t\t\t\t\t<div class=\"stack twisted animated wobble\">\n\t\t\t\t\t\t\t\t\t<img decoding=\"async\" src=\"https:\/\/golfecoledelair.fr\/wp-content\/uploads\/2025\/07\/Logo-Ailes-brisees-1a-300x300.png\" alt=\"\">\n\t\t\t\t\t\t\t\t<\/div>\n\t\t\t\t\t\t\t<\/div>\n\t\t\t\t\t\t<\/a>\n\t\t\t\t\t\t\t\t\t<\/div>\n\t\t\t\t\t\t\t<div class=\" col-md-4 col-lg-4 col-sm-4 col-xs-6 \n\t\t\thidden\t\t\t\">\n\t\t\t\t\t\n\t\t\t\t\t\t<!-- Stacks Hover Effect -->\n\t\t\t\t\t\t<a href=\"https:\/\/golfecoledelair.fr\/wp-content\/uploads\/2025\/09\/Ailes-Brisees-25-1-scaled.jpg\t\t\t\t\t\" \t\t\t\t\t\t\tclass=\"swipebox-8580\" title=\"Ailes Bris\u00e9es 25 (1)\">\n\t\t\t\t\t\t\t<div class=\"group\">\n\t\t\t\t\t\t\t\t<div class=\"stack twisted animated wobble\">\n\t\t\t\t\t\t\t\t\t<img decoding=\"async\" src=\"https:\/\/golfecoledelair.fr\/wp-content\/uploads\/2025\/09\/Ailes-Brisees-25-1-300x225.jpg\" alt=\"Ailes Bris\u00e9es 25 (1)\">\n\t\t\t\t\t\t\t\t<\/div>\n\t\t\t\t\t\t\t<\/div>\n\t\t\t\t\t\t<\/a>\n\t\t\t\t\t\t\t\t\t<\/div>\n\t\t\t\t\t\t\t<div class=\" col-md-4 col-lg-4 col-sm-4 col-xs-6 \n\t\t\thidden\t\t\t\">\n\t\t\t\t\t\n\t\t\t\t\t\t<!-- Stacks Hover Effect -->\n\t\t\t\t\t\t<a href=\"https:\/\/golfecoledelair.fr\/wp-content\/uploads\/2025\/09\/Ailes-Brisees-25-3-scaled.jpg\t\t\t\t\t\" \t\t\t\t\t\t\tclass=\"swipebox-8580\" title=\"Ailes Bris\u00e9es 25 (3)\">\n\t\t\t\t\t\t\t<div class=\"group\">\n\t\t\t\t\t\t\t\t<div class=\"stack twisted animated wobble\">\n\t\t\t\t\t\t\t\t\t<img decoding=\"async\" src=\"https:\/\/golfecoledelair.fr\/wp-content\/uploads\/2025\/09\/Ailes-Brisees-25-3-300x225.jpg\" alt=\"Ailes Bris\u00e9es 25 (3)\">\n\t\t\t\t\t\t\t\t<\/div>\n\t\t\t\t\t\t\t<\/div>\n\t\t\t\t\t\t<\/a>\n\t\t\t\t\t\t\t\t\t<\/div>\n\t\t\t\t\t\t\t<div class=\" col-md-4 col-lg-4 col-sm-4 col-xs-6 \n\t\t\thidden\t\t\t\">\n\t\t\t\t\t\n\t\t\t\t\t\t<!-- Stacks Hover Effect -->\n\t\t\t\t\t\t<a href=\"https:\/\/golfecoledelair.fr\/wp-content\/uploads\/2025\/09\/Ailes-Brisees-25-2-scaled.jpg\t\t\t\t\t\" \t\t\t\t\t\t\tclass=\"swipebox-8580\" title=\"Ailes Bris\u00e9es 25 (2)\">\n\t\t\t\t\t\t\t<div class=\"group\">\n\t\t\t\t\t\t\t\t<div class=\"stack twisted animated wobble\">\n\t\t\t\t\t\t\t\t\t<img decoding=\"async\" src=\"https:\/\/golfecoledelair.fr\/wp-content\/uploads\/2025\/09\/Ailes-Brisees-25-2-300x225.jpg\" alt=\"Ailes Bris\u00e9es 25 (2)\">\n\t\t\t\t\t\t\t\t<\/div>\n\t\t\t\t\t\t\t<\/div>\n\t\t\t\t\t\t<\/a>\n\t\t\t\t\t\t\t\t\t<\/div>\n\t\t\t\t\t\t\t<div class=\" col-md-4 col-lg-4 col-sm-4 col-xs-6 \n\t\t\thidden\t\t\t\">\n\t\t\t\t\t\n\t\t\t\t\t\t<!-- Stacks Hover Effect -->\n\t\t\t\t\t\t<a href=\"https:\/\/golfecoledelair.fr\/wp-content\/uploads\/2025\/09\/Ailes-Brisees-25-4-scaled.jpg\t\t\t\t\t\" \t\t\t\t\t\t\tclass=\"swipebox-8580\" title=\"Ailes Bris\u00e9es 25 (4)\">\n\t\t\t\t\t\t\t<div class=\"group\">\n\t\t\t\t\t\t\t\t<div class=\"stack twisted animated wobble\">\n\t\t\t\t\t\t\t\t\t<img decoding=\"async\" src=\"https:\/\/golfecoledelair.fr\/wp-content\/uploads\/2025\/09\/Ailes-Brisees-25-4-300x225.jpg\" alt=\"Ailes Bris\u00e9es 25 (4)\">\n\t\t\t\t\t\t\t\t<\/div>\n\t\t\t\t\t\t\t<\/div>\n\t\t\t\t\t\t<\/a>\n\t\t\t\t\t\t\t\t\t<\/div>\n\t\t\t\t\t<\/div>\n<style>\n\t.awp_center {\n\t\ttext-align: center !important;\n\t}\n\n\t.fifth-effect .mask {\n\t\tborder: 100px solid rgba(0, 0, 0, 0.7);\n\t}\n\n\t.col-lg-12 .stack {\n\t\tmargin: 3% 36%;\n\t}\n\n\t.col-lg-12 .view {\n\t\tmargin: 5% 37%;\n\t}\n\n\t.col-lg-6 .stack {\n\t\tmargin: 6% 22%;\n\t}\n\n\t.col-lg-6 .view {\n\t\tmargin: 5% 22%;\n\t}\n\n\t.col-lg-4 .stack {\n\t\tmargin: 10% 7%;\n\t}\n\n\t.col-lg-4 .view {\n\t\tmargin: 5% 6%;\n\t}\n\n\t.col-lg-3 .stack {\n\t\tmargin: 15% 3%;\n\t}\n\n\t.col-lg-3 .view {\n\t\tmargin: 5% 1%;\n\t}\n\n\n\t.fifth-effect .mask {\n\t\tborder: 100px solid rgba(0, 0, 0, 0.7);\n\t}\n\n\t.fifth-effect .mask {\n\t\tborder: 100px solid rgba(0, 0, 0, 0.7);\n\t}\n\n\t.view {\n\t\tmargin: 0 0 5% 0%;\n\t\tmargin: 5% 0%;\n\t\t\t}\n\n\t.mask {\n\t\tcursor: pointer;\n\t}\n<\/style>\n<script type=\"application\/javascript\">\n\tjQuery(document).ready(function() {\n\t\t\/\/ PhotoBox\n\t\tjQuery('#album_gallery_8580').photobox('a');\n\t\t\/\/ or with a fancier selector and some settings, and a callback:\n\t\tjQuery('#album_gallery_8580').photobox('a:first', {\n\t\t\tthumbs: false,\n\t\t\ttime: 0\n\t\t}, imageLoaded);\n\n\t\tfunction imageLoaded() {\n\t\t\tconsole.log('image has been loaded...');\n\t\t}\n\n\n\t\t\/\/Isotope function for masonary\n\t\tvar $grid = jQuery('.album_gallery_main').isotope({\n\t\t\t\/\/ options...\n\t\t\titemSelector: '.album_gallery_single',\n\t\t});\n\t\t\/\/ layout Isotope after each image loads\n\t\t$grid.imagesLoaded().progress(function() {\n\t\t\t$grid.isotope('layout');\n\t\t});\n\t});\n<\/script> \t\t<div id=\"album_gallery_4326\"\n\t\t\tclass=\"awp_center\">\n\t\t\t\t\t\t\t<div class=\" col-md-4 col-lg-4 col-sm-4 col-xs-6 \n\t\t\t\t\t\t\">\n\t\t\t\t\t\t\t\t\t\t\t<!-- None Effect -->\n\t\t\t\t\t\t<a href=\"\n\t\t\t\t\thttps:\/\/golfecoledelair.fr\/wp-content\/uploads\/2021\/09\/Golfeur02b.png\t\t\t\t\t\" \t\t\t\t\t\t\tclass=\"swipebox-4326\" title=\"Golfeur02b\">\n\t\t\t\t\t\t\t<img decoding=\"async\" src=\"https:\/\/golfecoledelair.fr\/wp-content\/uploads\/2021\/09\/Golfeur02b.png\" class=\"animated wobble\"\n\t\t\t\t\t\t\t\talt=\"Golfeur02b\">\n\t\t\t\t\t\t<\/a>\n\t\t\t\t\t\t\t\t\t<\/div>\n\t\t\t\t\t<\/div>\n<style>\n\t.awp_center {\n\t\ttext-align: center !important;\n\t}\n\n\t.fifth-effect .mask {\n\t\tborder: 100px solid rgba(0, 0, 0, 0.7);\n\t}\n\n\t.col-lg-12 .stack {\n\t\tmargin: 3% 36%;\n\t}\n\n\t.col-lg-12 .view {\n\t\tmargin: 5% 37%;\n\t}\n\n\t.col-lg-6 .stack {\n\t\tmargin: 6% 22%;\n\t}\n\n\t.col-lg-6 .view {\n\t\tmargin: 5% 22%;\n\t}\n\n\t.col-lg-4 .stack {\n\t\tmargin: 10% 7%;\n\t}\n\n\t.col-lg-4 .view {\n\t\tmargin: 5% 6%;\n\t}\n\n\t.col-lg-3 .stack {\n\t\tmargin: 15% 3%;\n\t}\n\n\t.col-lg-3 .view {\n\t\tmargin: 5% 1%;\n\t}\n\n\n\t.fifth-effect .mask {\n\t\tborder: 100px solid rgba(0, 0, 0, 0.7);\n\t}\n\n\t.fifth-effect .mask {\n\t\tborder: 100px solid rgba(0, 0, 0, 0.7);\n\t}\n\n\t.view {\n\t\tmargin: 0 0 5% 0%;\n\t\tmargin: 5% 0%;\n\t\t\t}\n\n\t.mask {\n\t\tcursor: pointer;\n\t}\n<\/style>\n<script type=\"application\/javascript\">\n\tjQuery(document).ready(function() {\n\t\t\/\/ PhotoBox\n\t\tjQuery('#album_gallery_4326').photobox('a');\n\t\t\/\/ or with a fancier selector and some settings, and a callback:\n\t\tjQuery('#album_gallery_4326').photobox('a:first', {\n\t\t\tthumbs: false,\n\t\t\ttime: 0\n\t\t}, imageLoaded);\n\n\t\tfunction imageLoaded() {\n\t\t\tconsole.log('image has been loaded...');\n\t\t}\n\n\n\t\t\/\/Isotope function for masonary\n\t\tvar $grid = jQuery('.album_gallery_main').isotope({\n\t\t\t\/\/ options...\n\t\t\titemSelector: '.album_gallery_single',\n\t\t});\n\t\t\/\/ layout Isotope after each image loads\n\t\t$grid.imagesLoaded().progress(function() {\n\t\t\t$grid.isotope('layout');\n\t\t});\n\t});\n<\/script><\/td><\/tr><\/tbody><\/table><\/figure>\n\n\n\n<p class=\"has-text-color has-link-color wp-elements-c89a6a9bd089a3683b4612c562dbe5c0\" style=\"color:#090909\"><\/p>\n\n\n\n<p><\/p>\n","protected":false},"excerpt":{"rendered":"<p>Merci pour votre r\u00e8glement anticip\u00e9 avec le lien HELLOASSO R\u00e8glement d\u00e9taill\u00e9 de l&rsquo;\u00e9preuveD\u00e9partsR\u00e9sultats<\/p>\n","protected":false},"author":1,"featured_media":8583,"parent":0,"menu_order":0,"comment_status":"closed","ping_status":"closed","template":"","meta":{"om_disable_all_campaigns":false,"_monsterinsights_skip_tracking":false,"_monsterinsights_sitenote_active":false,"_monsterinsights_sitenote_note":"","_monsterinsights_sitenote_category":0,"footnotes":""},"class_list":["post-8571","page","type-page","status-publish","has-post-thumbnail","hentry"],"aioseo_notices":[],"_links":{"self":[{"href":"https:\/\/golfecoledelair.fr\/index.php\/wp-json\/wp\/v2\/pages\/8571","targetHints":{"allow":["GET"]}}],"collection":[{"href":"https:\/\/golfecoledelair.fr\/index.php\/wp-json\/wp\/v2\/pages"}],"about":[{"href":"https:\/\/golfecoledelair.fr\/index.php\/wp-json\/wp\/v2\/types\/page"}],"author":[{"embeddable":true,"href":"https:\/\/golfecoledelair.fr\/index.php\/wp-json\/wp\/v2\/users\/1"}],"replies":[{"embeddable":true,"href":"https:\/\/golfecoledelair.fr\/index.php\/wp-json\/wp\/v2\/comments?post=8571"}],"version-history":[{"count":37,"href":"https:\/\/golfecoledelair.fr\/index.php\/wp-json\/wp\/v2\/pages\/8571\/revisions"}],"predecessor-version":[{"id":8820,"href":"https:\/\/golfecoledelair.fr\/index.php\/wp-json\/wp\/v2\/pages\/8571\/revisions\/8820"}],"wp:featuredmedia":[{"embeddable":true,"href":"https:\/\/golfecoledelair.fr\/index.php\/wp-json\/wp\/v2\/media\/8583"}],"wp:attachment":[{"href":"https:\/\/golfecoledelair.fr\/index.php\/wp-json\/wp\/v2\/media?parent=8571"}],"curies":[{"name":"wp","href":"https:\/\/api.w.org\/{rel}","templated":true}]}}